{"id":19480,"date":"2020-12-09T09:54:40","date_gmt":"2020-12-09T06:54:40","guid":{"rendered":"http:\/\/yachtworks.info\/?page_id=19480"},"modified":"2025-01-06T13:37:27","modified_gmt":"2025-01-06T10:37:27","slug":"fluten","status":"publish","type":"page","link":"http:\/\/yachtworks.info\/de\/fluten\/","title":{"rendered":"Fluiten Mechanische Dichtungen"},"content":{"rendered":"<div class=\"wpb-content-wrapper\"><p>[vc_row][vc_column][vc_column_text]<strong>MMS-Dichtung<\/strong><\/p>\n<p>Die MMS-Dichtung kann auf Wellen mit einem Durchmesser von 100 mm bis 300 mm installiert werden.<\/p>\n<p>Mit mehreren Federn ausgestattet, gew\u00e4hrleistet sie eine gleichm\u00e4\u00dfige Belastung sowie Toleranz gegen\u00fcber axialen und radialen Bewegungen und Vibrationen. Im Notfall k\u00f6nnen die verschlissenen Teile der MMS-Dichtung mithilfe des halbgeteilten Ersatzteil-Kits ausgetauscht werden, ohne die Welle zu demontieren.<\/p>\n<p><strong>TECHNISCHE SPEZIFIKATIONEN<\/strong><\/p>\n<ul>\n<li><strong>Durchmesser:<\/strong> 100 \u2013 300 mm<\/li>\n<li><strong>Geschwindigkeit:<\/strong> 0 \u2013 10 m\/s<\/li>\n<li><strong>Druck:<\/strong> 0 \u2013 5 bar g<\/li>\n<li><strong>Temperatur:<\/strong> -5 \u00b0C bis 80 \u00b0C<br \/>\n(*) F\u00fcr Ma\u00dfe in Zoll wenden Sie sich bitte an unser technisches Vertriebsteam.<\/li>\n<\/ul>\n<p><strong>Merkmale<\/strong><\/p>\n<ul>\n<li>Optionales pneumatisches Sicherheitssystem: <strong>IDROSTOP<\/strong><\/li>\n<li>Anschluss f\u00fcr Schmierung und K\u00fchlung<\/li>\n<li>Ausbalancierter station\u00e4rer Ring zur Reduzierung des Energieverbrauchs<\/li>\n<li>Drehender Ring aus abriebfestem, verschlei\u00dfarmem Material<\/li>\n<li>Selbstjustierende Antriebsmanschette<\/li>\n<li>Bewegliche Positionierer f\u00fcr einfachere und korrekte Installation<\/li>\n<li>Dichtungsk\u00f6rper aus Schiffs-Messing f\u00fcr erh\u00f6hte Sicherheit und Widerstandsf\u00e4higkeit<\/li>\n<li>Federn aus AISI 316, die axiale Vibrationen und Gleitbewegungen tolerieren<\/li>\n<li>Dichtungen aus feuerfestem Material<\/li>\n<\/ul>\n<p>[\/vc_column_text][\/vc_column][\/vc_row][vc_row][vc_column][vc_single_image image=&#8220;20699&#8243;][\/vc_column][\/vc_row]<\/p>\n<\/div>","protected":false},"excerpt":{"rendered":"<p>[vc_row][vc_column][vc_column_text]MMS-Dichtung Die MMS-Dichtung kann auf Wellen mit einem Durchmesser von 100 mm bis 300 mm installiert werden. Mit mehreren Federn ausgestattet, gew\u00e4hrleistet sie eine gleichm\u00e4\u00dfige Belastung sowie Toleranz gegen\u00fcber axialen und radialen Bewegungen und Vibrationen. Im Notfall k\u00f6nnen die verschlissenen&hellip;<\/p>\n","protected":false},"author":1,"featured_media":0,"parent":0,"menu_order":0,"comment_status":"closed","ping_status":"closed","template":"","meta":{"footnotes":""},"class_list":["post-19480","page","type-page","status-publish","hentry"],"_links":{"self":[{"href":"http:\/\/yachtworks.info\/de\/wp-json\/wp\/v2\/pages\/19480"}],"collection":[{"href":"http:\/\/yachtworks.info\/de\/wp-json\/wp\/v2\/pages"}],"about":[{"href":"http:\/\/yachtworks.info\/de\/wp-json\/wp\/v2\/types\/page"}],"author":[{"embeddable":true,"href":"http:\/\/yachtworks.info\/de\/wp-json\/wp\/v2\/users\/1"}],"replies":[{"embeddable":true,"href":"http:\/\/yachtworks.info\/de\/wp-json\/wp\/v2\/comments?post=19480"}],"version-history":[{"count":1,"href":"http:\/\/yachtworks.info\/de\/wp-json\/wp\/v2\/pages\/19480\/revisions"}],"predecessor-version":[{"id":20700,"href":"http:\/\/yachtworks.info\/de\/wp-json\/wp\/v2\/pages\/19480\/revisions\/20700"}],"wp:attachment":[{"href":"http:\/\/yachtworks.info\/de\/wp-json\/wp\/v2\/media?parent=19480"}],"curies":[{"name":"wp","href":"https:\/\/api.w.org\/{rel}","templated":true}]}}