{"id":5708,"date":"2013-07-01T14:50:12","date_gmt":"2013-07-01T11:50:12","guid":{"rendered":"http:\/\/iyonize.com\/?page_id=5708"},"modified":"2013-07-01T14:50:12","modified_gmt":"2013-07-01T11:50:12","slug":"12-dinghy","status":"publish","type":"page","link":"http:\/\/yachtworks.info\/de\/12-dinghy\/","title":{"rendered":"12&#8242; Dinghy"},"content":{"rendered":"<p><\/p>\n<h1 align=\"center\"><strong>Technical Properties of the 12&#8242; Dinghy<\/strong><\/h1>\n<p><img loading=\"lazy\" decoding=\"async\" alt=\"01_siluet_k\" src=\"http:\/\/yachtworks.info\/wp-content\/uploads\/2013\/07\/01_siluet_k-150x150.jpg\" width=\"150\" height=\"150\" \/><\/p>\n<p><b>Technische Eigenschaften des 12 &#8218;Dinghy<\/b><\/p>\n<p>LOA 3,66 m<br \/>\nBmax 1.42m<br \/>\nLwl> 3,53 m<br \/>\nHubraum 115 kg min<br \/>\nSegelfl\u00e4che 10.60sqm<\/p>\n<p>Bauholz<br \/>\n<b>Sapelli Mahagoni <\/b>(Bretter, L\u00e4ngs-Elemente, B\u00e4nke, Sitze, Deck, Dielen, Ruder Cheeks),<b> Anatolian Eiche <\/b>(Keel, Keelson, Querbalken, Rahmen, St\u00e4ngel, Knees, FUTTOCKS, Centreboard Fall, Mast Schritt), <b>Europ\u00e4ischer Fichte (Spars) Certified Marine-Ply (Ruderblatt)<\/b><\/p>\n<p>Weitere Einzelheiten<br \/>\nLackiert mit Jotun Benar und internationale Original-, Rumpf mit Lloyd-Approved Epoxidharz geklebt, laminierte Holme mit Polyurethan, Befestigungen in Kupfer und in AISI316 Edelstahl. Centerboard in feuerverzinktem Stahl. Rudder Fingerlinge und halliard Scheibe mit Delrin Buchse. Ruderblatt in Epoxydharzbeschichtete zertifizierte Marinefalte. St\u00e4ngel und einige Knie laminiert in Eiche. Laufendes Gut Cousin Seile, Bl\u00f6cke Lalizas. Segel in 6 Unzen Polyant von Kaya Sails hergestellt. <i>Einige Baustoffe und einige \u00c4nderungen vorbehalten acc. um individuelle Vereinbarungen. Acc. Spezifikationen des Kunden und Genehmigungs-Klasse Prototyp hat keine Ruder, Dollen, footbraces und david Haken.<\/i><\/p>\n<p><img loading=\"lazy\" decoding=\"async\" alt=\"dingi_sozluk\" src=\"http:\/\/yachtworks.info\/wp-content\/uploads\/2013\/07\/dingi_sozluk.gif\" width=\"928\" height=\"973\" \/><\/p>","protected":false},"excerpt":{"rendered":"<p>Technical Properties of the 12&#8242; Dinghy Technische Eigenschaften des 12 &#8218;Dinghy LOA 3,66 m Bmax 1.42m Lwl> 3,53 m Hubraum 115 kg min Segelfl\u00e4che 10.60sqm Bauholz Sapelli Mahagoni (Bretter, L\u00e4ngs-Elemente, B\u00e4nke, Sitze, Deck, Dielen, Ruder Cheeks), Anatolian Eiche (Keel, Keelson,&hellip;<\/p>\n","protected":false},"author":1,"featured_media":0,"parent":0,"menu_order":0,"comment_status":"open","ping_status":"open","template":"template-blank-canvas.php","meta":{"footnotes":""},"class_list":["post-5708","page","type-page","status-publish","hentry"],"_links":{"self":[{"href":"http:\/\/yachtworks.info\/de\/wp-json\/wp\/v2\/pages\/5708"}],"collection":[{"href":"http:\/\/yachtworks.info\/de\/wp-json\/wp\/v2\/pages"}],"about":[{"href":"http:\/\/yachtworks.info\/de\/wp-json\/wp\/v2\/types\/page"}],"author":[{"embeddable":true,"href":"http:\/\/yachtworks.info\/de\/wp-json\/wp\/v2\/users\/1"}],"replies":[{"embeddable":true,"href":"http:\/\/yachtworks.info\/de\/wp-json\/wp\/v2\/comments?post=5708"}],"version-history":[{"count":0,"href":"http:\/\/yachtworks.info\/de\/wp-json\/wp\/v2\/pages\/5708\/revisions"}],"wp:attachment":[{"href":"http:\/\/yachtworks.info\/de\/wp-json\/wp\/v2\/media?parent=5708"}],"curies":[{"name":"wp","href":"https:\/\/api.w.org\/{rel}","templated":true}]}}