{"id":5843,"date":"2013-07-05T14:05:38","date_gmt":"2013-07-05T11:05:38","guid":{"rendered":"http:\/\/iyonize.com\/?page_id=5843"},"modified":"2013-07-05T14:05:38","modified_gmt":"2013-07-05T11:05:38","slug":"book-of-honour","status":"publish","type":"page","link":"http:\/\/yachtworks.info\/de\/book-of-honour\/","title":{"rendered":"Book of Honour"},"content":{"rendered":"<p>[h4][\/h4]<\/p>\n<p>[one_half]<br \/>\n[lightbox style=&#8220;modern&#8220; image_path=&#8220;http:\/\/www.yachtworks.info\/gallery\/honour\/01.jpg&#8220; popup=&#8220;http:\/\/www.yachtworks.info\/gallery\/honour\/01.jpg&#8220; link_to_page=&#8220;&#8220; target=&#8220;&#8220; description=&#8220;&#8220; size=&#8220;two_col_large&#8220; group=&#8217;1&#8242;]<\/p>\n<p>&#8220; Yat bak\u0131m\u0131 \u00fczerine uzun y\u0131llar\u0131n tecr\u00fcbe ve eme\u011fine dayanarak kurulan &#8222;yachtWORKS&#8220;, \u00fclkemizde d\u00fcnya standartlar\u0131nda eksikli\u011fi her ge\u00e7en g\u00fcn daha da hissedilen bir bo\u015flu\u011fu, \u00e7ok k\u0131sa bir zamanda muvaffakiyetli doldurdu. &#8220;<\/p>\n<p>08 A\u011fustos 2003<br \/>\nSadun BORO<br \/>\nyacht &#8222;KISMET&#8220;<\/p>\n<p>[\/one_half]<\/p>\n<p>[h4][\/h4]<\/p>\n<p>[one_half]<br \/>\n[lightbox style=&#8220;modern&#8220; image_path=&#8220;http:\/\/www.yachtworks.info\/gallery\/honour\/02.jpg&#8220; popup=&#8220;http:\/\/www.yachtworks.info\/gallery\/honour\/02.jpg&#8220; link_to_page=&#8220;&#8220; target=&#8220;&#8220; description=&#8220;&#8220; size=&#8220;two_col_large&#8220; group=&#8217;1&#8242;]<\/p>\n<p>&#8220; What&#8217;s in name The simple answer is that my yachtWORKS, now! I am very happy to write this note to sat Mustique is leaving yachtWORKS a much better vessel than when she arrived three and a half months ago.&#8220;<\/p>\n<p>05 \u015eubat 2010<br \/>\nFin Mc GURRAN<br \/>\nyacht &#8222;Mistuque&#8220;<\/p>\n<p>[\/one_half]<\/p>\n<p>[h4][\/h4]<\/p>\n<p>[one_half]<br \/>\n[lightbox style=&#8220;modern&#8220; image_path=&#8220;http:\/\/www.yachtworks.info\/gallery\/honour\/03.jpg&#8220; popup=&#8220;http:\/\/www.yachtworks.info\/gallery\/honour\/03.jpg&#8220; link_to_page=&#8220;&#8220; target=&#8220;&#8220; description=&#8220;&#8220; size=&#8220;two_col_large&#8220; group=&#8217;1&#8242;]<\/p>\n<p>&#8220; Due to high level of professionalism of yachtWORKS employees and especiality of it&#8217;s director Mr.Can S\u00fcrekli, their ability to solve questions of any difficulty and at any time usage of m\/y Belcanto become a pleasure&#8230; &#8220;<\/p>\n<p>30th June 2009<br \/>\nm\/y Belcanto<br \/>\nSunseeker Portofino 53 built in 2006<\/p>\n<p>[\/one_half]<\/p>\n<p>[h4][\/h4]<\/p>\n<p>[one_half]<br \/>\n[lightbox style=&#8220;modern&#8220; image_path=&#8220;http:\/\/www.yachtworks.info\/gallery\/honour\/04.jpg&#8220; popup=&#8220;http:\/\/www.yachtworks.info\/gallery\/honour\/04.jpg&#8220; link_to_page=&#8220;&#8220; target=&#8220;&#8220; description=&#8220;&#8220; size=&#8220;two_col_large&#8220; group=&#8217;1&#8242;]<\/p>\n<p>&#8222;&#8230; herkese te\u015fekk\u00fcr etmek i\u00e7in yaz\u0131yorum. &#8222;yachtWORKS&#8220; ger\u00e7ek anlamda yaln\u0131z T\u00fcrkiye&#8217;de de\u011fil, yak\u0131n kom\u015fular\u0131m\u0131z nezdinde de b\u00fcy\u00fck bir bo\u015flu\u011fu dolduran te\u015febb\u00fcs&#8230;&#8220;<\/p>\n<p>07 Eyl\u00fcl 2009<br \/>\nm\/y FOR FUN<br \/>\nFerretti 881\/34<\/p>\n<p>[\/one_half]<\/p>\n<p>[h4][\/h4]<\/p>\n<p>[one_half]<br \/>\n[lightbox style=&#8220;modern&#8220; image_path=&#8220;http:\/\/www.yachtworks.info\/gallery\/honour\/05.jpg&#8220; popup=&#8220;http:\/\/www.yachtworks.info\/gallery\/honour\/05.jpg&#8220; link_to_page=&#8220;&#8220; target=&#8220;&#8220; description=&#8220;&#8220; size=&#8220;two_col_large&#8220; group=&#8217;1&#8242;]<\/p>\n<p>&#8220; &#8230; to end up finding an excellent Yacht Services Company back in the Mediteranean Sea. After so many miles and experiences we can tell everyone &#8230;&#8220;<\/p>\n<p>12 May 2005<br \/>\nS\/V Blue Dawn of Sark<br \/>\nGeoffrey &#038; Genaldine Ashby<\/p>\n<p>[\/one_half]<\/p>\n<p>[one_half]<br \/>\n[lightbox style=&#8220;modern&#8220; image_path=&#8220;http:\/\/www.yachtworks.info\/gallery\/honour\/06.jpg&#8220; popup=&#8220;http:\/\/www.yachtworks.info\/gallery\/honour\/06.jpg&#8220; link_to_page=&#8220;&#8220; target=&#8220;&#8220; description=&#8220;&#8220; size=&#8220;two_col_large&#8220; group=&#8217;1&#8242;]<\/p>\n<p>&#8220; &#8230; it has been a real pleasure having them onboard. However, even more important perhaps, is the professionalism of their work and organisation.&#8220;<\/p>\n<p>2nd June 2003<br \/>\nAnne &#038; Julian Withlock<br \/>\nFree Wheel<\/p>\n<p>[\/one_half]<\/p>\n<p>[one_half]<br \/>\n[lightbox style=&#8220;modern&#8220; image_path=&#8220;http:\/\/www.yachtworks.info\/gallery\/honour\/07.jpg&#8220; popup=&#8220;http:\/\/www.yachtworks.info\/gallery\/honour\/07.jpg&#8220; link_to_page=&#8220;&#8220; target=&#8220;&#8220; description=&#8220;&#8220; size=&#8220;two_col_large&#8220; group=&#8217;1&#8242;]<\/p>\n<p>Hydrangea<br \/>\nGrand Banks 42 Classic Hull #1243<br \/>\nBuilt in Singapore April 1992<\/p>\n<p>[\/one_half]<\/p>","protected":false},"excerpt":{"rendered":"<p>[h4][\/h4] [one_half] [lightbox style=&#8220;modern&#8220; image_path=&#8220;http:\/\/www.yachtworks.info\/gallery\/honour\/01.jpg&#8220; popup=&#8220;http:\/\/www.yachtworks.info\/gallery\/honour\/01.jpg&#8220; link_to_page=&#8220;&#8220; target=&#8220;&#8220; description=&#8220;&#8220; size=&#8220;two_col_large&#8220; group=&#8217;1&#8242;] &#8220; Yat bak\u0131m\u0131 \u00fczerine uzun y\u0131llar\u0131n tecr\u00fcbe ve eme\u011fine dayanarak kurulan &#8222;yachtWORKS&#8220;, \u00fclkemizde d\u00fcnya standartlar\u0131nda eksikli\u011fi her ge\u00e7en g\u00fcn daha da hissedilen bir bo\u015flu\u011fu, \u00e7ok k\u0131sa bir zamanda muvaffakiyetli&hellip;<\/p>\n","protected":false},"author":1,"featured_media":0,"parent":0,"menu_order":0,"comment_status":"open","ping_status":"open","template":"template-blank-canvas.php","meta":{"footnotes":""},"class_list":["post-5843","page","type-page","status-publish","hentry"],"_links":{"self":[{"href":"http:\/\/yachtworks.info\/de\/wp-json\/wp\/v2\/pages\/5843"}],"collection":[{"href":"http:\/\/yachtworks.info\/de\/wp-json\/wp\/v2\/pages"}],"about":[{"href":"http:\/\/yachtworks.info\/de\/wp-json\/wp\/v2\/types\/page"}],"author":[{"embeddable":true,"href":"http:\/\/yachtworks.info\/de\/wp-json\/wp\/v2\/users\/1"}],"replies":[{"embeddable":true,"href":"http:\/\/yachtworks.info\/de\/wp-json\/wp\/v2\/comments?post=5843"}],"version-history":[{"count":0,"href":"http:\/\/yachtworks.info\/de\/wp-json\/wp\/v2\/pages\/5843\/revisions"}],"wp:attachment":[{"href":"http:\/\/yachtworks.info\/de\/wp-json\/wp\/v2\/media?parent=5843"}],"curies":[{"name":"wp","href":"https:\/\/api.w.org\/{rel}","templated":true}]}}