{"id":7706,"date":"2013-12-21T10:48:24","date_gmt":"2013-12-21T08:48:24","guid":{"rendered":"http:\/\/yachtworks.info\/?page_id=7706"},"modified":"2013-12-21T10:48:24","modified_gmt":"2013-12-21T08:48:24","slug":"turkce-kum-raspasi","status":"publish","type":"page","link":"http:\/\/yachtworks.info\/de\/turkce-kum-raspasi\/","title":{"rendered":"(T\u00fcrk\u00e7e) Kum Raspas\u0131"},"content":{"rendered":"<p>In diesem Artikel\u00a0 erkl\u00e4ren wir wie wir von unseren Sandstrahlen- Erfahrungen bei 20-25 m Yachten profitieren.<\/p>\n<p><img loading=\"lazy\" decoding=\"async\" alt=\"LIFT10\" src=\"http:\/\/yachtworks.info\/wp-content\/uploads\/2013\/12\/LIFT10.jpg\" width=\"600\" height=\"480\" \/><\/p>\n<p>Unter\u00a0<b>Sandstrahlen<\/b>\u00a0(engl.\u00a0<i>sandblasting, abrasive blasting<\/i>) versteht man die Oberfl\u00e4chenbehandlung eines Materials oder Werkst\u00fccks durch Einwirkung von\u00a0<a title=\"Sand\" href=\"http:\/\/de.wikipedia.org\/wiki\/Sand\">Sand<\/a>\u00a0als Schleifmittel gegen Rost, Verschmutzungen, Farbe, Zunder und andere Verunreinigungen.<\/p>\n<p><b>Prinzip:<\/b><\/p>\n<p>Mittels eines Kompressors wird ein starker Luftstrahl erzeugt, der das Strahlmittel (z.\u00a0B. Sand aber auch Hochofenschlacke, Glasgranulat, Korund, Stahl, Kunststoffgranulat, Nussschalen oder Soda mit unterschiedlichsten Feinheitsgraden; siehe hierzu\u00a0Strahltechnik) aus einem Sammelbeh\u00e4lter mitnimmt und -beschleunigt. Die Schleifmittel treffen dann zusammen mit dem Luftstrahl mit hoher Geschwindigkeit auf die zu behandelnde Oberfl\u00e4che. Auf Grund der meist\u00a0abrasiven\u00a0Wirkung des Strahlmittels werden unerw\u00fcnschte Bestandteile der Oberfl\u00e4che, wie Rost oder Farbe, abgel\u00f6st und fortgetragen.<\/p>\n<p><b>Artikel:<br \/>\n<\/b>Strahlmonition: In der T\u00fcrkei ist das h\u00e4ufigste verwendete Material Quarzsand.<br \/>\n<em id=\"__mceDel\">In der n\u00f6rdlichen Region wird ein sand unter dem Namen \u201cPodima sand\u201d verwendet, der von den Str\u00e4nden des schwarzen Meers gesammelt wird. Salz im Sand und durch die nat\u00fcrliche Endstehung rund geformter Sand beeintr\u00e4chtigt den Strahlprozess.<\/em><\/p>\n<p><img loading=\"lazy\" decoding=\"async\" alt=\"IMG_6646\" src=\"http:\/\/yachtworks.info\/wp-content\/uploads\/2013\/12\/IMG_6646.jpg\" width=\"600\" height=\"400\" \/><\/p>\n<p>Unter\u00a0<b>Sandstrahlen<\/b>\u00a0(engl.\u00a0<i>sandblasting, abrasive blasting<\/i>) versteht man die Oberfl\u00e4chenbehandlung eines Materials oder Werkst\u00fccks durch Einwirkung von\u00a0<a title=\"Sand\" href=\"http:\/\/de.wikipedia.org\/wiki\/Sand\">Sand<\/a>\u00a0als Schleifmittel gegen Rost, Verschmutzungen, Farbe, Zunder und andere Verunreinigungen.<\/p>\n<p><b>Prinzip:<\/b><\/p>\n<p>Mittels eines Kompressors wird ein starker Luftstrahl erzeugt, der das Strahlmittel (z.\u00a0B. Sand aber auch Hochofenschlacke, Glasgranulat, Korund, Stahl, Kunststoffgranulat, Nussschalen oder Soda mit unterschiedlichsten Feinheitsgraden; siehe hierzu\u00a0<a title=\"Strahltechnik\" href=\"http:\/\/de.wikipedia.org\/wiki\/Strahltechnik\">Strahltechnik<\/a>) aus einem Sammelbeh\u00e4lter mitnimmt und -beschleunigt. Die Schleifmittel treffen dann zusammen mit dem Luftstrahl mit hoher Geschwindigkeit auf die zu behandelnde Oberfl\u00e4che. Auf Grund der meist\u00a0<a title=\"Abrasiv\" href=\"http:\/\/de.wikipedia.org\/wiki\/Abrasiv\">abrasiven<\/a>\u00a0Wirkung des Strahlmittels werden unerw\u00fcnschte Bestandteile der Oberfl\u00e4che, wie Rost oder Farbe, abgel\u00f6st und fortgetragen.<\/p>\n<p><b>Artikel:<\/b><\/p>\n<p>Strahlmonition: In der T\u00fcrkei ist das h\u00e4ufigste verwendete Material Quarzsand.<br \/>\nIn der n\u00f6rdlichen Region wird ein sand unter dem Namen \u201cPodima sand\u201d verwendet, der von den Str\u00e4nden des schwarzen Meers gesammelt wird. Salz im Sand und durch die nat\u00fcrliche Endstehung rund geformter Sand beeintr\u00e4chtigt den Strahlprozess.<\/p>\n<p><img loading=\"lazy\" decoding=\"async\" alt=\"IMG_6974\" src=\"http:\/\/yachtworks.info\/wp-content\/uploads\/2013\/12\/IMG_6974.jpg\" width=\"600\" height=\"717\" \/><\/p>\n<p><b>Kompressor:<br \/>\n<\/b>Sind in der Regel Schraubenkompressoren die 300 bis 500 m3\/hr Luft produzieren.<br \/>\nIm allgemeinen ist der Kompressor ein eintscheidendes Element des Systems, im Falle von Druckverlust verringert sich die Effizienz des Verfahren.<\/p>\n<p><b>D\u00fcse:<br \/>\n<\/b>D\u00fcsen werden von harten Materialien produziert (z.B Borcarbid) hergestellt. 12mm, Profile die den Venturi-Effekt produzieren. Das Projektil kann sich bei geeigneten Bedingungen in der D\u00fcse bis zu 200 km\/h beschleunigen.<\/p>\n<p><b>Sandmischgef\u00e4ss:<br \/>\n<\/b>Ist ein einfacher Kessel der unten ein Mischventil hat. Dieses Ventil sollte leicht gereinigt werden k\u00f6nnen denn Verstopfungen kommen h\u00e4ufig vor.<\/p>\n<p><b>Bediener-und Schutzkleidung:<br \/>\n<\/b>Der Sandstrahler Operat\u00f6r nimmt forcierte Luft ein. Diese Luft wird in der Regel vom Hauptverdichter verzweigt. Der Operat\u00f6r sch\u00fctzt sich durch eienen leichtmetal oder CTP Helm.<\/p>\n<p><img loading=\"lazy\" decoding=\"async\" alt=\"LIFT10\" src=\"http:\/\/yachtworks.info\/wp-content\/uploads\/2013\/12\/LIFT10.jpg\" width=\"600\" height=\"480\" \/><\/p>\n<p>Die Brille ist aus doppelglas, das \u00e4ussere Glas sch\u00fctzt das Innere.<br \/>\nGilt als als h\u00e4ufig ersetzbares Verbrauchsmaterial<br \/>\nBetreiber sch\u00fctzt sich ausserdem mit Ledersch\u00fcrze, Stiefel und Handschuhe.<br \/>\nAtemluft muss nach menschlichen Verbrauch aufbereitet werden.<\/p>\n<p><b>Schl\u00e4uche und Schlauchanschl\u00fcsse:<br \/>\n<\/b>10bar Gummischlauch muss verwendet werden. Der Schlauch f\u00fcr den Sand ist ein Mass gr\u00f6sser und wird h\u00e4ufiger ausgetauscht.<br \/>\nSchlaucharmaturen mit Schnellkupplung, die den Querschnitt des Schlauches nicht verringern.<\/p>\n<p><img loading=\"lazy\" decoding=\"async\" alt=\"IMG_6651\" src=\"http:\/\/yachtworks.info\/wp-content\/uploads\/2013\/12\/IMG_6651.jpg\" width=\"600\" height=\"400\" \/><\/p>\n<p><img loading=\"lazy\" decoding=\"async\" alt=\"IMG_7914\" src=\"http:\/\/yachtworks.info\/wp-content\/uploads\/2013\/12\/IMG_7914.jpg\" width=\"600\" height=\"576\" \/><\/p>\n<p>[one_third]<br \/>\n<img loading=\"lazy\" decoding=\"async\" alt=\"IMG_6982\" src=\"http:\/\/yachtworks.info\/wp-content\/uploads\/2013\/12\/IMG_6982.jpg\" width=\"600\" height=\"400\" \/>[\/one_third]<\/p>\n<p>[one_third]<br \/>\n<img loading=\"lazy\" decoding=\"async\" alt=\"IMG_6980\" src=\"http:\/\/yachtworks.info\/wp-content\/uploads\/2013\/12\/IMG_6980.jpg\" width=\"600\" height=\"400\" \/>[\/one_third]<\/p>\n<p>[one_third_last]<br \/>\n<img loading=\"lazy\" decoding=\"async\" alt=\"IMG_6993\" src=\"http:\/\/yachtworks.info\/wp-content\/uploads\/2013\/12\/IMG_6993.jpg\" width=\"600\" height=\"400\" \/>[\/one_third_last]<\/p>\n<p><img loading=\"lazy\" decoding=\"async\" alt=\"IMG_6989\" src=\"http:\/\/yachtworks.info\/wp-content\/uploads\/2013\/12\/IMG_6989.jpg\" width=\"600\" height=\"400\" \/><\/p>\n<div align=\"justify\">\n<p><strong>\u00a0<\/strong><\/p>\n<\/div>\n<div>\n<table width=\"915\" border=\"1\" cellspacing=\"0\" cellpadding=\"0\">\n<tbody>\n<tr>\n<td width=\"91\"><strong>\u00a0Name<\/strong><\/td>\n<td valign=\"top\" width=\"415\"><strong>\u00a0Erkl\u00e4rung\u00a0<\/strong><\/td>\n<td valign=\"top\" width=\"80\">\n<p align=\"center\"><strong>Schweizer \u00a0Standart<\/strong><\/p>\n<\/td>\n<td valign=\"top\" width=\"67\">\n<p align=\"center\"><strong>Schweizer \u00a0Standart<\/strong><\/p>\n<\/td>\n<td valign=\"top\" width=\"68\">\n<p align=\"center\"><strong>SSPC Codes \u00a0<\/strong><\/p>\n<\/td>\n<td valign=\"top\" width=\"71\">\n<p align=\"center\"><b>NACE<\/b><\/p>\n<\/td>\n<td valign=\"top\" width=\"107\">\n<p align=\"center\"><b>CDN. Govt.<br \/>\n(CGSB)<\/b><\/p>\n<\/td>\n<\/tr>\n<tr>\n<td valign=\"top\" width=\"91\"><span style=\"line-height: 19px\">Bis zur weissen Struktur Strahlen<\/span><\/td>\n<td valign=\"top\" width=\"415\">\u00a0Von allem sichtbaren Rost, Farbe und anderen Verunreinigungen gereinigt. Metal, wird homogen wei\u00df \/ grau. Dies ist der h\u00f6chste Grad an Sauberkeit. Dieses Verfahren ist aufgrund der harten Umgebungsbedingungen wo maximale Lackhaftung aufgetragen werden muss, notwendig. Beispiele Oberfl\u00e4chen die im Wasser oder in st\u00e4ndigem Kontakt von fl\u00fcssigen Chemikalien sind.<\/td>\n<td valign=\"top\" width=\"80\">\n<p align=\"center\">SA 3<\/p>\n<\/td>\n<td valign=\"top\" width=\"67\">\n<p align=\"center\">BS4232<br \/>\nFirst Quality<\/p>\n<\/td>\n<td valign=\"top\" width=\"68\">\n<p align=\"center\">SSPC.SP5<\/p>\n<\/td>\n<td valign=\"top\" width=\"71\">\n<p align=\"center\">NACE #1<\/p>\n<\/td>\n<td valign=\"top\" width=\"107\">\n<p align=\"center\">31 GP 404<br \/>\nType 1<\/p>\n<\/td>\n<\/tr>\n<tr>\n<td valign=\"top\" width=\"91\">Fast bis zur weissen Struktur Strahlen<\/td>\n<td valign=\"top\" width=\"415\">Mit dieser Methode \u00a0wird die gesamte Oberfl\u00e4che von \u00d6l, Fett, Schmutz, Schuppen, Rost, Korrosionsprodukte, Oxide, Farbe und andere Fremdstoffe gereinigt. Allerdings werden kleine Rostflecken, Schuppen, Oxiden, fest haftende Farbe und andere kleine Beschichtungen erwartet. Jedes St\u00fcck Fl\u00e4che von 25 mm x 25 mm gro\u00df, wird 95% \u00a0r\u00fcckstandsfrei sein, der Rest wird begrenzt von den oben erw\u00e4hnten Beschichtigungen verf\u00e4rbt sein.<\/td>\n<td valign=\"top\" width=\"80\">\n<p align=\"center\">SA 2 \u00bd<\/p>\n<\/td>\n<td valign=\"top\" width=\"67\">\n<p align=\"center\">BS4232<br \/>\nSecond Quality<\/p>\n<\/td>\n<td valign=\"top\" width=\"68\">\n<p align=\"center\">SSPC.SP10<\/p>\n<\/td>\n<td valign=\"top\" width=\"71\">\n<p align=\"center\">NACE #2<\/p>\n<\/td>\n<td valign=\"top\" width=\"107\"><\/td>\n<\/tr>\n<tr>\n<td valign=\"top\" width=\"91\"><span style=\"line-height: 19px\">Handels-sandstrahlen<\/span><\/td>\n<td valign=\"top\" width=\"415\">In diesem Verfahren wird die Oberfl\u00e4che von gesamten \u00d6l, Fett, Schmutz, Zunder und anderen Fremdstoffen beseitigt. Allerdings sind Rostflecken, Schuppen oder leicht und kompakte Farben und andere Beschichtungen, die aus Resten von helleren Farbt\u00f6nen, Licht-Linien bestehen erwartet. Wenn Vertiefungen auf der Oberfl\u00e4che (Lochkorrosion) vorhanden sind, kann sich Rost und Farbe am Boden der Grube befinden. Jedes St\u00fcck der Fl\u00e4che von 25 mm x 25 mm gross, muss mindestens 67% frei von sichtbaren Spuren sein. Der R\u00fcckstand von \u00a0Oberfl\u00e4chenfehler sollte auf die oben erw\u00e4hnten geringen Spuren beschr\u00e4nkt bleiben.<\/td>\n<td valign=\"top\" width=\"80\">\n<p align=\"center\">SA 2<\/p>\n<\/td>\n<td valign=\"top\" width=\"67\">\n<p align=\"center\">BS4232<br \/>\nThird Quality<\/p>\n<\/td>\n<td valign=\"top\" width=\"68\">\n<p align=\"center\">SSPC.SP6<\/p>\n<\/td>\n<td valign=\"top\" width=\"71\">\n<p align=\"center\">NACE #3<\/p>\n<\/td>\n<td valign=\"top\" width=\"107\">\n<p align=\"center\">31 GP 404<br \/>\nType 2<\/p>\n<\/td>\n<\/tr>\n<tr>\n<td valign=\"top\" width=\"91\"><span style=\"line-height: 19px\">Mit Sand B\u00fcrsten<\/span><\/td>\n<td valign=\"top\" width=\"415\">Mit dieser Methode wird die gesamte Oberfl\u00e4che von \u00d6l, Fett, Schmutz, Rost Farbresten und Fremdstoffen gereinigt, die sich nicht an die Oberfl\u00e4che fest gesetzt haben. Unreinigkeiten die an der Oberfl\u00e4che festsitzten werden erwartet. Allerdings ist erforderlich, dass das Metall nach der Strahlung an der Oberfl\u00e4che homogen verteilt und sichtbar ist.<\/td>\n<td valign=\"top\" width=\"80\">\n<p align=\"center\">SA 1<\/p>\n<\/td>\n<td valign=\"top\" width=\"67\">\n<p align=\"center\">Light blast to brush-off<\/p>\n<\/td>\n<td valign=\"top\" width=\"68\">\n<p align=\"center\">SSPC.SP7<\/p>\n<\/td>\n<td valign=\"top\" width=\"71\">\n<p align=\"center\">NACE #4<\/p>\n<\/td>\n<td valign=\"top\" width=\"107\">\n<p align=\"center\">31 GP 404<br \/>\nType 3<\/p>\n<\/td>\n<\/tr>\n<\/tbody>\n<\/table>\n<\/div>\n<p><\/p>","protected":false},"excerpt":{"rendered":"<p>In diesem Artikel\u00a0 erkl\u00e4ren wir wie wir von unseren Sandstrahlen- Erfahrungen bei 20-25 m Yachten profitieren. Unter\u00a0Sandstrahlen\u00a0(engl.\u00a0sandblasting, abrasive blasting) versteht man die Oberfl\u00e4chenbehandlung eines Materials oder Werkst\u00fccks durch Einwirkung von\u00a0Sand\u00a0als Schleifmittel gegen Rost, Verschmutzungen, Farbe, Zunder und andere Verunreinigungen. Prinzip:&hellip;<\/p>\n","protected":false},"author":1,"featured_media":0,"parent":0,"menu_order":0,"comment_status":"open","ping_status":"open","template":"template-blank-canvas.php","meta":{"footnotes":""},"class_list":["post-7706","page","type-page","status-publish","hentry"],"_links":{"self":[{"href":"http:\/\/yachtworks.info\/de\/wp-json\/wp\/v2\/pages\/7706"}],"collection":[{"href":"http:\/\/yachtworks.info\/de\/wp-json\/wp\/v2\/pages"}],"about":[{"href":"http:\/\/yachtworks.info\/de\/wp-json\/wp\/v2\/types\/page"}],"author":[{"embeddable":true,"href":"http:\/\/yachtworks.info\/de\/wp-json\/wp\/v2\/users\/1"}],"replies":[{"embeddable":true,"href":"http:\/\/yachtworks.info\/de\/wp-json\/wp\/v2\/comments?post=7706"}],"version-history":[{"count":0,"href":"http:\/\/yachtworks.info\/de\/wp-json\/wp\/v2\/pages\/7706\/revisions"}],"wp:attachment":[{"href":"http:\/\/yachtworks.info\/de\/wp-json\/wp\/v2\/media?parent=7706"}],"curies":[{"name":"wp","href":"https:\/\/api.w.org\/{rel}","templated":true}]}}