{"id":7770,"date":"2013-12-21T14:09:30","date_gmt":"2013-12-21T12:09:30","guid":{"rendered":"http:\/\/yachtworks.info\/?page_id=7770"},"modified":"2013-12-21T14:09:30","modified_gmt":"2013-12-21T12:09:30","slug":"turkce-taksan-ttu-500-torna-ilerleme-mekanizmasi","status":"publish","type":"page","link":"http:\/\/yachtworks.info\/de\/turkce-taksan-ttu-500-torna-ilerleme-mekanizmasi\/","title":{"rendered":"(T\u00fcrk\u00e7e) Taksan TTU 500 Torna \u0130lerleme Mekanizmas\u0131"},"content":{"rendered":"<p class=\"qtranxs-available-languages-message qtranxs-available-languages-message-de\">Leider ist der Eintrag nur auf <a href=\"http:\/\/yachtworks.info\/tr\/wp-json\/wp\/v2\/pages\/7770\" class=\"qtranxs-available-language-link qtranxs-available-language-link-tr\" title=\"Turkish\">Turkish<\/a> verf\u00fcgbar.<\/p>","protected":false},"excerpt":{"rendered":"<p>Leider ist der Eintrag nur auf Turkish verf\u00fcgbar.<\/p>\n","protected":false},"author":1,"featured_media":0,"parent":0,"menu_order":0,"comment_status":"open","ping_status":"open","template":"template-blank-canvas.php","meta":{"footnotes":""},"class_list":["post-7770","page","type-page","status-publish","hentry"],"_links":{"self":[{"href":"http:\/\/yachtworks.info\/de\/wp-json\/wp\/v2\/pages\/7770"}],"collection":[{"href":"http:\/\/yachtworks.info\/de\/wp-json\/wp\/v2\/pages"}],"about":[{"href":"http:\/\/yachtworks.info\/de\/wp-json\/wp\/v2\/types\/page"}],"author":[{"embeddable":true,"href":"http:\/\/yachtworks.info\/de\/wp-json\/wp\/v2\/users\/1"}],"replies":[{"embeddable":true,"href":"http:\/\/yachtworks.info\/de\/wp-json\/wp\/v2\/comments?post=7770"}],"version-history":[{"count":0,"href":"http:\/\/yachtworks.info\/de\/wp-json\/wp\/v2\/pages\/7770\/revisions"}],"wp:attachment":[{"href":"http:\/\/yachtworks.info\/de\/wp-json\/wp\/v2\/media?parent=7770"}],"curies":[{"name":"wp","href":"https:\/\/api.w.org\/{rel}","templated":true}]}}