{"id":8276,"date":"2014-02-26T11:52:23","date_gmt":"2014-02-26T09:52:23","guid":{"rendered":"http:\/\/yachtworks.info\/?page_id=8276"},"modified":"2022-10-01T11:17:55","modified_gmt":"2022-10-01T08:17:55","slug":"management-team","status":"publish","type":"page","link":"http:\/\/yachtworks.info\/de\/management-team\/","title":{"rendered":"Management Team"},"content":{"rendered":"<div class=\"wpb-content-wrapper\"><p>[vc_row][vc_column]<div class=\"sc_team color_style_default sc_team_default\"><div class=\"sc_team_columns_wrap sc_item_columns trx_addons_columns_wrap columns_padding_bottom\"><div class=\"trx_addons_column-1_3\"><div class=\"sc_team_item\">\n\t<div class=\"post_featured with_thumb hover_dots sc_team_item_thumb\"><img loading=\"lazy\" decoding=\"async\" width=\"740\" height=\"563\" src=\"http:\/\/yachtworks.info\/wp-content\/uploads\/2021\/01\/cs-740x563.jpg\" class=\"attachment-sirene-thumb-team size-sirene-thumb-team wp-post-image\" alt=\"01- A. Can S\u00fcrekli\" \/><div class=\"mask\"><\/div><a href=\"http:\/\/yachtworks.info\/de\/team\/can-surekli\/\" aria-hidden=\"true\" class=\"icons\"><span><\/span><span><\/span><span><\/span><\/a><\/div>\t<div class=\"sc_team_item_info\">\n\t\t<div class=\"sc_team_item_header\">\n\t\t\t<h5 class=\"sc_team_item_title\"><a href=\"http:\/\/yachtworks.info\/de\/team\/can-surekli\/\">01- A. Can S\u00fcrekli<\/a><\/h5>\n\t\t\t<div class=\"sc_team_item_subtitle\">Founder<\/div>\n\t\t<\/div>\n\t\t<div class=\"sc_team_item_content\"><\/div>\n\t\t<div class=\"sc_team_item_socials socials_wrap\"><a target=\"_blank\" href=\"mailto:can@yachtworks.info\" class=\"social_item social_item_style_icons social_item_type_icons\"><span class=\"social_icon social_icon_mail-empty\"><span class=\"icon-mail-empty\"><\/span><\/span><\/a><a target=\"_blank\" href=\"http:\/\/www.kismetguzelim.com\" class=\"social_item social_item_style_icons social_item_type_icons\"><span class=\"social_icon social_icon_menu-2\"><span class=\"icon-menu-2\"><\/span><\/span><\/a><a target=\"_blank\" href=\"https:\/\/www.instagram.com\/cankismetguzelim\/\" class=\"social_item social_item_style_icons social_item_type_icons\"><span class=\"social_icon social_icon_instagramm\"><span class=\"icon-instagramm\"><\/span><\/span><\/a><a target=\"_blank\" href=\"http:\/\/www.yachtworks.info\/kart\/cansurekli.vcf\" class=\"social_item social_item_style_icons social_item_type_icons\"><span class=\"social_icon social_icon_vcard\"><span class=\"icon-vcard\"><\/span><\/span><\/a><\/div>\t\t<div class=\"sc_team_item_button\"><a href=\"http:\/\/yachtworks.info\/de\/team\/can-surekli\/\" class=\"sc_button sc_button_simple\">Learn more<\/a><\/div>\n\t<\/div>\n<\/div>\n<\/div><div class=\"trx_addons_column-1_3\"><div class=\"sc_team_item\">\n\t<div class=\"post_featured with_thumb hover_dots sc_team_item_thumb\"><img loading=\"lazy\" decoding=\"async\" width=\"740\" height=\"563\" src=\"http:\/\/yachtworks.info\/wp-content\/uploads\/2021\/02\/\u00e7s-740x563.jpg\" class=\"attachment-sirene-thumb-team size-sirene-thumb-team wp-post-image\" alt=\"02- \u00c7i\u011fdem S\u00fcrekli\" \/><div class=\"mask\"><\/div><a href=\"http:\/\/yachtworks.info\/de\/team\/03-cigdem-surekli\/\" aria-hidden=\"true\" class=\"icons\"><span><\/span><span><\/span><span><\/span><\/a><\/div>\t<div class=\"sc_team_item_info\">\n\t\t<div class=\"sc_team_item_header\">\n\t\t\t<h5 class=\"sc_team_item_title\"><a href=\"http:\/\/yachtworks.info\/de\/team\/03-cigdem-surekli\/\">02- \u00c7i\u011fdem S\u00fcrekli<\/a><\/h5>\n\t\t\t<div class=\"sc_team_item_subtitle\">Finance, Partner<\/div>\n\t\t<\/div>\n\t\t<div class=\"sc_team_item_content\"><\/div>\n\t\t<div class=\"sc_team_item_socials socials_wrap\"><a target=\"_blank\" href=\"mailto:cigdem@yachtworks.info\" class=\"social_item social_item_style_icons social_item_type_icons\"><span class=\"social_icon social_icon_mail-empty\"><span class=\"icon-mail-empty\"><\/span><\/span><\/a><a target=\"_blank\" href=\"http:\/\/yachtworks.info\" class=\"social_item social_item_style_icons social_item_type_icons\"><span class=\"social_icon social_icon_menu-2\"><span class=\"icon-menu-2\"><\/span><\/span><\/a><a target=\"_blank\" href=\"http:\/\/yachtworks.info\/kart\/cigdemsurekli.vcf\" class=\"social_item social_item_style_icons social_item_type_icons\"><span class=\"social_icon social_icon_vcard\"><span class=\"icon-vcard\"><\/span><\/span><\/a><\/div>\t\t<div class=\"sc_team_item_button\"><a href=\"http:\/\/yachtworks.info\/de\/team\/03-cigdem-surekli\/\" class=\"sc_button sc_button_simple\">Learn more<\/a><\/div>\n\t<\/div>\n<\/div>\n<\/div><div class=\"trx_addons_column-1_3\"><div class=\"sc_team_item\">\n\t<div class=\"post_featured with_thumb hover_dots sc_team_item_thumb\"><img loading=\"lazy\" decoding=\"async\" width=\"237\" height=\"170\" src=\"http:\/\/yachtworks.info\/wp-content\/uploads\/2021\/01\/emrea.jpg\" class=\"attachment-sirene-thumb-team size-sirene-thumb-team wp-post-image\" alt=\"03- Emre  Altun\" \/><div class=\"mask\"><\/div><a href=\"http:\/\/yachtworks.info\/de\/team\/%d1%80%d1%83%d1%81%d1%81%d0%ba%d0%b8%d0%b9-emre-altun\/\" aria-hidden=\"true\" class=\"icons\"><span><\/span><span><\/span><span><\/span><\/a><\/div>\t<div class=\"sc_team_item_info\">\n\t\t<div class=\"sc_team_item_header\">\n\t\t\t<h5 class=\"sc_team_item_title\"><a href=\"http:\/\/yachtworks.info\/de\/team\/%d1%80%d1%83%d1%81%d1%81%d0%ba%d0%b8%d0%b9-emre-altun\/\">03- Emre  Altun<\/a><\/h5>\n\t\t\t<div class=\"sc_team_item_subtitle\">General Manager<\/div>\n\t\t<\/div>\n\t\t<div class=\"sc_team_item_content\"><\/div>\n\t\t<div class=\"sc_team_item_socials socials_wrap\"><a target=\"_blank\" href=\"mailto:emre.a@yachtworks.info\" class=\"social_item social_item_style_icons social_item_type_icons\"><span class=\"social_icon social_icon_mail-empty\"><span class=\"icon-mail-empty\"><\/span><\/span><\/a><a target=\"_blank\" href=\"http:\/\/www.yachtworks.info\" class=\"social_item social_item_style_icons social_item_type_icons\"><span class=\"social_icon social_icon_menu-2\"><span class=\"icon-menu-2\"><\/span><\/span><\/a><a target=\"_blank\" href=\"http:\/\/www.yachtworks.info\/kart\/emrealtun.vcf\" class=\"social_item social_item_style_icons social_item_type_icons\"><span class=\"social_icon social_icon_vcard\"><span class=\"icon-vcard\"><\/span><\/span><\/a><\/div>\t\t<div class=\"sc_team_item_button\"><a href=\"http:\/\/yachtworks.info\/de\/team\/%d1%80%d1%83%d1%81%d1%81%d0%ba%d0%b8%d0%b9-emre-altun\/\" class=\"sc_button sc_button_simple\">Learn more<\/a><\/div>\n\t<\/div>\n<\/div>\n<\/div><div class=\"trx_addons_column-1_3\"><div class=\"sc_team_item\">\n\t<div class=\"post_featured with_thumb hover_dots sc_team_item_thumb\"><img loading=\"lazy\" decoding=\"async\" width=\"740\" height=\"600\" src=\"http:\/\/yachtworks.info\/wp-content\/uploads\/2021\/02\/yasinsancaktutan-740x600.jpg\" class=\"attachment-sirene-thumb-team size-sirene-thumb-team wp-post-image\" alt=\"04- Yasin Sancaktutan\" \/><div class=\"mask\"><\/div><a href=\"http:\/\/yachtworks.info\/de\/team\/yasin-sancaktutan\/\" aria-hidden=\"true\" class=\"icons\"><span><\/span><span><\/span><span><\/span><\/a><\/div>\t<div class=\"sc_team_item_info\">\n\t\t<div class=\"sc_team_item_header\">\n\t\t\t<h5 class=\"sc_team_item_title\"><a href=\"http:\/\/yachtworks.info\/de\/team\/yasin-sancaktutan\/\">04- Yasin Sancaktutan<\/a><\/h5>\n\t\t\t<div class=\"sc_team_item_subtitle\">Operation Manager<\/div>\n\t\t<\/div>\n\t\t<div class=\"sc_team_item_content\"><\/div>\n\t\t<div class=\"sc_team_item_socials socials_wrap\"><a target=\"_blank\" href=\"mailto:yasin.s@yachtworks.info\" class=\"social_item social_item_style_icons social_item_type_icons\"><span class=\"social_icon social_icon_mail-empty\"><span class=\"icon-mail-empty\"><\/span><\/span><\/a><a target=\"_blank\" href=\"http:\/\/www.yachtworks.info\" class=\"social_item social_item_style_icons social_item_type_icons\"><span class=\"social_icon social_icon_menu-2\"><span class=\"icon-menu-2\"><\/span><\/span><\/a><\/div>\t\t<div class=\"sc_team_item_button\"><a href=\"http:\/\/yachtworks.info\/de\/team\/yasin-sancaktutan\/\" class=\"sc_button sc_button_simple\">Learn more<\/a><\/div>\n\t<\/div>\n<\/div>\n<\/div><div class=\"trx_addons_column-1_3\"><div class=\"sc_team_item\">\n\t<div class=\"post_featured with_thumb hover_dots sc_team_item_thumb\"><img loading=\"lazy\" decoding=\"async\" width=\"740\" height=\"600\" src=\"http:\/\/yachtworks.info\/wp-content\/uploads\/2021\/02\/WhatsApp-Image-2022-09-30-at-14.14.44-740x600.jpeg\" class=\"attachment-sirene-thumb-team size-sirene-thumb-team wp-post-image\" alt=\"05- Umut \u00dcnal\" \/><div class=\"mask\"><\/div><a href=\"http:\/\/yachtworks.info\/de\/team\/umut-unal\/\" aria-hidden=\"true\" class=\"icons\"><span><\/span><span><\/span><span><\/span><\/a><\/div>\t<div class=\"sc_team_item_info\">\n\t\t<div class=\"sc_team_item_header\">\n\t\t\t<h5 class=\"sc_team_item_title\"><a href=\"http:\/\/yachtworks.info\/de\/team\/umut-unal\/\">05- Umut \u00dcnal<\/a><\/h5>\n\t\t\t<div class=\"sc_team_item_subtitle\">Project Manager<\/div>\n\t\t<\/div>\n\t\t<div class=\"sc_team_item_content\"><\/div>\n\t\t<div class=\"sc_team_item_socials socials_wrap\"><a target=\"_blank\" href=\"mailto: umut.u@yachtworks.info\" class=\"social_item social_item_style_icons social_item_type_icons\"><span class=\"social_icon social_icon_mail-empty\"><span class=\"icon-mail-empty\"><\/span><\/span><\/a><a target=\"_blank\" href=\"http:\/\/yachtworks.info\" class=\"social_item social_item_style_icons social_item_type_icons\"><span class=\"social_icon social_icon_menu-2\"><span class=\"icon-menu-2\"><\/span><\/span><\/a><\/div>\t\t<div class=\"sc_team_item_button\"><a href=\"http:\/\/yachtworks.info\/de\/team\/umut-unal\/\" class=\"sc_button sc_button_simple\">Learn more<\/a><\/div>\n\t<\/div>\n<\/div>\n<\/div><div class=\"trx_addons_column-1_3\"><div class=\"sc_team_item\">\n\t<div class=\"post_featured with_thumb hover_dots sc_team_item_thumb\"><img loading=\"lazy\" decoding=\"async\" width=\"740\" height=\"563\" src=\"http:\/\/yachtworks.info\/wp-content\/uploads\/2024\/11\/MIRAC-KOC-PROJE-YONETICISI-740x563.jpg\" class=\"attachment-sirene-thumb-team size-sirene-thumb-team wp-post-image\" alt=\"06- Mira\u00e7 Ko\u00e7\" \/><div class=\"mask\"><\/div><a href=\"http:\/\/yachtworks.info\/de\/team\/06-mirac-koc\/\" aria-hidden=\"true\" class=\"icons\"><span><\/span><span><\/span><span><\/span><\/a><\/div>\t<div class=\"sc_team_item_info\">\n\t\t<div class=\"sc_team_item_header\">\n\t\t\t<h5 class=\"sc_team_item_title\"><a href=\"http:\/\/yachtworks.info\/de\/team\/06-mirac-koc\/\">06- Mira\u00e7 Ko\u00e7<\/a><\/h5>\n\t\t\t<div class=\"sc_team_item_subtitle\">Project Manager<\/div>\n\t\t<\/div>\n\t\t<div class=\"sc_team_item_content\"><\/div>\n\t\t<div class=\"sc_team_item_socials socials_wrap\"><a target=\"_blank\" href=\"http:\/\/mirac.k@yachtworks.info\" class=\"social_item social_item_style_icons social_item_type_icons\"><span class=\"social_icon social_icon_mail-empty\"><span class=\"icon-mail-empty\"><\/span><\/span><\/a><a target=\"_blank\" href=\"http:\/\/www.yachtworks.info\" class=\"social_item social_item_style_icons social_item_type_icons\"><span class=\"social_icon social_icon_menu\"><span class=\"icon-menu\"><\/span><\/span><\/a><\/div>\t\t<div class=\"sc_team_item_button\"><a href=\"http:\/\/yachtworks.info\/de\/team\/06-mirac-koc\/\" class=\"sc_button sc_button_simple\">Learn more<\/a><\/div>\n\t<\/div>\n<\/div>\n<\/div><div class=\"trx_addons_column-1_3\"><div class=\"sc_team_item\">\n\t<div class=\"post_featured with_thumb hover_dots sc_team_item_thumb\"><img loading=\"lazy\" decoding=\"async\" width=\"740\" height=\"563\" src=\"http:\/\/yachtworks.info\/wp-content\/uploads\/2025\/01\/OSMAN-KARAKOC-PROJE-YONETICISI-740x563.jpg\" class=\"attachment-sirene-thumb-team size-sirene-thumb-team wp-post-image\" alt=\"07- Osman Karako\u00e7\" \/><div class=\"mask\"><\/div><a href=\"http:\/\/yachtworks.info\/de\/team\/07-osman-karakoc\/\" aria-hidden=\"true\" class=\"icons\"><span><\/span><span><\/span><span><\/span><\/a><\/div>\t<div class=\"sc_team_item_info\">\n\t\t<div class=\"sc_team_item_header\">\n\t\t\t<h5 class=\"sc_team_item_title\"><a href=\"http:\/\/yachtworks.info\/de\/team\/07-osman-karakoc\/\">07- Osman Karako\u00e7<\/a><\/h5>\n\t\t\t<div class=\"sc_team_item_subtitle\">Project Manager<\/div>\n\t\t<\/div>\n\t\t<div class=\"sc_team_item_content\"><\/div>\n\t\t<div class=\"sc_team_item_socials socials_wrap\"><a target=\"_blank\" href=\"\" class=\"social_item social_item_style_icons social_item_type_icons\"><span class=\"social_icon social_icon_mail-empty\"><span class=\"icon-mail-empty\"><\/span><\/span><\/a><a target=\"_blank\" href=\"https:\/\/yachtworks.info\" class=\"social_item social_item_style_icons social_item_type_icons\"><span class=\"social_icon social_icon_globe\"><span class=\"icon-globe\"><\/span><\/span><\/a><\/div>\t\t<div class=\"sc_team_item_button\"><a href=\"http:\/\/yachtworks.info\/de\/team\/07-osman-karakoc\/\" class=\"sc_button sc_button_simple\">Learn more<\/a><\/div>\n\t<\/div>\n<\/div>\n<\/div><div class=\"trx_addons_column-1_3\"><div class=\"sc_team_item\">\n\t<div class=\"post_featured with_thumb hover_dots sc_team_item_thumb\"><img loading=\"lazy\" decoding=\"async\" width=\"740\" height=\"563\" src=\"http:\/\/yachtworks.info\/wp-content\/uploads\/2021\/02\/bk-740x563.jpg\" class=\"attachment-sirene-thumb-team size-sirene-thumb-team wp-post-image\" alt=\"08- Birol Karaaslan\" \/><div class=\"mask\"><\/div><a href=\"http:\/\/yachtworks.info\/de\/team\/%d1%80%d1%83%d1%81%d1%81%d0%ba%d0%b8%d0%b9-birol-karaaslan\/\" aria-hidden=\"true\" class=\"icons\"><span><\/span><span><\/span><span><\/span><\/a><\/div>\t<div class=\"sc_team_item_info\">\n\t\t<div class=\"sc_team_item_header\">\n\t\t\t<h5 class=\"sc_team_item_title\"><a href=\"http:\/\/yachtworks.info\/de\/team\/%d1%80%d1%83%d1%81%d1%81%d0%ba%d0%b8%d0%b9-birol-karaaslan\/\">08- Birol Karaaslan<\/a><\/h5>\n\t\t\t<div class=\"sc_team_item_subtitle\">Workshop Supervisor<\/div>\n\t\t<\/div>\n\t\t<div class=\"sc_team_item_content\"><\/div>\n\t\t<div class=\"sc_team_item_socials socials_wrap\"><a target=\"_blank\" href=\"mailto:birol.k@yachtworks.info\" class=\"social_item social_item_style_icons social_item_type_icons\"><span class=\"social_icon social_icon_mail-empty\"><span class=\"icon-mail-empty\"><\/span><\/span><\/a><a target=\"_blank\" href=\"http:\/\/yachtworks.info\" class=\"social_item social_item_style_icons social_item_type_icons\"><span class=\"social_icon social_icon_menu-2\"><span class=\"icon-menu-2\"><\/span><\/span><\/a><a target=\"_blank\" href=\"http:\/\/yachtworks.info\/kart\/birolk.vcf\" class=\"social_item social_item_style_icons social_item_type_icons\"><span class=\"social_icon social_icon_vcard\"><span class=\"icon-vcard\"><\/span><\/span><\/a><\/div>\t\t<div class=\"sc_team_item_button\"><a href=\"http:\/\/yachtworks.info\/de\/team\/%d1%80%d1%83%d1%81%d1%81%d0%ba%d0%b8%d0%b9-birol-karaaslan\/\" class=\"sc_button sc_button_simple\">Learn more<\/a><\/div>\n\t<\/div>\n<\/div>\n<\/div><div class=\"trx_addons_column-1_3\"><div class=\"sc_team_item\">\n\t<div class=\"post_featured with_thumb hover_dots sc_team_item_thumb\"><img loading=\"lazy\" decoding=\"async\" width=\"740\" height=\"563\" src=\"http:\/\/yachtworks.info\/wp-content\/uploads\/2021\/02\/flz-740x563.jpg\" class=\"attachment-sirene-thumb-team size-sirene-thumb-team wp-post-image\" alt=\"09- Filiz Sancaktar\" \/><div class=\"mask\"><\/div><a href=\"http:\/\/yachtworks.info\/de\/team\/filiz-sancaktar\/\" aria-hidden=\"true\" class=\"icons\"><span><\/span><span><\/span><span><\/span><\/a><\/div>\t<div class=\"sc_team_item_info\">\n\t\t<div class=\"sc_team_item_header\">\n\t\t\t<h5 class=\"sc_team_item_title\"><a href=\"http:\/\/yachtworks.info\/de\/team\/filiz-sancaktar\/\">09- Filiz Sancaktar<\/a><\/h5>\n\t\t\t<div class=\"sc_team_item_subtitle\">Accounting<\/div>\n\t\t<\/div>\n\t\t<div class=\"sc_team_item_content\"><\/div>\n\t\t<div class=\"sc_team_item_socials socials_wrap\"><a target=\"_blank\" href=\"mailto:filiz.s@yachtworks.info\" class=\"social_item social_item_style_icons social_item_type_icons\"><span class=\"social_icon social_icon_mail-empty\"><span class=\"icon-mail-empty\"><\/span><\/span><\/a><a target=\"_blank\" href=\"http:\/\/yachtworks.info\" class=\"social_item social_item_style_icons social_item_type_icons\"><span class=\"social_icon social_icon_menu-2\"><span class=\"icon-menu-2\"><\/span><\/span><\/a><a target=\"_blank\" href=\"http:\/\/www.yachtworks.info\/kart\/filizs.vcf\" class=\"social_item social_item_style_icons social_item_type_icons\"><span class=\"social_icon social_icon_vcard\"><span class=\"icon-vcard\"><\/span><\/span><\/a><\/div>\t\t<div class=\"sc_team_item_button\"><a href=\"http:\/\/yachtworks.info\/de\/team\/filiz-sancaktar\/\" class=\"sc_button sc_button_simple\">Learn more<\/a><\/div>\n\t<\/div>\n<\/div>\n<\/div><div class=\"trx_addons_column-1_3\"><div class=\"sc_team_item\">\n\t<div class=\"post_featured with_thumb hover_dots sc_team_item_thumb\"><img loading=\"lazy\" decoding=\"async\" width=\"740\" height=\"563\" src=\"http:\/\/yachtworks.info\/wp-content\/uploads\/2024\/11\/oguzhan-740x563.jpg\" class=\"attachment-sirene-thumb-team size-sirene-thumb-team wp-post-image\" alt=\"10- O\u011fuzhan G\u00fcrsoy\" \/><div class=\"mask\"><\/div><a href=\"http:\/\/yachtworks.info\/de\/team\/10-oguzhan-gursoy\/\" aria-hidden=\"true\" class=\"icons\"><span><\/span><span><\/span><span><\/span><\/a><\/div>\t<div class=\"sc_team_item_info\">\n\t\t<div class=\"sc_team_item_header\">\n\t\t\t<h5 class=\"sc_team_item_title\"><a href=\"http:\/\/yachtworks.info\/de\/team\/10-oguzhan-gursoy\/\">10- O\u011fuzhan G\u00fcrsoy<\/a><\/h5>\n\t\t\t<div class=\"sc_team_item_subtitle\">Warehouse clerk<\/div>\n\t\t<\/div>\n\t\t<div class=\"sc_team_item_content\"><\/div>\n\t\t<div class=\"sc_team_item_socials socials_wrap\"><a target=\"_blank\" href=\"http:\/\/yachtmarket@yachtworks.info\" class=\"social_item social_item_style_icons social_item_type_icons\"><span class=\"social_icon social_icon_mail-empty\"><span class=\"icon-mail-empty\"><\/span><\/span><\/a><a target=\"_blank\" href=\"https:\/\/yachtworks.info\" class=\"social_item social_item_style_icons social_item_type_icons\"><span class=\"social_icon social_icon_menu\"><span class=\"icon-menu\"><\/span><\/span><\/a><\/div>\t\t<div class=\"sc_team_item_button\"><a href=\"http:\/\/yachtworks.info\/de\/team\/10-oguzhan-gursoy\/\" class=\"sc_button sc_button_simple\">Learn more<\/a><\/div>\n\t<\/div>\n<\/div>\n<\/div><div class=\"trx_addons_column-1_3\"><div class=\"sc_team_item\">\n\t<div class=\"post_featured with_thumb hover_dots sc_team_item_thumb\"><img loading=\"lazy\" decoding=\"async\" width=\"740\" height=\"597\" src=\"http:\/\/yachtworks.info\/wp-content\/uploads\/2021\/02\/ogulcan-740x597.jpg\" class=\"attachment-sirene-thumb-team size-sirene-thumb-team wp-post-image\" alt=\"11- Tevfik O\u011fulcan Ko\u015far\" \/><div class=\"mask\"><\/div><a href=\"http:\/\/yachtworks.info\/de\/team\/tevfik-ogulcan-kosar\/\" aria-hidden=\"true\" class=\"icons\"><span><\/span><span><\/span><span><\/span><\/a><\/div>\t<div class=\"sc_team_item_info\">\n\t\t<div class=\"sc_team_item_header\">\n\t\t\t<h5 class=\"sc_team_item_title\"><a href=\"http:\/\/yachtworks.info\/de\/team\/tevfik-ogulcan-kosar\/\">11- Tevfik O\u011fulcan Ko\u015far<\/a><\/h5>\n\t\t\t<div class=\"sc_team_item_subtitle\">Logistics<\/div>\n\t\t<\/div>\n\t\t<div class=\"sc_team_item_content\"><\/div>\n\t\t<div class=\"sc_team_item_socials socials_wrap\"><a target=\"_blank\" href=\"mailto:yachtmarket@yachtworks.info\" class=\"social_item social_item_style_icons social_item_type_icons\"><span class=\"social_icon social_icon_mail-empty\"><span class=\"icon-mail-empty\"><\/span><\/span><\/a><a target=\"_blank\" href=\"http:\/\/yachtworks.info\" class=\"social_item social_item_style_icons social_item_type_icons\"><span class=\"social_icon social_icon_menu-2\"><span class=\"icon-menu-2\"><\/span><\/span><\/a><\/div>\t\t<div class=\"sc_team_item_button\"><a href=\"http:\/\/yachtworks.info\/de\/team\/tevfik-ogulcan-kosar\/\" class=\"sc_button sc_button_simple\">Learn more<\/a><\/div>\n\t<\/div>\n<\/div>\n<\/div><div class=\"trx_addons_column-1_3\"><div class=\"sc_team_item\">\n\t<div class=\"post_featured with_thumb hover_dots sc_team_item_thumb\"><img loading=\"lazy\" decoding=\"async\" width=\"740\" height=\"563\" src=\"http:\/\/yachtworks.info\/wp-content\/uploads\/2022\/01\/dilan-740x563.jpg\" class=\"attachment-sirene-thumb-team size-sirene-thumb-team wp-post-image\" alt=\"12- Dilan Boyraz\" \/><div class=\"mask\"><\/div><a href=\"http:\/\/yachtworks.info\/de\/team\/dilan_boyraz\/\" aria-hidden=\"true\" class=\"icons\"><span><\/span><span><\/span><span><\/span><\/a><\/div>\t<div class=\"sc_team_item_info\">\n\t\t<div class=\"sc_team_item_header\">\n\t\t\t<h5 class=\"sc_team_item_title\"><a href=\"http:\/\/yachtworks.info\/de\/team\/dilan_boyraz\/\">12- Dilan Boyraz<\/a><\/h5>\n\t\t\t<div class=\"sc_team_item_subtitle\">Assistant<\/div>\n\t\t<\/div>\n\t\t<div class=\"sc_team_item_content\"><\/div>\n\t\t<div class=\"sc_team_item_socials socials_wrap\"><a target=\"_blank\" href=\"http:\/\/iletisim@yachtworks.info\" class=\"social_item social_item_style_icons social_item_type_icons\"><span class=\"social_icon social_icon_mail-empty\"><span class=\"icon-mail-empty\"><\/span><\/span><\/a><a target=\"_blank\" href=\"http:\/\/www.yachtworks.info\" class=\"social_item social_item_style_icons social_item_type_icons\"><span class=\"social_icon social_icon_globe-light\"><span class=\"icon-globe-light\"><\/span><\/span><\/a><\/div>\t\t<div class=\"sc_team_item_button\"><a href=\"http:\/\/yachtworks.info\/de\/team\/dilan_boyraz\/\" class=\"sc_button sc_button_simple\">Learn more<\/a><\/div>\n\t<\/div>\n<\/div>\n<\/div><div class=\"trx_addons_column-1_3\"><div class=\"sc_team_item\">\n\t<div class=\"post_featured with_thumb hover_dots sc_team_item_thumb\"><img loading=\"lazy\" decoding=\"async\" width=\"740\" height=\"563\" src=\"http:\/\/yachtworks.info\/wp-content\/uploads\/2025\/01\/PELIN-AKTUG-SEKRETER-740x563.jpg\" class=\"attachment-sirene-thumb-team size-sirene-thumb-team wp-post-image\" alt=\"13- Pelin Aktu\u011f\" \/><div class=\"mask\"><\/div><a href=\"http:\/\/yachtworks.info\/de\/team\/13-pelin-aktug\/\" aria-hidden=\"true\" class=\"icons\"><span><\/span><span><\/span><span><\/span><\/a><\/div>\t<div class=\"sc_team_item_info\">\n\t\t<div class=\"sc_team_item_header\">\n\t\t\t<h5 class=\"sc_team_item_title\"><a href=\"http:\/\/yachtworks.info\/de\/team\/13-pelin-aktug\/\">13- Pelin Aktu\u011f<\/a><\/h5>\n\t\t\t<div class=\"sc_team_item_subtitle\">Assistant<\/div>\n\t\t<\/div>\n\t\t<div class=\"sc_team_item_content\"><\/div>\n\t\t<div class=\"sc_team_item_socials socials_wrap\"><a target=\"_blank\" href=\"mailto:iletisim@yachtworks.info\" class=\"social_item social_item_style_icons social_item_type_icons\"><span class=\"social_icon social_icon_mail-empty\"><span class=\"icon-mail-empty\"><\/span><\/span><\/a><a target=\"_blank\" href=\"https:\/\/yachtworks.info\" class=\"social_item social_item_style_icons social_item_type_icons\"><span class=\"social_icon social_icon_globe\"><span class=\"icon-globe\"><\/span><\/span><\/a><\/div>\t\t<div class=\"sc_team_item_button\"><a href=\"http:\/\/yachtworks.info\/de\/team\/13-pelin-aktug\/\" class=\"sc_button sc_button_simple\">Learn more<\/a><\/div>\n\t<\/div>\n<\/div>\n<\/div><\/div><\/div><!-- \/.sc_team -->[\/vc_column][\/vc_row]<\/p>\n<\/div>","protected":false},"excerpt":{"rendered":"<p>[vc_row][vc_column][\/vc_column][\/vc_row]<\/p>\n","protected":false},"author":1,"featured_media":0,"parent":0,"menu_order":0,"comment_status":"closed","ping_status":"closed","template":"","meta":{"footnotes":""},"class_list":["post-8276","page","type-page","status-publish","hentry"],"_links":{"self":[{"href":"http:\/\/yachtworks.info\/de\/wp-json\/wp\/v2\/pages\/8276"}],"collection":[{"href":"http:\/\/yachtworks.info\/de\/wp-json\/wp\/v2\/pages"}],"about":[{"href":"http:\/\/yachtworks.info\/de\/wp-json\/wp\/v2\/types\/page"}],"author":[{"embeddable":true,"href":"http:\/\/yachtworks.info\/de\/wp-json\/wp\/v2\/users\/1"}],"replies":[{"embeddable":true,"href":"http:\/\/yachtworks.info\/de\/wp-json\/wp\/v2\/comments?post=8276"}],"version-history":[{"count":0,"href":"http:\/\/yachtworks.info\/de\/wp-json\/wp\/v2\/pages\/8276\/revisions"}],"wp:attachment":[{"href":"http:\/\/yachtworks.info\/de\/wp-json\/wp\/v2\/media?parent=8276"}],"curies":[{"name":"wp","href":"https:\/\/api.w.org\/{rel}","templated":true}]}}