{"id":15971,"date":"2017-02-17T10:56:24","date_gmt":"2017-02-17T08:56:24","guid":{"rendered":"http:\/\/yachtworks.info\/?page_id=15971"},"modified":"2017-02-17T10:56:24","modified_gmt":"2017-02-17T08:56:24","slug":"13m-sailing-yacht","status":"publish","type":"page","link":"http:\/\/yachtworks.info\/tr\/13m-sailing-yacht\/","title":{"rendered":"13M Sailing yacht"},"content":{"rendered":"<p>HDPE Tank De\u011fi\u015fimi<br \/>\nA\u011f\u0131r motor bak\u0131m\u0131<br \/>\nZehirli boya<br \/>\nPolisaj<br \/>\nK\u0131\u015flama periyodik bak\u0131m<\/p>\n<p>[one_fourth]<\/p>\n<p>[lightbox style=&#8221;modern&#8221; image_path=&#8221;http:\/\/www.yachtworks.info\/gallery\/13MSegelyacht\/01.JPG&#8221; popup=&#8221;http:\/\/www.yachtworks.info\/gallery\/13MSegelyacht\/01.JPG&#8221; link_to_page=&#8221;&#8221; target=&#8221;&#8221; description=&#8221;&#8221; size=&#8221;four_col_large&#8221;]<\/p>\n<p>[\/one_fourth]<\/p>\n<p>[one_fourth]<\/p>\n<p>[lightbox style=&#8221;modern&#8221; image_path=&#8221;http:\/\/www.yachtworks.info\/gallery\/13MSegelyacht\/02.JPG&#8221; popup=&#8221;http:\/\/www.yachtworks.info\/gallery\/13MSegelyacht\/02.JPG&#8221; link_to_page=&#8221;&#8221; target=&#8221;&#8221; description=&#8221;&#8221; size=&#8221;four_col_large&#8221;]<\/p>\n<p>[\/one_fourth]<\/p>","protected":false},"excerpt":{"rendered":"<p>HDPE Tank De\u011fi\u015fimi A\u011f\u0131r motor bak\u0131m\u0131 Zehirli boya Polisaj K\u0131\u015flama periyodik bak\u0131m [one_fourth] [lightbox style=&#8221;modern&#8221; image_path=&#8221;http:\/\/www.yachtworks.info\/gallery\/13MSegelyacht\/01.JPG&#8221; popup=&#8221;http:\/\/www.yachtworks.info\/gallery\/13MSegelyacht\/01.JPG&#8221; link_to_page=&#8221;&#8221; target=&#8221;&#8221; description=&#8221;&#8221; size=&#8221;four_col_large&#8221;] [\/one_fourth] [one_fourth] [lightbox style=&#8221;modern&#8221; image_path=&#8221;http:\/\/www.yachtworks.info\/gallery\/13MSegelyacht\/02.JPG&#8221; popup=&#8221;http:\/\/www.yachtworks.info\/gallery\/13MSegelyacht\/02.JPG&#8221; link_to_page=&#8221;&#8221; target=&#8221;&#8221; description=&#8221;&#8221; size=&#8221;four_col_large&#8221;] [\/one_fourth]<\/p>\n","protected":false},"author":1,"featured_media":0,"parent":0,"menu_order":0,"comment_status":"closed","ping_status":"closed","template":"","meta":{"footnotes":""},"class_list":["post-15971","page","type-page","status-publish","hentry"],"_links":{"self":[{"href":"http:\/\/yachtworks.info\/tr\/wp-json\/wp\/v2\/pages\/15971"}],"collection":[{"href":"http:\/\/yachtworks.info\/tr\/wp-json\/wp\/v2\/pages"}],"about":[{"href":"http:\/\/yachtworks.info\/tr\/wp-json\/wp\/v2\/types\/page"}],"author":[{"embeddable":true,"href":"http:\/\/yachtworks.info\/tr\/wp-json\/wp\/v2\/users\/1"}],"replies":[{"embeddable":true,"href":"http:\/\/yachtworks.info\/tr\/wp-json\/wp\/v2\/comments?post=15971"}],"version-history":[{"count":0,"href":"http:\/\/yachtworks.info\/tr\/wp-json\/wp\/v2\/pages\/15971\/revisions"}],"wp:attachment":[{"href":"http:\/\/yachtworks.info\/tr\/wp-json\/wp\/v2\/media?parent=15971"}],"curies":[{"name":"wp","href":"https:\/\/api.w.org\/{rel}","templated":true}]}}