{"id":16008,"date":"2017-02-24T13:51:43","date_gmt":"2017-02-24T11:51:43","guid":{"rendered":"http:\/\/yachtworks.info\/?page_id=16008"},"modified":"2017-02-24T13:51:43","modified_gmt":"2017-02-24T11:51:43","slug":"grand-banks-32-sedan","status":"publish","type":"page","link":"http:\/\/yachtworks.info\/tr\/grand-banks-32-sedan\/","title":{"rendered":"Grand Banks 32 Sedan"},"content":{"rendered":"<p>Borda ve G\u00fcverte Boya Hull&#038;superstructure paint application<br \/>\nKomple Vernik Yenileme<br \/>\nBimini \u0130malat\u0131<br \/>\nKrom Vardevela \u0130malat\u0131<br \/>\nHangarda k\u0131\u015flama<br \/>\nPeriyodik bak\u0131m<br \/>\nSolar penel uygulamalar\u0131<br \/>\nBow thruster kurulumu<br \/>\n<\/p>","protected":false},"excerpt":{"rendered":"<p>Borda ve G\u00fcverte Boya Hull&#038;superstructure paint application Komple Vernik Yenileme Bimini \u0130malat\u0131 Krom Vardevela \u0130malat\u0131 Hangarda k\u0131\u015flama Periyodik bak\u0131m Solar penel uygulamalar\u0131 Bow thruster kurulumu<\/p>\n","protected":false},"author":1,"featured_media":0,"parent":0,"menu_order":0,"comment_status":"closed","ping_status":"closed","template":"","meta":{"footnotes":""},"class_list":["post-16008","page","type-page","status-publish","hentry"],"_links":{"self":[{"href":"http:\/\/yachtworks.info\/tr\/wp-json\/wp\/v2\/pages\/16008"}],"collection":[{"href":"http:\/\/yachtworks.info\/tr\/wp-json\/wp\/v2\/pages"}],"about":[{"href":"http:\/\/yachtworks.info\/tr\/wp-json\/wp\/v2\/types\/page"}],"author":[{"embeddable":true,"href":"http:\/\/yachtworks.info\/tr\/wp-json\/wp\/v2\/users\/1"}],"replies":[{"embeddable":true,"href":"http:\/\/yachtworks.info\/tr\/wp-json\/wp\/v2\/comments?post=16008"}],"version-history":[{"count":0,"href":"http:\/\/yachtworks.info\/tr\/wp-json\/wp\/v2\/pages\/16008\/revisions"}],"wp:attachment":[{"href":"http:\/\/yachtworks.info\/tr\/wp-json\/wp\/v2\/media?parent=16008"}],"curies":[{"name":"wp","href":"https:\/\/api.w.org\/{rel}","templated":true}]}}