{"id":16224,"date":"2017-12-12T14:47:45","date_gmt":"2017-12-12T12:47:45","guid":{"rendered":"http:\/\/yachtworks.info\/?page_id=16224"},"modified":"2017-12-12T14:47:45","modified_gmt":"2017-12-12T12:47:45","slug":"ferretti-custum-line-33-mt","status":"publish","type":"page","link":"http:\/\/yachtworks.info\/tr\/ferretti-custum-line-33-mt\/","title":{"rendered":"Ferretti Custum Line 33 Mt."},"content":{"rendered":"<p>Periyodik Bak\u0131mlar<br \/>\nMakina bak\u0131mlar\u0131<br \/>\nPolisaj ve Zehirli Boya<\/p>","protected":false},"excerpt":{"rendered":"<p>Periyodik Bak\u0131mlar Makina bak\u0131mlar\u0131 Polisaj ve Zehirli Boya<\/p>\n","protected":false},"author":1,"featured_media":0,"parent":0,"menu_order":0,"comment_status":"closed","ping_status":"closed","template":"","meta":{"footnotes":""},"class_list":["post-16224","page","type-page","status-publish","hentry"],"_links":{"self":[{"href":"http:\/\/yachtworks.info\/tr\/wp-json\/wp\/v2\/pages\/16224"}],"collection":[{"href":"http:\/\/yachtworks.info\/tr\/wp-json\/wp\/v2\/pages"}],"about":[{"href":"http:\/\/yachtworks.info\/tr\/wp-json\/wp\/v2\/types\/page"}],"author":[{"embeddable":true,"href":"http:\/\/yachtworks.info\/tr\/wp-json\/wp\/v2\/users\/1"}],"replies":[{"embeddable":true,"href":"http:\/\/yachtworks.info\/tr\/wp-json\/wp\/v2\/comments?post=16224"}],"version-history":[{"count":0,"href":"http:\/\/yachtworks.info\/tr\/wp-json\/wp\/v2\/pages\/16224\/revisions"}],"wp:attachment":[{"href":"http:\/\/yachtworks.info\/tr\/wp-json\/wp\/v2\/media?parent=16224"}],"curies":[{"name":"wp","href":"https:\/\/api.w.org\/{rel}","templated":true}]}}