{"id":19480,"date":"2020-12-09T09:54:40","date_gmt":"2020-12-09T06:54:40","guid":{"rendered":"http:\/\/yachtworks.info\/?page_id=19480"},"modified":"2025-01-06T13:37:27","modified_gmt":"2025-01-06T10:37:27","slug":"fluten","status":"publish","type":"page","link":"http:\/\/yachtworks.info\/tr\/fluten\/","title":{"rendered":"Fluiten Mekanik Contalar"},"content":{"rendered":"<div class=\"wpb-content-wrapper\"><p>[vc_row][vc_column][vc_column_text]<strong>MMS Contas\u0131<\/strong><\/p>\n<p>MMS contas\u0131, 100 mm ile 300 mm aras\u0131nda de\u011fi\u015fen \u015faftlarda kullan\u0131labilir.<\/p>\n<p>\u00c7ok yayl\u0131 yap\u0131s\u0131yla donat\u0131lm\u0131\u015f olan bu conta, eksenel ve radyal hareketlere, titre\u015fimlere kar\u015f\u0131 e\u015fit bir y\u00fck da\u011f\u0131l\u0131m\u0131 ve tolerans sa\u011flar. Acil durumlarda, MMS contas\u0131n\u0131n a\u015f\u0131nan par\u00e7alar\u0131, \u015faft\u0131 s\u00f6kmeye gerek kalmadan yar\u0131-ayr\u0131k bile\u015fen yedek par\u00e7a seti ile de\u011fi\u015ftirilebilir.<\/p>\n<p><strong>TEKN\u0130K \u00d6ZELL\u0130KLER<\/strong><\/p>\n<ul>\n<li><strong>\u00c7ap:<\/strong> 100 \u2013 300 mm<\/li>\n<li><strong>H\u0131z:<\/strong> 0 \u2013 10 m\/sn<\/li>\n<li><strong>Bas\u0131n\u00e7:<\/strong> 0 \u2013 5 bar g<\/li>\n<li><strong>S\u0131cakl\u0131k:<\/strong> -5\u00b0C ila 80\u00b0C<br \/>\n(*) \u0130n\u00e7 \u00f6l\u00e7\u00fcmleri i\u00e7in l\u00fctfen teknik sat\u0131\u015f ofisimizle ileti\u015fime ge\u00e7in.<\/li>\n<\/ul>\n<p><strong>\u00d6zellikler<\/strong><\/p>\n<ul>\n<li>Opsiyonel pn\u00f6matik g\u00fcvenlik sistemi: <strong>IDROSTOP<\/strong><\/li>\n<li>Ya\u011flama ve so\u011futma i\u00e7in ba\u011flant\u0131<\/li>\n<li>G\u00fc\u00e7 t\u00fcketimini azaltmak i\u00e7in dengeli sabit halka<\/li>\n<li>A\u015f\u0131nmaya dayan\u0131kl\u0131 ve anti-a\u015f\u0131nma \u00f6zellikli d\u00f6ner halka<\/li>\n<li>Kendi kendini hizalayan tahrik bilezi\u011fi<\/li>\n<li>Daha kolay ve do\u011fru kurulum i\u00e7in hareketli konumlay\u0131c\u0131lar<\/li>\n<li>Artan g\u00fcvenlik ve dayan\u0131kl\u0131l\u0131k i\u00e7in denizcilik pirincinden yap\u0131lm\u0131\u015f conta g\u00f6vdesi<\/li>\n<li>Eksenel titre\u015fimlere ve kaymaya dayanabilen AISI 316 yaylar<\/li>\n<li>Yang\u0131na dayan\u0131kl\u0131 malzemeden yap\u0131lm\u0131\u015f contalar<\/li>\n<\/ul>\n<p>[\/vc_column_text][\/vc_column][\/vc_row][vc_row][vc_column][vc_single_image image=&#8221;20699&#8243;][\/vc_column][\/vc_row]<\/p>\n<\/div>","protected":false},"excerpt":{"rendered":"<p>[vc_row][vc_column][vc_column_text]MMS Contas\u0131 MMS contas\u0131, 100 mm ile 300 mm aras\u0131nda de\u011fi\u015fen \u015faftlarda kullan\u0131labilir. \u00c7ok yayl\u0131 yap\u0131s\u0131yla donat\u0131lm\u0131\u015f olan bu conta, eksenel ve radyal hareketlere, titre\u015fimlere kar\u015f\u0131 e\u015fit bir y\u00fck da\u011f\u0131l\u0131m\u0131 ve tolerans sa\u011flar. Acil durumlarda, MMS contas\u0131n\u0131n a\u015f\u0131nan par\u00e7alar\u0131, \u015faft\u0131&hellip;<\/p>\n","protected":false},"author":1,"featured_media":0,"parent":0,"menu_order":0,"comment_status":"closed","ping_status":"closed","template":"","meta":{"footnotes":""},"class_list":["post-19480","page","type-page","status-publish","hentry"],"_links":{"self":[{"href":"http:\/\/yachtworks.info\/tr\/wp-json\/wp\/v2\/pages\/19480"}],"collection":[{"href":"http:\/\/yachtworks.info\/tr\/wp-json\/wp\/v2\/pages"}],"about":[{"href":"http:\/\/yachtworks.info\/tr\/wp-json\/wp\/v2\/types\/page"}],"author":[{"embeddable":true,"href":"http:\/\/yachtworks.info\/tr\/wp-json\/wp\/v2\/users\/1"}],"replies":[{"embeddable":true,"href":"http:\/\/yachtworks.info\/tr\/wp-json\/wp\/v2\/comments?post=19480"}],"version-history":[{"count":1,"href":"http:\/\/yachtworks.info\/tr\/wp-json\/wp\/v2\/pages\/19480\/revisions"}],"predecessor-version":[{"id":20700,"href":"http:\/\/yachtworks.info\/tr\/wp-json\/wp\/v2\/pages\/19480\/revisions\/20700"}],"wp:attachment":[{"href":"http:\/\/yachtworks.info\/tr\/wp-json\/wp\/v2\/media?parent=19480"}],"curies":[{"name":"wp","href":"https:\/\/api.w.org\/{rel}","templated":true}]}}