{"id":19519,"date":"2020-12-24T11:59:53","date_gmt":"2020-12-24T08:59:53","guid":{"rendered":"http:\/\/yachtworks.info\/?page_id=19519"},"modified":"2020-12-24T11:59:53","modified_gmt":"2020-12-24T08:59:53","slug":"hr-352-model","status":"publish","type":"page","link":"http:\/\/yachtworks.info\/tr\/hr-352-model\/","title":{"rendered":"HR 352 MODEL"},"content":{"rendered":"<p>Ana Makina De\u011fi\u015fimi<br \/>\nD\u00fcmen Yelpaze Servisi<br \/>\nG\u00fcverte Boya Uygulamas\u0131<br \/>\nK\u00fcpe\u015fte Tik De\u011fi\u015fimi<br \/>\nMakine Dairesi \u0130zolayon De\u011fi\u015fimi<\/p>","protected":false},"excerpt":{"rendered":"<p>Ana Makina De\u011fi\u015fimi D\u00fcmen Yelpaze Servisi G\u00fcverte Boya Uygulamas\u0131 K\u00fcpe\u015fte Tik De\u011fi\u015fimi Makine Dairesi \u0130zolayon De\u011fi\u015fimi<\/p>\n","protected":false},"author":1,"featured_media":0,"parent":0,"menu_order":0,"comment_status":"closed","ping_status":"closed","template":"","meta":{"footnotes":""},"class_list":["post-19519","page","type-page","status-publish","hentry"],"_links":{"self":[{"href":"http:\/\/yachtworks.info\/tr\/wp-json\/wp\/v2\/pages\/19519"}],"collection":[{"href":"http:\/\/yachtworks.info\/tr\/wp-json\/wp\/v2\/pages"}],"about":[{"href":"http:\/\/yachtworks.info\/tr\/wp-json\/wp\/v2\/types\/page"}],"author":[{"embeddable":true,"href":"http:\/\/yachtworks.info\/tr\/wp-json\/wp\/v2\/users\/1"}],"replies":[{"embeddable":true,"href":"http:\/\/yachtworks.info\/tr\/wp-json\/wp\/v2\/comments?post=19519"}],"version-history":[{"count":0,"href":"http:\/\/yachtworks.info\/tr\/wp-json\/wp\/v2\/pages\/19519\/revisions"}],"wp:attachment":[{"href":"http:\/\/yachtworks.info\/tr\/wp-json\/wp\/v2\/media?parent=19519"}],"curies":[{"name":"wp","href":"https:\/\/api.w.org\/{rel}","templated":true}]}}