{"id":19534,"date":"2020-12-24T13:31:57","date_gmt":"2020-12-24T10:31:57","guid":{"rendered":"http:\/\/yachtworks.info\/?page_id=19534"},"modified":"2020-12-24T13:31:57","modified_gmt":"2020-12-24T10:31:57","slug":"s-y-beneteau-57","status":"publish","type":"page","link":"http:\/\/yachtworks.info\/tr\/s-y-beneteau-57\/","title":{"rendered":"S\/Y BENETEAU 57"},"content":{"rendered":"<p>Borda Kaplama De\u011fi\u015fimi<br \/>\nK\u00fcpe\u015fte Onar\u0131m\u0131<br \/>\nSalman\u0131n S\u00f6k\u00fcl\u00fcp Tak\u0131lmas\u0131<br \/>\n\u015eaft Yata\u011f\u0131 De\u011fi\u015fimi<br \/>\nD\u00fcmen yelpazesi servisi<br \/>\nTik G\u00fcverte \u0130malat\u0131<br \/>\nVana Kinistin Kontrol\u00fc Ve Ya\u011flanmas\u0131<br \/>\nYak\u0131t Tank\u0131n\u0131n Temizli\u011fi<\/p>","protected":false},"excerpt":{"rendered":"<p>Borda Kaplama De\u011fi\u015fimi K\u00fcpe\u015fte Onar\u0131m\u0131 Salman\u0131n S\u00f6k\u00fcl\u00fcp Tak\u0131lmas\u0131 \u015eaft Yata\u011f\u0131 De\u011fi\u015fimi D\u00fcmen yelpazesi servisi Tik G\u00fcverte \u0130malat\u0131 Vana Kinistin Kontrol\u00fc Ve Ya\u011flanmas\u0131 Yak\u0131t Tank\u0131n\u0131n Temizli\u011fi<\/p>\n","protected":false},"author":1,"featured_media":0,"parent":0,"menu_order":0,"comment_status":"closed","ping_status":"closed","template":"","meta":{"footnotes":""},"class_list":["post-19534","page","type-page","status-publish","hentry"],"_links":{"self":[{"href":"http:\/\/yachtworks.info\/tr\/wp-json\/wp\/v2\/pages\/19534"}],"collection":[{"href":"http:\/\/yachtworks.info\/tr\/wp-json\/wp\/v2\/pages"}],"about":[{"href":"http:\/\/yachtworks.info\/tr\/wp-json\/wp\/v2\/types\/page"}],"author":[{"embeddable":true,"href":"http:\/\/yachtworks.info\/tr\/wp-json\/wp\/v2\/users\/1"}],"replies":[{"embeddable":true,"href":"http:\/\/yachtworks.info\/tr\/wp-json\/wp\/v2\/comments?post=19534"}],"version-history":[{"count":0,"href":"http:\/\/yachtworks.info\/tr\/wp-json\/wp\/v2\/pages\/19534\/revisions"}],"wp:attachment":[{"href":"http:\/\/yachtworks.info\/tr\/wp-json\/wp\/v2\/media?parent=19534"}],"curies":[{"name":"wp","href":"https:\/\/api.w.org\/{rel}","templated":true}]}}