{"id":19562,"date":"2020-12-30T11:06:36","date_gmt":"2020-12-30T08:06:36","guid":{"rendered":"http:\/\/yachtworks.info\/?page_id=19562"},"modified":"2020-12-30T11:06:36","modified_gmt":"2020-12-30T08:06:36","slug":"sunreef-74","status":"publish","type":"page","link":"http:\/\/yachtworks.info\/tr\/sunreef-74\/","title":{"rendered":"Sunreef 74"},"content":{"rendered":"<p>* Antifouling uygulamas\u0131<br \/>\n* G\u00f6vde \u00dcst Yap\u0131s\u0131 Paslanmaz \u00c7elik Parlatma<br \/>\n* Periyodik Bak\u0131m<\/p>","protected":false},"excerpt":{"rendered":"<p>* Antifouling uygulamas\u0131 * G\u00f6vde \u00dcst Yap\u0131s\u0131 Paslanmaz \u00c7elik Parlatma * Periyodik Bak\u0131m<\/p>\n","protected":false},"author":1,"featured_media":0,"parent":0,"menu_order":0,"comment_status":"closed","ping_status":"closed","template":"","meta":{"footnotes":""},"class_list":["post-19562","page","type-page","status-publish","hentry"],"_links":{"self":[{"href":"http:\/\/yachtworks.info\/tr\/wp-json\/wp\/v2\/pages\/19562"}],"collection":[{"href":"http:\/\/yachtworks.info\/tr\/wp-json\/wp\/v2\/pages"}],"about":[{"href":"http:\/\/yachtworks.info\/tr\/wp-json\/wp\/v2\/types\/page"}],"author":[{"embeddable":true,"href":"http:\/\/yachtworks.info\/tr\/wp-json\/wp\/v2\/users\/1"}],"replies":[{"embeddable":true,"href":"http:\/\/yachtworks.info\/tr\/wp-json\/wp\/v2\/comments?post=19562"}],"version-history":[{"count":0,"href":"http:\/\/yachtworks.info\/tr\/wp-json\/wp\/v2\/pages\/19562\/revisions"}],"wp:attachment":[{"href":"http:\/\/yachtworks.info\/tr\/wp-json\/wp\/v2\/media?parent=19562"}],"curies":[{"name":"wp","href":"https:\/\/api.w.org\/{rel}","templated":true}]}}