{"id":19566,"date":"2020-12-30T11:15:18","date_gmt":"2020-12-30T08:15:18","guid":{"rendered":"http:\/\/yachtworks.info\/?page_id=19566"},"modified":"2020-12-30T11:16:14","modified_gmt":"2020-12-30T08:16:14","slug":"hanse-470e","status":"publish","type":"page","link":"http:\/\/yachtworks.info\/tr\/hanse-470e\/","title":{"rendered":"Hanse 470e"},"content":{"rendered":"<p>* Rollbar imalat\u0131<br \/>\n* G\u00fcne\u015f paneli montaj\u0131<br \/>\n* Bowthruster hizmeti<br \/>\n* Yelkenli s\u00fcr\u00fc\u015f hizmeti<br \/>\n* D\u00fcmen b\u0131\u00e7a\u011f\u0131 servisi<br \/>\n* Antifouling boya uygulamas\u0131<br \/>\n* G\u00f6vde ve \u00dcstyap\u0131 ve Paslanmaz \u00c7elik parlatma<br \/>\n* Ambar ve lumbozlar\u0131n s\u00f6k\u00fclmesi ve yeniden tak\u0131lmas\u0131<\/p>","protected":false},"excerpt":{"rendered":"<p>* Rollbar imalat\u0131 * G\u00fcne\u015f paneli montaj\u0131 * Bowthruster hizmeti * Yelkenli s\u00fcr\u00fc\u015f hizmeti * D\u00fcmen b\u0131\u00e7a\u011f\u0131 servisi * Antifouling boya uygulamas\u0131 * G\u00f6vde ve \u00dcstyap\u0131 ve Paslanmaz \u00c7elik parlatma * Ambar ve lumbozlar\u0131n s\u00f6k\u00fclmesi ve yeniden tak\u0131lmas\u0131<\/p>\n","protected":false},"author":1,"featured_media":0,"parent":0,"menu_order":0,"comment_status":"closed","ping_status":"closed","template":"","meta":{"footnotes":""},"class_list":["post-19566","page","type-page","status-publish","hentry"],"_links":{"self":[{"href":"http:\/\/yachtworks.info\/tr\/wp-json\/wp\/v2\/pages\/19566"}],"collection":[{"href":"http:\/\/yachtworks.info\/tr\/wp-json\/wp\/v2\/pages"}],"about":[{"href":"http:\/\/yachtworks.info\/tr\/wp-json\/wp\/v2\/types\/page"}],"author":[{"embeddable":true,"href":"http:\/\/yachtworks.info\/tr\/wp-json\/wp\/v2\/users\/1"}],"replies":[{"embeddable":true,"href":"http:\/\/yachtworks.info\/tr\/wp-json\/wp\/v2\/comments?post=19566"}],"version-history":[{"count":0,"href":"http:\/\/yachtworks.info\/tr\/wp-json\/wp\/v2\/pages\/19566\/revisions"}],"wp:attachment":[{"href":"http:\/\/yachtworks.info\/tr\/wp-json\/wp\/v2\/media?parent=19566"}],"curies":[{"name":"wp","href":"https:\/\/api.w.org\/{rel}","templated":true}]}}