{"id":19580,"date":"2020-12-30T11:26:34","date_gmt":"2020-12-30T08:26:34","guid":{"rendered":"http:\/\/yachtworks.info\/?page_id=19580"},"modified":"2020-12-30T11:26:58","modified_gmt":"2020-12-30T08:26:58","slug":"sunreef-supreme-68","status":"publish","type":"page","link":"http:\/\/yachtworks.info\/tr\/sunreef-supreme-68\/","title":{"rendered":"Sunreef Supreme 68"},"content":{"rendered":"<p>* Hangar k\u0131\u015flama<br \/>\n* Antifouling uygulamas\u0131<br \/>\n* G\u00f6vde \u00dcst Yap\u0131s\u0131 Paslanmaz \u00c7elik Parlatma<br \/>\n* Valf de\u011fi\u015fimi<br \/>\n* Anot de\u011fi\u015fimi<\/p>","protected":false},"excerpt":{"rendered":"<p>* Hangar k\u0131\u015flama * Antifouling uygulamas\u0131 * G\u00f6vde \u00dcst Yap\u0131s\u0131 Paslanmaz \u00c7elik Parlatma * Valf de\u011fi\u015fimi * Anot de\u011fi\u015fimi<\/p>\n","protected":false},"author":1,"featured_media":0,"parent":0,"menu_order":0,"comment_status":"closed","ping_status":"closed","template":"","meta":{"footnotes":""},"class_list":["post-19580","page","type-page","status-publish","hentry"],"_links":{"self":[{"href":"http:\/\/yachtworks.info\/tr\/wp-json\/wp\/v2\/pages\/19580"}],"collection":[{"href":"http:\/\/yachtworks.info\/tr\/wp-json\/wp\/v2\/pages"}],"about":[{"href":"http:\/\/yachtworks.info\/tr\/wp-json\/wp\/v2\/types\/page"}],"author":[{"embeddable":true,"href":"http:\/\/yachtworks.info\/tr\/wp-json\/wp\/v2\/users\/1"}],"replies":[{"embeddable":true,"href":"http:\/\/yachtworks.info\/tr\/wp-json\/wp\/v2\/comments?post=19580"}],"version-history":[{"count":0,"href":"http:\/\/yachtworks.info\/tr\/wp-json\/wp\/v2\/pages\/19580\/revisions"}],"wp:attachment":[{"href":"http:\/\/yachtworks.info\/tr\/wp-json\/wp\/v2\/media?parent=19580"}],"curies":[{"name":"wp","href":"https:\/\/api.w.org\/{rel}","templated":true}]}}