{"id":19586,"date":"2020-12-30T11:41:57","date_gmt":"2020-12-30T08:41:57","guid":{"rendered":"http:\/\/yachtworks.info\/?page_id=19586"},"modified":"2020-12-30T11:41:57","modified_gmt":"2020-12-30T08:41:57","slug":"halberg-rassy-352","status":"publish","type":"page","link":"http:\/\/yachtworks.info\/tr\/halberg-rassy-352\/","title":{"rendered":"Halberg Rassy 352"},"content":{"rendered":"<p>* Yanmar ile Ana Motor de\u011fi\u015fimi<br \/>\n* Tik g\u00fcverte s\u00f6kme ve kaymay\u0131 \u00f6nleyici boya uygulamas\u0131<br \/>\n* Motor odas\u0131 izolasyon de\u011fi\u015fimi<br \/>\n* Pervane de\u011fi\u015fimi<br \/>\n* Mil yata\u011f\u0131 de\u011fi\u015fimi<br \/>\n* Kuyu deniz de\u011fi\u015fimi<br \/>\n* Ba\u015fl\u0131k ray\u0131 tik de\u011fi\u015fimi<br \/>\n* Kademesiz ve kademeli direk \u00e7al\u0131\u015fmas\u0131<\/p>","protected":false},"excerpt":{"rendered":"<p>* Yanmar ile Ana Motor de\u011fi\u015fimi * Tik g\u00fcverte s\u00f6kme ve kaymay\u0131 \u00f6nleyici boya uygulamas\u0131 * Motor odas\u0131 izolasyon de\u011fi\u015fimi * Pervane de\u011fi\u015fimi * Mil yata\u011f\u0131 de\u011fi\u015fimi * Kuyu deniz de\u011fi\u015fimi * Ba\u015fl\u0131k ray\u0131 tik de\u011fi\u015fimi * Kademesiz ve kademeli&hellip;<\/p>\n","protected":false},"author":1,"featured_media":0,"parent":0,"menu_order":0,"comment_status":"closed","ping_status":"closed","template":"","meta":{"footnotes":""},"class_list":["post-19586","page","type-page","status-publish","hentry"],"_links":{"self":[{"href":"http:\/\/yachtworks.info\/tr\/wp-json\/wp\/v2\/pages\/19586"}],"collection":[{"href":"http:\/\/yachtworks.info\/tr\/wp-json\/wp\/v2\/pages"}],"about":[{"href":"http:\/\/yachtworks.info\/tr\/wp-json\/wp\/v2\/types\/page"}],"author":[{"embeddable":true,"href":"http:\/\/yachtworks.info\/tr\/wp-json\/wp\/v2\/users\/1"}],"replies":[{"embeddable":true,"href":"http:\/\/yachtworks.info\/tr\/wp-json\/wp\/v2\/comments?post=19586"}],"version-history":[{"count":0,"href":"http:\/\/yachtworks.info\/tr\/wp-json\/wp\/v2\/pages\/19586\/revisions"}],"wp:attachment":[{"href":"http:\/\/yachtworks.info\/tr\/wp-json\/wp\/v2\/media?parent=19586"}],"curies":[{"name":"wp","href":"https:\/\/api.w.org\/{rel}","templated":true}]}}