{"id":19588,"date":"2020-12-30T11:46:25","date_gmt":"2020-12-30T08:46:25","guid":{"rendered":"http:\/\/yachtworks.info\/?page_id=19588"},"modified":"2020-12-30T11:46:25","modified_gmt":"2020-12-30T08:46:25","slug":"beneteau-57-4","status":"publish","type":"page","link":"http:\/\/yachtworks.info\/tr\/beneteau-57-4\/","title":{"rendered":"Beneteau 57"},"content":{"rendered":"<p>* Tik g\u00fcverte de\u011fi\u015fimi<br \/>\n* Kademesiz ve kademeli direk \u00e7al\u0131\u015fmas\u0131<br \/>\n* G\u00f6vde sarg\u0131s\u0131<br \/>\n* Omurga \u00e7\u0131karma ve yeniden takma<br \/>\n* D\u00fcmen b\u0131\u00e7a\u011f\u0131n\u0131n s\u00f6k\u00fclmesi ve yeniden tak\u0131lmas\u0131<br \/>\n* Arma de\u011fi\u015fimi<br \/>\n* Argenella modifikasyonu<br \/>\n* Lityum pil kurulumu<br \/>\n* Sprayhood ve bimini branda de\u011fi\u015fimi<\/p>","protected":false},"excerpt":{"rendered":"<p>* Tik g\u00fcverte de\u011fi\u015fimi * Kademesiz ve kademeli direk \u00e7al\u0131\u015fmas\u0131 * G\u00f6vde sarg\u0131s\u0131 * Omurga \u00e7\u0131karma ve yeniden takma * D\u00fcmen b\u0131\u00e7a\u011f\u0131n\u0131n s\u00f6k\u00fclmesi ve yeniden tak\u0131lmas\u0131 * Arma de\u011fi\u015fimi * Argenella modifikasyonu * Lityum pil kurulumu * Sprayhood ve bimini&hellip;<\/p>\n","protected":false},"author":1,"featured_media":0,"parent":0,"menu_order":0,"comment_status":"closed","ping_status":"closed","template":"","meta":{"footnotes":""},"class_list":["post-19588","page","type-page","status-publish","hentry"],"_links":{"self":[{"href":"http:\/\/yachtworks.info\/tr\/wp-json\/wp\/v2\/pages\/19588"}],"collection":[{"href":"http:\/\/yachtworks.info\/tr\/wp-json\/wp\/v2\/pages"}],"about":[{"href":"http:\/\/yachtworks.info\/tr\/wp-json\/wp\/v2\/types\/page"}],"author":[{"embeddable":true,"href":"http:\/\/yachtworks.info\/tr\/wp-json\/wp\/v2\/users\/1"}],"replies":[{"embeddable":true,"href":"http:\/\/yachtworks.info\/tr\/wp-json\/wp\/v2\/comments?post=19588"}],"version-history":[{"count":0,"href":"http:\/\/yachtworks.info\/tr\/wp-json\/wp\/v2\/pages\/19588\/revisions"}],"wp:attachment":[{"href":"http:\/\/yachtworks.info\/tr\/wp-json\/wp\/v2\/media?parent=19588"}],"curies":[{"name":"wp","href":"https:\/\/api.w.org\/{rel}","templated":true}]}}