{"id":19590,"date":"2020-12-30T11:47:42","date_gmt":"2020-12-30T08:47:42","guid":{"rendered":"http:\/\/yachtworks.info\/?page_id=19590"},"modified":"2020-12-30T11:47:42","modified_gmt":"2020-12-30T08:47:42","slug":"sun-odyseey-47","status":"publish","type":"page","link":"http:\/\/yachtworks.info\/tr\/sun-odyseey-47\/","title":{"rendered":"Sun Odyseey 47"},"content":{"rendered":"<p>* Tik g\u00fcverte de\u011fi\u015fimi<br \/>\n* Kademesiz ve kademeli direk \u00e7al\u0131\u015fmas\u0131<br \/>\n* Direk boya uygulamas\u0131<br \/>\n* Tekne boyas\u0131 uygulamas\u0131<br \/>\n* G\u00f6vde \u015feridi uygulamas\u0131<br \/>\n* G\u00fcverte jelkot tasar\u0131m\u0131<br \/>\n* Salon d\u00f6\u015feme de\u011fi\u015fimi<br \/>\n* Duru\u015f temel modifikasyonu<br \/>\n* At\u0131k tank\u0131 kurulumu (HDPE)<\/p>","protected":false},"excerpt":{"rendered":"<p>* Tik g\u00fcverte de\u011fi\u015fimi * Kademesiz ve kademeli direk \u00e7al\u0131\u015fmas\u0131 * Direk boya uygulamas\u0131 * Tekne boyas\u0131 uygulamas\u0131 * G\u00f6vde \u015feridi uygulamas\u0131 * G\u00fcverte jelkot tasar\u0131m\u0131 * Salon d\u00f6\u015feme de\u011fi\u015fimi * Duru\u015f temel modifikasyonu * At\u0131k tank\u0131 kurulumu (HDPE)<\/p>\n","protected":false},"author":1,"featured_media":0,"parent":0,"menu_order":0,"comment_status":"closed","ping_status":"closed","template":"","meta":{"footnotes":""},"class_list":["post-19590","page","type-page","status-publish","hentry"],"_links":{"self":[{"href":"http:\/\/yachtworks.info\/tr\/wp-json\/wp\/v2\/pages\/19590"}],"collection":[{"href":"http:\/\/yachtworks.info\/tr\/wp-json\/wp\/v2\/pages"}],"about":[{"href":"http:\/\/yachtworks.info\/tr\/wp-json\/wp\/v2\/types\/page"}],"author":[{"embeddable":true,"href":"http:\/\/yachtworks.info\/tr\/wp-json\/wp\/v2\/users\/1"}],"replies":[{"embeddable":true,"href":"http:\/\/yachtworks.info\/tr\/wp-json\/wp\/v2\/comments?post=19590"}],"version-history":[{"count":0,"href":"http:\/\/yachtworks.info\/tr\/wp-json\/wp\/v2\/pages\/19590\/revisions"}],"wp:attachment":[{"href":"http:\/\/yachtworks.info\/tr\/wp-json\/wp\/v2\/media?parent=19590"}],"curies":[{"name":"wp","href":"https:\/\/api.w.org\/{rel}","templated":true}]}}