{"id":19592,"date":"2020-12-30T11:48:46","date_gmt":"2020-12-30T08:48:46","guid":{"rendered":"http:\/\/yachtworks.info\/?page_id=19592"},"modified":"2020-12-30T11:48:46","modified_gmt":"2020-12-30T08:48:46","slug":"bavaria-30","status":"publish","type":"page","link":"http:\/\/yachtworks.info\/tr\/bavaria-30\/","title":{"rendered":"Bavaria 30"},"content":{"rendered":"<p>* Hull jelkot tamiri ve polisaj\u0131<br \/>\n* Antifouling boya uygulamas\u0131<br \/>\n* G\u00fcverte parlatma<br \/>\n* D\u00fcmen b\u0131\u00e7a\u011f\u0131 tamiri<br \/>\n* Arma kontrol\u00fc<br \/>\n* Webasto \u0131s\u0131t\u0131c\u0131 kurulumu<br \/>\n* Pullpit ve pushpit paslanmaz \u00e7elik modifikasyonu<br \/>\n* Yelkenli s\u00fcr\u00fc\u015f hizmeti<\/p>","protected":false},"excerpt":{"rendered":"<p>* Hull jelkot tamiri ve polisaj\u0131 * Antifouling boya uygulamas\u0131 * G\u00fcverte parlatma * D\u00fcmen b\u0131\u00e7a\u011f\u0131 tamiri * Arma kontrol\u00fc * Webasto \u0131s\u0131t\u0131c\u0131 kurulumu * Pullpit ve pushpit paslanmaz \u00e7elik modifikasyonu * Yelkenli s\u00fcr\u00fc\u015f hizmeti<\/p>\n","protected":false},"author":1,"featured_media":0,"parent":0,"menu_order":0,"comment_status":"closed","ping_status":"closed","template":"","meta":{"footnotes":""},"class_list":["post-19592","page","type-page","status-publish","hentry"],"_links":{"self":[{"href":"http:\/\/yachtworks.info\/tr\/wp-json\/wp\/v2\/pages\/19592"}],"collection":[{"href":"http:\/\/yachtworks.info\/tr\/wp-json\/wp\/v2\/pages"}],"about":[{"href":"http:\/\/yachtworks.info\/tr\/wp-json\/wp\/v2\/types\/page"}],"author":[{"embeddable":true,"href":"http:\/\/yachtworks.info\/tr\/wp-json\/wp\/v2\/users\/1"}],"replies":[{"embeddable":true,"href":"http:\/\/yachtworks.info\/tr\/wp-json\/wp\/v2\/comments?post=19592"}],"version-history":[{"count":0,"href":"http:\/\/yachtworks.info\/tr\/wp-json\/wp\/v2\/pages\/19592\/revisions"}],"wp:attachment":[{"href":"http:\/\/yachtworks.info\/tr\/wp-json\/wp\/v2\/media?parent=19592"}],"curies":[{"name":"wp","href":"https:\/\/api.w.org\/{rel}","templated":true}]}}