{"id":19669,"date":"2021-01-28T15:03:24","date_gmt":"2021-01-28T12:03:24","guid":{"rendered":"http:\/\/yachtworks.info\/?page_id=19669"},"modified":"2021-01-28T15:03:24","modified_gmt":"2021-01-28T12:03:24","slug":"24-m-wooden-gulet-sailing-yacht","status":"publish","type":"page","link":"http:\/\/yachtworks.info\/tr\/24-m-wooden-gulet-sailing-yacht\/","title":{"rendered":"24 M Wooden Gulet Sailing Yacht"},"content":{"rendered":"<p>* Tekne Boyas\u0131 Uygulamas\u0131<br \/>\n* G\u00fcverte \/ \u00dcstyap\u0131 boya uygulamas\u0131<br \/>\n* G\u00f6vde \u015ferit boya uygulamas\u0131<br \/>\n* \u00dcst yap\u0131 ve kapak ray\u0131 verni\u011fi uygulamas\u0131<br \/>\n* T\u00fcm su alt\u0131 alanlar\u0131 kaz\u0131ma ve kavurma<br \/>\n* T\u00fcm su alt\u0131 alanlar\u0131 3 katmanl\u0131 tahta de\u011fi\u015fimi<br \/>\n* T\u00fcm su alt\u0131 alanlar\u0131nda fiber uygulama ve dolgu i\u015fleri<br \/>\n* Kademesiz ve basamakl\u0131 mast uygulamas\u0131<br \/>\n* Direk ve bom boya uygulamas\u0131<br \/>\n* MAN Motor Bak\u0131m\u0131<\/p>","protected":false},"excerpt":{"rendered":"<p>* Tekne Boyas\u0131 Uygulamas\u0131 * G\u00fcverte \/ \u00dcstyap\u0131 boya uygulamas\u0131 * G\u00f6vde \u015ferit boya uygulamas\u0131 * \u00dcst yap\u0131 ve kapak ray\u0131 verni\u011fi uygulamas\u0131 * T\u00fcm su alt\u0131 alanlar\u0131 kaz\u0131ma ve kavurma * T\u00fcm su alt\u0131 alanlar\u0131 3 katmanl\u0131 tahta de\u011fi\u015fimi&hellip;<\/p>\n","protected":false},"author":1,"featured_media":0,"parent":0,"menu_order":0,"comment_status":"closed","ping_status":"closed","template":"","meta":{"footnotes":""},"class_list":["post-19669","page","type-page","status-publish","hentry"],"_links":{"self":[{"href":"http:\/\/yachtworks.info\/tr\/wp-json\/wp\/v2\/pages\/19669"}],"collection":[{"href":"http:\/\/yachtworks.info\/tr\/wp-json\/wp\/v2\/pages"}],"about":[{"href":"http:\/\/yachtworks.info\/tr\/wp-json\/wp\/v2\/types\/page"}],"author":[{"embeddable":true,"href":"http:\/\/yachtworks.info\/tr\/wp-json\/wp\/v2\/users\/1"}],"replies":[{"embeddable":true,"href":"http:\/\/yachtworks.info\/tr\/wp-json\/wp\/v2\/comments?post=19669"}],"version-history":[{"count":0,"href":"http:\/\/yachtworks.info\/tr\/wp-json\/wp\/v2\/pages\/19669\/revisions"}],"wp:attachment":[{"href":"http:\/\/yachtworks.info\/tr\/wp-json\/wp\/v2\/media?parent=19669"}],"curies":[{"name":"wp","href":"https:\/\/api.w.org\/{rel}","templated":true}]}}