{"id":19671,"date":"2021-01-28T15:04:59","date_gmt":"2021-01-28T12:04:59","guid":{"rendered":"http:\/\/yachtworks.info\/?page_id=19671"},"modified":"2021-01-28T15:04:59","modified_gmt":"2021-01-28T12:04:59","slug":"65-ft-sailing-yacht","status":"publish","type":"page","link":"http:\/\/yachtworks.info\/tr\/65-ft-sailing-yacht\/","title":{"rendered":"65 ft Sailing yacht"},"content":{"rendered":"<p>* Unsteppign ve basamak dire\u011fi<br \/>\n* Direk ve bom boya uygulamas\u0131<br \/>\n* Tik g\u00fcverte kalafatlama de\u011fi\u015fimi<br \/>\n* \u0130\u00e7 vernik uygulamas\u0131<br \/>\n* Mobilya tadilat\u0131 marangozluk i\u015fleri<br \/>\n* Antifouling uygulamas\u0131<br \/>\n* D\u00fcmen b\u0131\u00e7a\u011f\u0131 servisi<br \/>\n* Arma de\u011fi\u015fimi<\/p>","protected":false},"excerpt":{"rendered":"<p>* Unsteppign ve basamak dire\u011fi * Direk ve bom boya uygulamas\u0131 * Tik g\u00fcverte kalafatlama de\u011fi\u015fimi * \u0130\u00e7 vernik uygulamas\u0131 * Mobilya tadilat\u0131 marangozluk i\u015fleri * Antifouling uygulamas\u0131 * D\u00fcmen b\u0131\u00e7a\u011f\u0131 servisi * Arma de\u011fi\u015fimi<\/p>\n","protected":false},"author":1,"featured_media":0,"parent":0,"menu_order":0,"comment_status":"closed","ping_status":"closed","template":"","meta":{"footnotes":""},"class_list":["post-19671","page","type-page","status-publish","hentry"],"_links":{"self":[{"href":"http:\/\/yachtworks.info\/tr\/wp-json\/wp\/v2\/pages\/19671"}],"collection":[{"href":"http:\/\/yachtworks.info\/tr\/wp-json\/wp\/v2\/pages"}],"about":[{"href":"http:\/\/yachtworks.info\/tr\/wp-json\/wp\/v2\/types\/page"}],"author":[{"embeddable":true,"href":"http:\/\/yachtworks.info\/tr\/wp-json\/wp\/v2\/users\/1"}],"replies":[{"embeddable":true,"href":"http:\/\/yachtworks.info\/tr\/wp-json\/wp\/v2\/comments?post=19671"}],"version-history":[{"count":0,"href":"http:\/\/yachtworks.info\/tr\/wp-json\/wp\/v2\/pages\/19671\/revisions"}],"wp:attachment":[{"href":"http:\/\/yachtworks.info\/tr\/wp-json\/wp\/v2\/media?parent=19671"}],"curies":[{"name":"wp","href":"https:\/\/api.w.org\/{rel}","templated":true}]}}