{"id":5708,"date":"2013-07-01T14:50:12","date_gmt":"2013-07-01T11:50:12","guid":{"rendered":"http:\/\/iyonize.com\/?page_id=5708"},"modified":"2013-07-01T14:50:12","modified_gmt":"2013-07-01T11:50:12","slug":"12-dinghy","status":"publish","type":"page","link":"http:\/\/yachtworks.info\/tr\/12-dinghy\/","title":{"rendered":"12&#8242; Dinghy"},"content":{"rendered":"<p><\/p>\n<table width=\"80%\" border=\"0\" cellspacing=\"0\" cellpadding=\"0\">\n<tbody>\n<tr>\n<td colspan=\"3\">\n<h1 align=\"center\"><strong>12 Kadem Dinginin Teknik \u00d6zellikleri<\/strong><\/h1>\n<\/td>\n<\/tr>\n<tr>\n<td width=\"20%\"><strong>Tam Boy<\/strong><\/td>\n<td width=\"16%\">3.66m<\/td>\n<td rowspan=\"5\" width=\"64%\"><img loading=\"lazy\" decoding=\"async\" class=\"aligncenter size-thumbnail wp-image-5709\" alt=\"01_siluet_k\" src=\"http:\/\/yachtworks.info\/wp-content\/uploads\/2013\/07\/01_siluet_k-150x150.jpg\" width=\"150\" height=\"150\" \/><\/td>\n<\/tr>\n<tr>\n<td><strong>Azami En<\/strong><\/td>\n<td>1.42m<\/td>\n<\/tr>\n<tr>\n<td><strong>Su Hatt\u0131 Boyu<\/strong><\/td>\n<td>>3.53m<\/td>\n<\/tr>\n<tr>\n<td><strong>A\u011f\u0131rl\u0131k &#8211; asgari<\/strong><\/td>\n<td>115kg min<\/td>\n<\/tr>\n<tr>\n<td valign=\"top\"><strong>Yelken Y\u00fczeyi<\/strong><\/td>\n<td valign=\"top\">10.60sqm<\/td>\n<\/tr>\n<tr>\n<td valign=\"top\"><strong>Kullan\u0131lan A\u011fa\u00e7lar<\/strong><\/td>\n<td colspan=\"2\"><b><br \/>\n\u0130n\u015fada kullan\u0131lan keresteler: Sapelli Maunu (Kaplamalar, tulani elemanlar, oturaklar, g\u00fcverte, far\u015flar, d\u00fcmen yanaklar\u0131), Anadolu Me\u015fesi (Omurga, kontraomurga, ayna, e\u011friler, ba\u015f bodoslama, pra\u00e7ollar, d\u00f6\u015fekler, salma kasas\u0131, \u0131ska\u00e7a), ladin (direk, g\u00f6nder, bumba), sertifikal\u0131 su konrapla\u011f\u0131 (d\u00fcmen palas\u0131)<\/b><\/td>\n<\/tr>\n<tr>\n<td valign=\"top\"><strong>Di\u011fer Detaylar<\/strong><\/td>\n<td colspan=\"2\">Di\u011fer detaylar: Jotun Benar ve International Original ile vernikli, karina Llloyd onayl\u0131 epoksi tutkalla, direk aksam\u0131 poli\u00fcretan tutkalla lamine, ba\u011flant\u0131 elemanlar\u0131 bak\u0131r ve AISI316 kromnikel. Salma s\u0131cak dald\u0131rma galvaniz. D\u00fcmen i\u011fnecikleri ve mandar dilleri Delrin bur\u00e7lu. D\u00fcmen palas\u0131 epoksi boyal\u0131 sertifikal\u0131 su kontrapla\u011f\u0131. Hareketli donan\u0131m Cousin Ropes, makaralar Lalizas. Yelken 6 aunz Polyant, Kaya Yelken imalat\u0131.. Baz\u0131 in\u015fa malzemeleri ve baz\u0131 detaylar m\u00fcnferit anla\u015fmalar baz\u0131nda de\u011fi\u015ftirilebilinir. M\u00fc\u015fteri arzusu ve s\u0131n\u0131f birli\u011fi onay\u0131 do\u011frultusunda prototip k\u00fcrekler, yar\u0131maylar, dayak tahtalar\u0131 ve matafora kancalar\u0131 olmaks\u0131z\u0131n \u00fcretilmi\u015ftir.<\/td>\n<\/tr>\n<\/tbody>\n<\/table>\n<p><img loading=\"lazy\" decoding=\"async\" alt=\"dingi_sozluk\" src=\"http:\/\/yachtworks.info\/wp-content\/uploads\/2013\/07\/dingi_sozluk.gif\" width=\"928\" height=\"973\" \/><\/p>","protected":false},"excerpt":{"rendered":"<p>12 Kadem Dinginin Teknik \u00d6zellikleri Tam Boy 3.66m Azami En 1.42m Su Hatt\u0131 Boyu >3.53m A\u011f\u0131rl\u0131k &#8211; asgari 115kg min Yelken Y\u00fczeyi 10.60sqm Kullan\u0131lan A\u011fa\u00e7lar \u0130n\u015fada kullan\u0131lan keresteler: Sapelli Maunu (Kaplamalar, tulani elemanlar, oturaklar, g\u00fcverte, far\u015flar, d\u00fcmen yanaklar\u0131), Anadolu Me\u015fesi&hellip;<\/p>\n","protected":false},"author":1,"featured_media":0,"parent":0,"menu_order":0,"comment_status":"open","ping_status":"open","template":"template-blank-canvas.php","meta":{"footnotes":""},"class_list":["post-5708","page","type-page","status-publish","hentry"],"_links":{"self":[{"href":"http:\/\/yachtworks.info\/tr\/wp-json\/wp\/v2\/pages\/5708"}],"collection":[{"href":"http:\/\/yachtworks.info\/tr\/wp-json\/wp\/v2\/pages"}],"about":[{"href":"http:\/\/yachtworks.info\/tr\/wp-json\/wp\/v2\/types\/page"}],"author":[{"embeddable":true,"href":"http:\/\/yachtworks.info\/tr\/wp-json\/wp\/v2\/users\/1"}],"replies":[{"embeddable":true,"href":"http:\/\/yachtworks.info\/tr\/wp-json\/wp\/v2\/comments?post=5708"}],"version-history":[{"count":0,"href":"http:\/\/yachtworks.info\/tr\/wp-json\/wp\/v2\/pages\/5708\/revisions"}],"wp:attachment":[{"href":"http:\/\/yachtworks.info\/tr\/wp-json\/wp\/v2\/media?parent=5708"}],"curies":[{"name":"wp","href":"https:\/\/api.w.org\/{rel}","templated":true}]}}