{"id":6963,"date":"2013-11-28T14:43:58","date_gmt":"2013-11-28T12:43:58","guid":{"rendered":"http:\/\/yachtworks.info\/?page_id=6963"},"modified":"2013-11-28T14:43:58","modified_gmt":"2013-11-28T12:43:58","slug":"turkish-transit-log","status":"publish","type":"page","link":"http:\/\/yachtworks.info\/tr\/turkish-transit-log\/","title":{"rendered":"Turkish Transit log"},"content":{"rendered":"<p><\/p>\n<h4>A\u015fa\u011f\u0131da, Yat Kay\u0131t Belgesinin (Transit Log) ba\u015f\u0131nda yer alan ve Yabanc\u0131 Bayrakl\u0131 Yatlar\u0131n uymalar\u0131 gereken kurallar\u0131 a\u00e7\u0131klayan sayfalar\u0131 bulabilirsiniz.<\/h4>\n<p><strong>T\u00dcRK\u0130YE&#8217;YE HO\u015e GELD\u0130N\u0130Z<\/strong><\/p>\n<p><strong>A\u00c7IKLAMALAR (\u00d6ZEL YAT)<\/strong><\/p>\n<p>Yat Kay\u0131t Belgesini doldurmadan \u00f6nce a\u00e7\u0131klamalar\u0131 okuyunuz.<\/p>\n<p>Belgeyi yat\u0131n donatan\u0131 veya kaptan\u0131 b\u00fcy\u00fck harflerle eksiksiz olarak dolduracak ve kendisine ait k\u0131sm\u0131n\u0131 imzalayacakt\u0131r.<\/p>\n<p>&#8220;T\u00fcrkiye&#8217;ye giren veya \u00e7\u0131kan t\u00fcm yatlar, hudut kap\u0131lar\u0131ndan giri\u015f-\u00e7\u0131k\u0131\u015f yapmak zorundad\u0131r. T\u00fcrkiye&#8217;nin hudut kap\u0131lar\u0131, Hopa, Rize, Trabzon, Giresun, Ordu,.Samsun, \u0130nebolu, Sinop, Bart\u0131n, Zonguldak, Ere\u011fli, \u0130stanbul, Tekirda\u011f, Derince, Gemlik, Mudanya, Band\u0131rma, \u00c7anakkale, Ak\u00e7ay, Ayval\u0131k, Dikili, izmir, Ku\u015fadas\u0131, Didim, G\u00fcll\u00fck, Turgutreis, Bodrum, Dat\u00e7a, Marmaris, Fethiye, Ka\u015f, Finike, Kemer, Antalya, Alanya, Anamur, Bozyaz\u0131, Ta\u015fucu, Mersin, Bota\u015f,\u0130skenderun&#8217;dur.<\/p>\n<p>T\u00fcrkiye&#8217;ye giri\u015f-\u00e7\u0131k\u0131\u015f, T\u00fcrk limanlar\u0131 aras\u0131ndaki seyriniz bu belge \u00fczerinde yap\u0131lacakt\u0131r ve T\u00fcrkiye&#8217;de k\u0131\u015flaman\u0131za ili\u015fkin i\u015flemlerde bu belgede yer alan bilgiler esas al\u0131nacakt\u0131r. Yat Kay\u0131t Belgesi Y1, Y2 ile yat\u00e7\u0131, m\u00fcrettebat, g\u00fczergah de\u011fi\u015fikliklerinde veya \u00e7ok sahipli yatlar\u0131n d\u00f6rt sahibi taraf\u0131ndan kullan\u0131lmas\u0131na ve bir y\u0131l i\u00e7erisinde T\u00fcrk karasular\u0131nda yapaca\u011f\u0131n\u0131z di\u011fer seferlerde kullan\u0131lacak de\u011fi\u015fiklik sayfas\u0131 n\u00fcshalar\u0131ndan ve bu n\u00fcshalar\u0131n kamu otoritelerince onay s\u0131ras\u0131nda al\u0131nacak suretlerinden olu\u015fmaktad\u0131r.<\/p>\n<p>Y1 n\u00fcshas\u0131n\u0131 T\u00fcrkiye&#8217;ye giri\u015fte.<\/p>\n<p>Y2 n\u00fcshas\u0131n\u0131 ise; T\u00fcrkiye&#8217;den \u00e7\u0131k\u0131\u015fta, sahip de\u011fi\u015fikli\u011finde, yat\u0131n k\u0131\u015flamaya b\u0131rak\u0131lmas\u0131nda ve bu belgenin ge\u00e7erlili\u011finin sona ermesi halinde d\u00fczenleyiniz.<\/p>\n<p>De\u011fi\u015fiklik sayfas\u0131n\u0131, yat\u00e7\u0131, m\u00fcrettebat, g\u00fczergah de\u011fi\u015fikli\u011finde ve \u00e7ok sahipli yatlar\u0131n di\u011fer sahipleri taraf\u0131ndan kullan\u0131lmas\u0131 ve T\u00fcrk karasular\u0131nda yapaca\u011f\u0131n\u0131z di\u011fer seferlerde d\u00fczenleyiniz.<\/p>\n<p>Bu belgeyi ilgili otoritelerce istenildi\u011finde ibraz edilmek \u00fczere t\u00fcm bilgileri i\u00e7erir \u015fekilde yatta bulundurunuz. Bu belgenin ge\u00e7erlili\u011fi T\u00fcrk karasular\u0131 d\u0131\u015f\u0131na \u00e7\u0131k\u0131lmamas\u0131 kayd\u0131yla bir y\u0131ld\u0131r.<\/p>\n<p>\u00a0<\/p>\n<p><strong>T\u00dcRK\u0130YE&#8217;YE G\u0130R\u0130\u015e<\/strong><\/p>\n<p>\u00a0<\/p>\n<p>Uluslararas\u0131 Liman ve sulardan gelerek T\u00fcrkiye&#8217;ye giri\u015f yapmak istiyorsan\u0131z, bu belgenin T\u00fcrkiye&#8217;ye giri\u015f n\u00fcshas\u0131n\u0131 (Y1 Sayfas\u0131n\u0131) doldurduktan sonra;<\/p>\n<p>1) Sahil Sa\u011fl\u0131k Denetleme Merkezi Tabipli\u011fi yetkililerine m\u00fcracaat ederek, D\u00fcnya Sa\u011fl\u0131k \u00d6rg\u00fct\u00fc kurallar\u0131na g\u00f6re, karantina bayra\u011f\u0131 (sar\u0131 bayrak) \u00e7ekilmi\u015f olarak, m\u00fcrettebat ve yat\u00e7\u0131lar\u0131n\u0131zda, bula\u015f\u0131c\u0131 hastal\u0131k bulunup bulunmad\u0131\u011f\u0131n\u0131 beyan ediniz ve belgenizin ilgili k\u0131sm\u0131n\u0131 onaylat\u0131n\u0131z.<\/p>\n<p>2) Pasaport Polisi&#8217;ne m\u00fcracaat ederek, belgenizin ilgili k\u0131sm\u0131n\u0131 onaylat\u0131n\u0131z.<\/p>\n<p>3) Yat\u0131n\u0131z\u0131n demirba\u015f e\u015fya listesini G\u00fcmr\u00fck Muhafaza Memuruna bildiriniz ve belgenizi onaylat\u0131n\u0131z.<\/p>\n<p>4) Bu belge \u00fczerinde gidece\u011finiz limanlar\u0131 a\u00e7\u0131k\u00e7a belirtiniz ve Liman Ba\u015fkan\u0131na giderek yat\u0131n\u0131z ile T\u00fcrkiye&#8217;ye giri\u015f yapt\u0131\u011f\u0131n\u0131z\u0131 bildiriniz.<\/p>\n<p>T\u00dcRK KARASULARI VE L\u0130MANLARI ARASINDA YAPACA\u011eINIZ SEFERLER<\/p>\n<p>Yat sahibi olarak siz ve yat\u0131n\u0131za alaca\u011f\u0131n\u0131z misafirleriniz T\u00fcrk karasular\u0131 ve limanlar\u0131 aras\u0131nda, ticaret yapmamak ko\u015fulu ile serbest\u00e7e dola\u015fmak hakk\u0131na sahiptir.<\/p>\n<p>T\u00fcrk karasular\u0131nda seyriniz s\u0131ras\u0131nda yatta meydana gelecek bula\u015f\u0131c\u0131 hastal\u0131k veya \u00f6l\u00fcm hadisesini en yak\u0131n limana yana\u015farak Sahil Sa\u011fl\u0131k Merkez Tabipli\u011fine bildiriniz.<\/p>\n<p>Yapt\u0131\u011f\u0131n\u0131z seferde, kaptan, m\u00fcrettebat ve yat\u00e7\u0131 de\u011fi\u015fikli\u011fi yap\u0131lmad\u0131\u011f\u0131 s\u00fcrece, rotan\u0131zdaki di\u011fer koylarda, yasak b\u00f6lgeler hari\u00e7 olmak \u00fczere, hi\u00e7bir i\u015flem yap\u0131lmaks\u0131z\u0131n seyredebilirsiniz.<\/p>\n<p>Ara limanlarda kaptan, yat\u00e7\u0131, m\u00fcrettebat\u0131n\u0131zda ve g\u00fczergah\u0131n\u0131zda de\u011fi\u015fiklik olur ise, mutlaka bulundu\u011funuz yerdeki Liman Ba\u015fkan\u0131&#8217;na m\u00fcracaat ederek, yap\u0131lan de\u011fi\u015fikli\u011fi onaylat\u0131n\u0131z.<\/p>\n<p>\u00c7ok sahipli yabanc\u0131 bayrakl\u0131 \u00f6zel yatlar ile dernek, birlik ve kul\u00fcplere ait yatlar 1 y\u0131lda en fazla d\u00f6rt sahibi taraf\u0131ndan kullan\u0131labilir.<\/p>\n<p>Yat\u0131n\u0131z ile \u00fclkemizde bulunuyor ve vize s\u00fcrenizi uzatmak istiyorsan\u0131z, K\u00fclt\u00fcr ve Turizm Bakanl\u0131\u011f\u0131&#8217;ndan belgeli bir yat liman\u0131n\u0131 veya yat \u00e7ekek yerini ikametgah adresi olarak bildirerek vize s\u00fcrenizi uzatabilirsiniz.<\/p>\n<p>Kaptan\u0131n\u0131z\u0131n, yaz\u0131l\u0131 veya faks talimat\u0131n\u0131zla sizin ya da ailenizin ba\u015fka bir limandan al\u0131nmas\u0131 veya ba\u015fka bir limana b\u0131rak\u0131lmas\u0131 gerekti\u011finde yat\u0131n\u0131z\u0131, Liman Ba\u015fkanl\u0131\u011f\u0131&#8217;ndan sefer izni alarak bir limandan ba\u015fka bir T\u00fcrk liman\u0131na g\u00f6t\u00fcrebilir.<\/p>\n<p>Hakk\u0131n\u0131zda ka\u00e7ak e\u015fya ta\u015f\u0131d\u0131\u011f\u0131n\u0131za ili\u015fkin usul\u00fcne uygun yap\u0131lm\u0131\u015f bir ihbar olmad\u0131k\u00e7a yat\u0131n\u0131zda arama ve e\u015fya muayenesi yap\u0131lmaz.<\/p>\n<p>Ancak, beyan\u0131n\u0131zda veya yap\u0131lacak ihbar sonucu yat\u0131n\u0131zda yap\u0131lacak muayenede T\u00fcrkiye&#8217;ye sokulmas\u0131 yasak e\u015fyan\u0131n bulundu\u011funun anla\u015f\u0131lmas\u0131 halinde bu e\u015fya, g\u00fcmr\u00fck denetimi alt\u0131na al\u0131n\u0131r, yat\u0131n\u0131z T\u00fcrkiye&#8217;yi terk etmedik\u00e7e iade edilmez.<\/p>\n<p>Bu belgenin kaybedilmesi halinde, en yak\u0131n liman veya G\u00fcmr\u00fck Muhafaza idaresi ile irtibata ge\u00e7erek belgenizi yenileyiniz.<\/p>\n<p>Ola\u011fan\u00fcst\u00fc haller, m\u00fccbir sebeplerle veya Denizde Can ve Mal Emniyetini Koruma Hakk\u0131ndaki 4922 Say\u0131l\u0131 Kanun&#8217;da \u00f6ng\u00f6r\u00fclen y\u00fck\u00fcml\u00fcl\u00fckler nedeniyle gerekebilecek zorunlu \u00e7\u0131k\u0131\u015f ve giri\u015flerde duruma ili\u015fkin beyan\u0131n gidilen ilk yerdeki Resmi T\u00fcrk Makamlar\u0131na yap\u0131lmas\u0131 zorunludur.<\/p>\n<p>\u00a0<\/p>\n<p><strong>YATINIZIN T\u00dcRK\u0130YE&#8217;DE BIRAKILMASI<\/strong><\/p>\n<p>\u00a0<\/p>\n<p>Yat\u0131n\u0131z\u0131 Turizm Bakanl\u0131\u011f\u0131&#8217;ndan belgeli Yat Liman\u0131 veya Yat \u00c7ekek yerine b\u0131rakarak ba\u015fka bir vas\u0131tayla \u00fclkemizden ayr\u0131labilirsiniz. Bu \u015fekilde yat liman\u0131 veya \u00e7ekek yerlerine b\u0131rak\u0131lan yatlar 2 y\u0131lda bir sahipleri taraf\u0131ndan kullan\u0131ld\u0131\u011f\u0131 takdirde hi\u00e7bir izne gerek kalmaks\u0131z\u0131n 5 y\u0131la kadar T\u00fcrkiye&#8217;de kalabilirler.<\/p>\n<p>\u00a0<\/p>\n<p><strong>YAT DEM\u0130RBA\u015e L\u0130STES\u0130NDE DE\u011e\u0130\u015e\u0130KL\u0130K<\/strong><\/p>\n<p>\u00a0<\/p>\n<p>Yat\u0131n\u0131z\u0131n T\u00fcrkiye&#8217;de bulundu\u011fu tarihlerde herhangi bir nedenle (tamir vs.) demirba\u015f listesinde de\u011fi\u015fiklik olmas\u0131 halinde ilgili G\u00fcmr\u00fck Muhafaza g\u00f6revlilerince yat kay\u0131t belgesi \u00fczerinde gerekli i\u015flem yap\u0131lacakt\u0131r.<\/p>\n<p>Yat\u0131n\u0131za ait yedek par\u00e7alar ve di\u011fer malzemeler yat\u0131n\u0131z\u0131n T\u00fcrkiye&#8217;de kald\u0131\u011f\u0131 s\u00fcre kadar kalabilecektir.<\/p>\n<p>Bak\u0131m ve onar\u0131m s\u0131ras\u0131nda ortaya \u00e7\u0131kan yedek par\u00e7alar\u0131n, T\u00fcrkiye G\u00fcmr\u00fck B\u00f6lgesi d\u0131\u015f\u0131na \u00e7\u0131kar\u0131lmak istenmesi halinde s\u00f6zkonusu yedek par\u00e7alar\u0131n Demirba\u015f E\u015fya Listesine kaydedilmesi gereklidir. Ayr\u0131ca eski yedek par\u00e7alar\u0131, 4458 Say\u0131l\u0131 G\u00fcmr\u00fck Kanunu&#8217;nun 164&#8217;nc\u00fc maddesi uyar\u0131nca g\u00fcmr\u00fck idaresine b\u0131rakabilirsiniz. T\u00fcrkiye&#8217;yi yat\u0131n\u0131z ile terk etmek istedi\u011finizde, varsa kara ta\u015f\u0131t\u0131n\u0131z\u0131 g\u00fcmr\u00fck denetiminde bulunan yerlere b\u0131rakabilirsiniz.<\/p>\n<p>\u00a0<\/p>\n<p><strong>DALI\u015e B\u00d6LGELER\u0130<\/strong><\/p>\n<p>\u00a0<\/p>\n<p>\u00dclkemiz karasular\u0131nda aletli dal\u0131\u015f izne tabiidir. Bu konuda gerekli bilgiyi il Turizm M\u00fcd\u00fcrl\u00fcklerimizden ve Dan\u0131\u015fma M\u00fcd\u00fcrl\u00fcklerimizden alabilirsiniz.<\/p>\n<p>\u00a0<\/p>\n<p><strong>T\u00dcRK\u0130YE&#8217;DEN \u00c7IKI\u015e<\/strong><\/p>\n<p>\u00a0<\/p>\n<p>Yat\u0131n\u0131zla birlikte T\u00fcrk limanlar\u0131ndan Uluslararas\u0131 limanlara giderken, bu belgenin T\u00fcrkiye&#8217;den \u00e7\u0131k\u0131\u015f sayfas\u0131n\u0131 (Y2 sayfas\u0131) doldurarak Liman Ba\u015fkan\u0131&#8217;na m\u00fcracaat ederek belgelerinizin ilgili k\u0131s\u0131mlar\u0131n\u0131 onaylatarak G\u00fcmr\u00fck Muhafaza \u0130daresi&#8217;nde \u00e7\u0131k\u0131\u015f i\u015fleminizi tamamlay\u0131n\u0131z.<\/p>\n<p>\u00a0<\/p>\n<p><strong>BELGEN\u0130N \u0130PTAL NEDENLER\u0130<\/strong><\/p>\n<p>\u00a0<\/p>\n<p>1) Yat\u0131n T\u00fcrk limanlar\u0131ndan ayr\u0131lmas\u0131.<\/p>\n<p>2) Sahip de\u011fi\u015fikli\u011fi.<\/p>\n<p>3) Belgenin ge\u00e7erlilik s\u00fcresinin sona ermesi.<\/p>\n<p>5) Belgenin kay\u0131p edilmesi.<\/p>\n<p>SORUMLULUKLARINIZ<\/p>\n<p>1) \u00d6zel yat\u0131n\u0131z ile ticari faaliyette bulunamazs\u0131n\u0131z.<\/p>\n<p>2) Misafir olarak beyan etti\u011finiz \u015fah\u0131slardan yat gezisi i\u00e7in \u00fccret alamazs\u0131n\u0131z.<\/p>\n<p>3) Ger\u00e7ek d\u0131\u015f\u0131 beyanlarda bulunamazs\u0131n\u0131z.<\/p>\n<p>4) T\u00fcrkiye&#8217;den tarihi eser \u00e7\u0131kartamazs\u0131n\u0131z.<\/p>\n<p>5) Yatlardan veya gemilerden g\u00fcmr\u00fck i\u015flemi tamamlanmam\u0131\u015f malzeme almay\u0131n\u0131z ve satmay\u0131n\u0131z. Bu \u00fclkemiz kanunlar\u0131na g\u00f6re su\u00e7 olup, tespiti halinde T\u00fcrkiye Cumhuriyeti yasalar\u0131na g\u00f6re i\u015flem yap\u0131l\u0131r.<\/p>","protected":false},"excerpt":{"rendered":"<p>A\u015fa\u011f\u0131da, Yat Kay\u0131t Belgesinin (Transit Log) ba\u015f\u0131nda yer alan ve Yabanc\u0131 Bayrakl\u0131 Yatlar\u0131n uymalar\u0131 gereken kurallar\u0131 a\u00e7\u0131klayan sayfalar\u0131 bulabilirsiniz. T\u00dcRK\u0130YE&#8217;YE HO\u015e GELD\u0130N\u0130Z A\u00c7IKLAMALAR (\u00d6ZEL YAT) Yat Kay\u0131t Belgesini doldurmadan \u00f6nce a\u00e7\u0131klamalar\u0131 okuyunuz. Belgeyi yat\u0131n donatan\u0131 veya kaptan\u0131 b\u00fcy\u00fck harflerle eksiksiz&hellip;<\/p>\n","protected":false},"author":1,"featured_media":0,"parent":0,"menu_order":0,"comment_status":"open","ping_status":"open","template":"template-blank-canvas.php","meta":{"footnotes":""},"class_list":["post-6963","page","type-page","status-publish","hentry"],"_links":{"self":[{"href":"http:\/\/yachtworks.info\/tr\/wp-json\/wp\/v2\/pages\/6963"}],"collection":[{"href":"http:\/\/yachtworks.info\/tr\/wp-json\/wp\/v2\/pages"}],"about":[{"href":"http:\/\/yachtworks.info\/tr\/wp-json\/wp\/v2\/types\/page"}],"author":[{"embeddable":true,"href":"http:\/\/yachtworks.info\/tr\/wp-json\/wp\/v2\/users\/1"}],"replies":[{"embeddable":true,"href":"http:\/\/yachtworks.info\/tr\/wp-json\/wp\/v2\/comments?post=6963"}],"version-history":[{"count":0,"href":"http:\/\/yachtworks.info\/tr\/wp-json\/wp\/v2\/pages\/6963\/revisions"}],"wp:attachment":[{"href":"http:\/\/yachtworks.info\/tr\/wp-json\/wp\/v2\/media?parent=6963"}],"curies":[{"name":"wp","href":"https:\/\/api.w.org\/{rel}","templated":true}]}}