{"id":7744,"date":"2013-12-21T12:29:11","date_gmt":"2013-12-21T10:29:11","guid":{"rendered":"http:\/\/yachtworks.info\/?page_id=7744"},"modified":"2013-12-21T12:29:11","modified_gmt":"2013-12-21T10:29:11","slug":"tik_ve_guverte_imalati","status":"publish","type":"page","link":"http:\/\/yachtworks.info\/tr\/tik_ve_guverte_imalati\/","title":{"rendered":"(T\u00fcrk\u00e7e) Nicholson 55&#8243; i\u00e7in yeni Tik g\u00fcverte tasar\u0131m ve imalat\u0131"},"content":{"rendered":"<p>[one_fourth]<\/p>\n<p>[lightbox style=&#8221;modern&#8221; image_path=&#8221;http:\/\/www.yachtworks.info\/gallery\/deck_manufacturing\/01.jpg&#8221; popup=&#8221;http:\/\/www.yachtworks.info\/gallery\/deck_manufacturing\/01.jpg&#8221; link_to_page=&#8221;&#8221; target=&#8221;&#8221; description=&#8221;&#8221; size=&#8221;four_col_large&#8221;]<\/p>\n<p>[\/one_fourth]<\/p>\n<p>[one_fourth]<\/p>\n<p>[lightbox style=&#8221;modern&#8221; image_path=&#8221;http:\/\/www.yachtworks.info\/gallery\/deck_manufacturing\/02.gif&#8221; popup=&#8221;http:\/\/www.yachtworks.info\/gallery\/deck_manufacturing\/02.gif&#8221; link_to_page=&#8221;&#8221; target=&#8221;&#8221; description=&#8221;&#8221; size=&#8221;four_col_large&#8221;]<\/p>\n<p>[\/one_fourth]<\/p>\n<p>[one_fourth]<\/p>\n<p>[lightbox style=&#8221;modern&#8221; image_path=&#8221;http:\/\/www.yachtworks.info\/gallery\/deck_manufacturing\/03.gif&#8221; popup=&#8221;http:\/\/www.yachtworks.info\/gallery\/deck_manufacturing\/03.gif&#8221; link_to_page=&#8221;&#8221; target=&#8221;&#8221; description=&#8221;&#8221; size=&#8221;four_col_large&#8221;]<\/p>\n<p>[\/one_fourth]<\/p>\n<p>[one_fourth]<\/p>\n<p>[lightbox style=&#8221;modern&#8221; image_path=&#8221;http:\/\/www.yachtworks.info\/gallery\/deck_manufacturing\/04.gif&#8221; popup=&#8221;http:\/\/www.yachtworks.info\/gallery\/deck_manufacturing\/04.gif&#8221; link_to_page=&#8221;&#8221; target=&#8221;&#8221; description=&#8221;&#8221; size=&#8221;four_col_large&#8221;]<\/p>\n<p>[\/one_fourth]<\/p>\n<p>[one_fourth]<\/p>\n<p>[lightbox style=&#8221;modern&#8221; image_path=&#8221;http:\/\/www.yachtworks.info\/gallery\/deck_manufacturing\/05.jpg&#8221; popup=&#8221;http:\/\/www.yachtworks.info\/gallery\/deck_manufacturing\/05.jpg&#8221; link_to_page=&#8221;&#8221; target=&#8221;&#8221; description=&#8221;&#8221; size=&#8221;four_col_large&#8221;]<\/p>\n<p>[\/one_fourth]<\/p>\n<p>[one_fourth]<\/p>\n<p>[lightbox style=&#8221;modern&#8221; image_path=&#8221;http:\/\/www.yachtworks.info\/gallery\/deck_manufacturing\/06.jpg&#8221; popup=&#8221;http:\/\/www.yachtworks.info\/gallery\/deck_manufacturing\/06.jpg&#8221; link_to_page=&#8221;&#8221; target=&#8221;&#8221; description=&#8221;&#8221; size=&#8221;four_col_large&#8221;]<\/p>\n<p>[\/one_fourth]<\/p>\n<p>[one_fourth]<\/p>\n<p>[lightbox style=&#8221;modern&#8221; image_path=&#8221;http:\/\/www.yachtworks.info\/gallery\/deck_manufacturing\/07.jpg&#8221; popup=&#8221;http:\/\/www.yachtworks.info\/gallery\/deck_manufacturing\/07.jpg&#8221; link_to_page=&#8221;&#8221; target=&#8221;&#8221; description=&#8221;&#8221; size=&#8221;four_col_large&#8221;]<\/p>\n<p>[\/one_fourth]<\/p>\n<p>[one_fourth]<\/p>\n<p>[lightbox style=&#8221;modern&#8221; image_path=&#8221;http:\/\/www.yachtworks.info\/gallery\/deck_manufacturing\/08.jpg&#8221; popup=&#8221;http:\/\/www.yachtworks.info\/gallery\/deck_manufacturing\/08.jpg&#8221; link_to_page=&#8221;&#8221; target=&#8221;&#8221; description=&#8221;&#8221; size=&#8221;four_col_large&#8221;]<\/p>\n<p>[\/one_fourth]<\/p>\n<p>[one_fourth]<\/p>\n<p>[lightbox style=&#8221;modern&#8221; image_path=&#8221;http:\/\/www.yachtworks.info\/gallery\/deck_manufacturing\/09.jpg&#8221; popup=&#8221;http:\/\/www.yachtworks.info\/gallery\/deck_manufacturing\/09.jpg&#8221; link_to_page=&#8221;&#8221; target=&#8221;&#8221; description=&#8221;&#8221; size=&#8221;four_col_large&#8221;]<\/p>\n<p>[\/one_fourth]<\/p>\n<p>[one_fourth]<\/p>\n<p>[lightbox style=&#8221;modern&#8221; image_path=&#8221;http:\/\/www.yachtworks.info\/gallery\/deck_manufacturing\/10.jpg&#8221; popup=&#8221;http:\/\/www.yachtworks.info\/gallery\/deck_manufacturing\/10.jpg&#8221; link_to_page=&#8221;&#8221; target=&#8221;&#8221; description=&#8221;&#8221; size=&#8221;four_col_large&#8221;]<\/p>\n<p>[\/one_fourth]<\/p>\n<p>[one_fourth]<\/p>\n<p>[lightbox style=&#8221;modern&#8221; image_path=&#8221;http:\/\/www.yachtworks.info\/gallery\/deck_manufacturing\/11.jpg&#8221; popup=&#8221;http:\/\/www.yachtworks.info\/gallery\/deck_manufacturing\/11.jpg&#8221; link_to_page=&#8221;&#8221; target=&#8221;&#8221; description=&#8221;&#8221; size=&#8221;four_col_large&#8221;]<\/p>\n<p>[\/one_fourth]<\/p>\n<p>[one_fourth]<\/p>\n<p>[lightbox style=&#8221;modern&#8221; image_path=&#8221;http:\/\/www.yachtworks.info\/gallery\/deck_manufacturing\/12.jpg&#8221; popup=&#8221;http:\/\/www.yachtworks.info\/gallery\/deck_manufacturing\/12.jpg&#8221; link_to_page=&#8221;&#8221; target=&#8221;&#8221; description=&#8221;&#8221; size=&#8221;four_col_large&#8221;]<\/p>\n<p>[\/one_fourth]<\/p>\n<p>[one_fourth]<\/p>\n<p>[lightbox style=&#8221;modern&#8221; image_path=&#8221;http:\/\/www.yachtworks.info\/gallery\/deck_manufacturing\/13.jpg&#8221; popup=&#8221;http:\/\/www.yachtworks.info\/gallery\/deck_manufacturing\/13.jpg&#8221; link_to_page=&#8221;&#8221; target=&#8221;&#8221; description=&#8221;&#8221; size=&#8221;four_col_large&#8221;]<\/p>\n<p>[\/one_fourth]<\/p>\n<p>[one_fourth]<\/p>\n<p>[lightbox style=&#8221;modern&#8221; image_path=&#8221;http:\/\/www.yachtworks.info\/gallery\/deck_manufacturing\/14.jpg&#8221; popup=&#8221;http:\/\/www.yachtworks.info\/gallery\/deck_manufacturing\/14.jpg&#8221; link_to_page=&#8221;&#8221; target=&#8221;&#8221; description=&#8221;&#8221; size=&#8221;four_col_large&#8221;]<\/p>\n<p>[\/one_fourth]<\/p>\n<p>[one_fourth]<\/p>\n<p>[lightbox style=&#8221;modern&#8221; image_path=&#8221;http:\/\/www.yachtworks.info\/gallery\/deck_manufacturing\/15.jpg&#8221; popup=&#8221;http:\/\/www.yachtworks.info\/gallery\/deck_manufacturing\/15.jpg&#8221; link_to_page=&#8221;&#8221; target=&#8221;&#8221; description=&#8221;&#8221; size=&#8221;four_col_large&#8221;]<\/p>\n<p>[\/one_fourth]<\/p>","protected":false},"excerpt":{"rendered":"<p>[one_fourth] [lightbox style=&#8221;modern&#8221; image_path=&#8221;http:\/\/www.yachtworks.info\/gallery\/deck_manufacturing\/01.jpg&#8221; popup=&#8221;http:\/\/www.yachtworks.info\/gallery\/deck_manufacturing\/01.jpg&#8221; link_to_page=&#8221;&#8221; target=&#8221;&#8221; description=&#8221;&#8221; size=&#8221;four_col_large&#8221;] [\/one_fourth] [one_fourth] [lightbox style=&#8221;modern&#8221; image_path=&#8221;http:\/\/www.yachtworks.info\/gallery\/deck_manufacturing\/02.gif&#8221; popup=&#8221;http:\/\/www.yachtworks.info\/gallery\/deck_manufacturing\/02.gif&#8221; link_to_page=&#8221;&#8221; target=&#8221;&#8221; description=&#8221;&#8221; size=&#8221;four_col_large&#8221;] [\/one_fourth] [one_fourth] [lightbox style=&#8221;modern&#8221; image_path=&#8221;http:\/\/www.yachtworks.info\/gallery\/deck_manufacturing\/03.gif&#8221; popup=&#8221;http:\/\/www.yachtworks.info\/gallery\/deck_manufacturing\/03.gif&#8221; link_to_page=&#8221;&#8221; target=&#8221;&#8221; description=&#8221;&#8221; size=&#8221;four_col_large&#8221;] [\/one_fourth] [one_fourth] [lightbox style=&#8221;modern&#8221; image_path=&#8221;http:\/\/www.yachtworks.info\/gallery\/deck_manufacturing\/04.gif&#8221; popup=&#8221;http:\/\/www.yachtworks.info\/gallery\/deck_manufacturing\/04.gif&#8221; link_to_page=&#8221;&#8221; target=&#8221;&#8221; description=&#8221;&#8221; size=&#8221;four_col_large&#8221;] [\/one_fourth]&hellip;<\/p>\n","protected":false},"author":1,"featured_media":0,"parent":0,"menu_order":0,"comment_status":"open","ping_status":"open","template":"template-blank-canvas.php","meta":{"footnotes":""},"class_list":["post-7744","page","type-page","status-publish","hentry"],"_links":{"self":[{"href":"http:\/\/yachtworks.info\/tr\/wp-json\/wp\/v2\/pages\/7744"}],"collection":[{"href":"http:\/\/yachtworks.info\/tr\/wp-json\/wp\/v2\/pages"}],"about":[{"href":"http:\/\/yachtworks.info\/tr\/wp-json\/wp\/v2\/types\/page"}],"author":[{"embeddable":true,"href":"http:\/\/yachtworks.info\/tr\/wp-json\/wp\/v2\/users\/1"}],"replies":[{"embeddable":true,"href":"http:\/\/yachtworks.info\/tr\/wp-json\/wp\/v2\/comments?post=7744"}],"version-history":[{"count":0,"href":"http:\/\/yachtworks.info\/tr\/wp-json\/wp\/v2\/pages\/7744\/revisions"}],"wp:attachment":[{"href":"http:\/\/yachtworks.info\/tr\/wp-json\/wp\/v2\/media?parent=7744"}],"curies":[{"name":"wp","href":"https:\/\/api.w.org\/{rel}","templated":true}]}}