{"id":8020,"date":"2014-01-16T11:22:56","date_gmt":"2014-01-16T09:22:56","guid":{"rendered":"http:\/\/yachtworks.info\/?page_id=8020"},"modified":"2025-01-06T13:52:02","modified_gmt":"2025-01-06T10:52:02","slug":"didim","status":"publish","type":"page","link":"http:\/\/yachtworks.info\/tr\/didim\/","title":{"rendered":"Didim"},"content":{"rendered":"<p><\/p>\n<p style=\"text-align: left;\"><img loading=\"lazy\" decoding=\"async\" class=\"size-medium wp-image-8021\" src=\"http:\/\/yachtworks.info\/wp-content\/uploads\/2014\/01\/Didim_marina012-300x139.jpg\" alt=\"Didim_marina012\" width=\"300\" height=\"139\" \/><\/p>\n<p><strong>Didim \u015eubesi:<\/strong><br \/>\nDo\u011fu\u015f Didim Marina \u0130\u015fletmecili\u011fi Tur. ve Tic. A.\u015e.<br \/>\nCaml\u0131k Mevkii 3. Koy Didim, Ayd\u0131n, T\u00fcrkiye<br \/>\nTelefon: +90 256 813 52 44<br \/>\nFaks: +90 256 813 52 45<br \/>\n37\u00b0 20&#8242; 17&#8243; N &#8211; 27\u00b0 15&#8242; 57&#8243; E<\/p>\n<p><strong>D-Marin Didim Hakk\u0131nda:<\/strong><br \/>\nT\u00fcrkiye&#8217;nin par\u0131ldayan Ege k\u0131y\u0131lar\u0131nda yer alan Didim, ad\u0131n\u0131 M\u00d6 6. y\u00fczy\u0131ldan kalma Apollo Tap\u0131na\u011f\u0131&#8217;n\u0131n yak\u0131nlardaki kal\u0131nt\u0131lar\u0131ndan al\u0131r; bu tap\u0131nak y\u0131llar i\u00e7inde olduk\u00e7a sa\u011flam bir \u015fekilde korunmu\u015ftur. K\u00fc\u00e7\u00fck bir kasaba olan Didim, D-Marin Marinalar Grubu&#8217;nun en yeni marinalar\u0131ndan birine ev sahipli\u011fi yapmaktad\u0131r ve uzun kumsallar\u0131, mavi denizleri, kasaban\u0131n sakinli\u011fi ve gezilebilecek muazzam kal\u0131nt\u0131lar\u0131 sayesinde pop\u00fcler bir aile tatil beldesi olmu\u015ftur. Ayr\u0131ca, \u00f6zel mikro iklimi ile tan\u0131n\u0131r; bu iklim, sakinlerinin Ocak ay\u0131nda bile plajlar\u0131n ve su sporlar\u0131n\u0131n tad\u0131n\u0131 \u00e7\u0131karmas\u0131na olanak tan\u0131r. \u015eehir merkezinin biraz daha d\u0131\u015f\u0131nda, daha k\u00fc\u00e7\u00fck ve \u00e7ok daha sakin olan, araban\u0131zla ya da marinadan h\u0131zl\u0131 bir yelkenle kolayca ula\u015f\u0131labilen en cazip koylar bulunmaktad\u0131r.<\/p>\n<p>Kasaba, \u00e7ekici bir pazara ve bir su park\u0131na sahiptir. Yak\u0131nlardaki Bafa G\u00f6l\u00fc Milli Park\u0131, b\u00fcy\u00fcleyici do\u011fal g\u00fczelliklere sahip bir alan olup, antik Yunan \u015fehirleri Miletos ve Priene&#8217;in kal\u0131nt\u0131lar\u0131, iki bin y\u0131l\u0131 a\u015fk\u0131n bir tarihe ad\u0131m atman\u0131z\u0131 sa\u011flar.<\/p>\n<p>D-Marin Didim&#8217;in 5 Y\u0131ld\u0131zl\u0131 Alt\u0131n \u00c7apa derecesi ve s\u00fcrekli kazand\u0131\u011f\u0131 Mavi Bayrak \u00f6d\u00fcl\u00fc, kaliteli hizmet sunma konusundaki kararl\u0131l\u0131\u011f\u0131m\u0131z\u0131 g\u00f6stermektedir. 2009 y\u0131l\u0131nda a\u00e7\u0131ld\u0131\u011f\u0131nda, T\u00fcrkiye&#8217;nin s\u00fcperyatlar\u0131 destekleyen en b\u00fcy\u00fck marinas\u0131 olmu\u015ftur.<\/p>\n<p>D-Marin Didim, 8 m ile 70 m aras\u0131nda toplam 580 ba\u011flama yeri, 86 s\u00fcperyat ba\u011flama yeri ve 6 m su derinli\u011fi ile hizmet vermektedir. Hem \u0130zmir Adnan Menderes Havaliman\u0131 hem de Bodrum-Milas Uluslararas\u0131 Havaliman\u0131&#8217;ndan yeni d\u00fczenlenmi\u015f yollarla kolayca ula\u015f\u0131labilir.<\/p>\n<p><strong>yachtMARKET:<\/strong><br \/>\nMa\u011fazam\u0131zda yedek par\u00e7alar, bak\u0131m kitleri, boya \u00e7e\u015fitleri ve daha fazlas\u0131n\u0131 sunuyoruz\u2026<br \/>\nSorular\u0131n\u0131z ve sipari\u015fleriniz i\u00e7in: <a href=\"mailto:info@yachtworks.info\">info@yachtworks.info<\/a><br \/>\n+90 (256) 813 52 44<\/p>\n<p><a href=\"http:\/\/www.man-engines.com\/en\/marine\/Marine.html\" target=\"_blank\" rel=\"noopener noreferrer\"><img loading=\"lazy\" decoding=\"async\" src=\"http:\/\/yachtworks.info\/wp-content\/uploads\/2014\/01\/manservice.png\" alt=\"manservice\" width=\"300\" height=\"90\" \/><\/a><\/p>","protected":false},"excerpt":{"rendered":"<p>Didim \u015eubesi: Do\u011fu\u015f Didim Marina \u0130\u015fletmecili\u011fi Tur. ve Tic. A.\u015e. Caml\u0131k Mevkii 3. Koy Didim, Ayd\u0131n, T\u00fcrkiye Telefon: +90 256 813 52 44 Faks: +90 256 813 52 45 37\u00b0 20&#8242; 17&#8243; N &#8211; 27\u00b0 15&#8242; 57&#8243; E D-Marin Didim&hellip;<\/p>\n","protected":false},"author":1,"featured_media":0,"parent":0,"menu_order":0,"comment_status":"closed","ping_status":"closed","template":"","meta":{"footnotes":""},"class_list":["post-8020","page","type-page","status-publish","hentry"],"_links":{"self":[{"href":"http:\/\/yachtworks.info\/tr\/wp-json\/wp\/v2\/pages\/8020"}],"collection":[{"href":"http:\/\/yachtworks.info\/tr\/wp-json\/wp\/v2\/pages"}],"about":[{"href":"http:\/\/yachtworks.info\/tr\/wp-json\/wp\/v2\/types\/page"}],"author":[{"embeddable":true,"href":"http:\/\/yachtworks.info\/tr\/wp-json\/wp\/v2\/users\/1"}],"replies":[{"embeddable":true,"href":"http:\/\/yachtworks.info\/tr\/wp-json\/wp\/v2\/comments?post=8020"}],"version-history":[{"count":1,"href":"http:\/\/yachtworks.info\/tr\/wp-json\/wp\/v2\/pages\/8020\/revisions"}],"predecessor-version":[{"id":20701,"href":"http:\/\/yachtworks.info\/tr\/wp-json\/wp\/v2\/pages\/8020\/revisions\/20701"}],"wp:attachment":[{"href":"http:\/\/yachtworks.info\/tr\/wp-json\/wp\/v2\/media?parent=8020"}],"curies":[{"name":"wp","href":"https:\/\/api.w.org\/{rel}","templated":true}]}}