{"id":1082,"date":"2013-04-05T10:54:58","date_gmt":"2013-04-05T07:54:58","guid":{"rendered":"http:\/\/iyonize.com\/?page_id=22"},"modified":"2013-04-05T10:54:58","modified_gmt":"2013-04-05T07:54:58","slug":"location","status":"publish","type":"page","link":"https:\/\/yachtworks.info\/de\/location\/","title":{"rendered":"Location"},"content":{"rendered":"<p><strong>Our company base established at Bodrum Peninsula in Turgutreis.<\/strong><br \/>\n<strong>Main office is placed D-Marina.<\/strong><br \/>\n<strong>Operation office<\/strong><br \/>\nGazi Mustafa Kemal Bulvari No:43<br \/>\nKat:1 Daire: 1 48960 Turgutreis\/Bodrum, Turkiye<br \/>\nTel: +90 252 382 44 45 (Pbx)<br \/>\nFax:+90 252 382 70 74<\/p>\n<table border=\"0\" cellspacing=\"0\" cellpadding=\"0\">\n<tbody>\n<tr>\n<td width=\"425\">\n<table border=\"0\" cellspacing=\"0\" cellpadding=\"0\">\n<tbody>\n<tr>\n<td width=\"425\"><iframe loading=\"lazy\" src=\"http:\/\/maps.google.com\/maps\/ms?source=embed&#038;ie=UTF8&#038;hl=tr&#038;t=h&#038;msa=0&#038;msid=114855877041481358652.00045ba62e1b9aba7d8d9&#038;ll=37.001341,27.258717&#038;spn=0.005998,0.00912&#038;z=16&#038;output=embed\" height=\"350\" width=\"425\" frameborder=\"0\" marginwidth=\"0\" marginheight=\"0\" scrolling=\"no\"><\/iframe><\/td>\n<\/tr>\n<\/tbody>\n<\/table>\n<\/td>\n<\/tr>\n<\/tbody>\n<\/table>\n<p><strong>Didim<\/strong><strong>\u00a0Branch address and communication details:<br \/>\n<\/strong>Adress\u00a0: Do\u011fu\u015f Didim Marina \u0130\u015fletmecili\u011fi Tur. ve Tic. A.\u015e.<br \/>\n\u00c7aml\u0131k Mevkii 3.Koy Didim\/Ayd\u0131n-T\u00fcrkiye<br \/>\n<em id=\"__mceDel\">Tel : +90 256 813 52 44<br \/>\n<\/em><em id=\"__mceDel\"><\/em><em id=\"__mceDel\"><\/em><em id=\"__mceDel\"><\/em><em id=\"__mceDel\"><\/em><em id=\"__mceDel\">Fax : +90 256 813 52 45<\/em><\/p>\n<p><iframe loading=\"lazy\" src=\"http:\/\/maps.google.com\/maps\/ms?source=embed&#038;ie=UTF8&#038;hl=tr&#038;t=h&#038;msa=0&#038;msid=114855877041481358652.000475d2d133ba9e967b0&#038;ll=37.34065,27.259011&#038;spn=0.011942,0.018239&#038;z=15&#038;output=embed\" height=\"350\" width=\"425\" frameborder=\"0\" marginwidth=\"0\" marginheight=\"0\" scrolling=\"no\"><\/iframe><\/p>\n<p><strong>G\u00f6cek<\/strong>\u00a0<strong>Branch address and communication details:<\/strong><br \/>\nAdress : Cumhuriyet mahallesi, Turgut \u00d6zal caddesi No:11<br \/>\n48310 G\u00f6cek \u2013 Mu\u011fla -T\u00fcrkiye<br \/>\nTel-Fax\u00a0: +90\u00a0252 645 10 58<\/p>\n<table class=\" alignleft\" cellspacing=\"0\" cellpadding=\"0\" align=\"center\">\n<tbody>\n<tr>\n<td valign=\"top\">\n<div id=\"preview\">\n<p><iframe loading=\"lazy\" src=\"https:\/\/maps.google.com\/maps\/ms?source=embed&#038;ie=UTF8&#038;hl=tr&#038;t=h&#038;msa=0&#038;msid=214501390909389317028.00045ba6e6eb0a06c41aa&#038;dg=feature&#038;ll=36.755253,28.93993&#038;spn=0.00315,0.004801&#038;vpsrc=6&#038;output=embed\" height=\"350\" width=\"425\" frameborder=\"0\" marginwidth=\"0\" marginheight=\"0\" scrolling=\"no\"><\/iframe><\/p>\n<p style=\"text-align: left;\">\n<\/div>\n<\/td>\n<\/tr>\n<\/tbody>\n<\/table>\n<p><\/p>","protected":false},"excerpt":{"rendered":"<p>Our company base established at Bodrum Peninsula in Turgutreis. Main office is placed D-Marina. Operation office Gazi Mustafa Kemal Bulvari No:43 Kat:1 Daire: 1 48960 Turgutreis\/Bodrum, Turkiye Tel: +90 252 382 44 45 (Pbx) Fax:+90 252 382 70 74 Didim\u00a0Branch&hellip;<\/p>\n","protected":false},"author":1,"featured_media":0,"parent":0,"menu_order":0,"comment_status":"closed","ping_status":"closed","template":"template-blank-canvas.php","meta":{"footnotes":""},"class_list":["post-1082","page","type-page","status-publish","hentry"],"_links":{"self":[{"href":"https:\/\/yachtworks.info\/de\/wp-json\/wp\/v2\/pages\/1082"}],"collection":[{"href":"https:\/\/yachtworks.info\/de\/wp-json\/wp\/v2\/pages"}],"about":[{"href":"https:\/\/yachtworks.info\/de\/wp-json\/wp\/v2\/types\/page"}],"author":[{"embeddable":true,"href":"https:\/\/yachtworks.info\/de\/wp-json\/wp\/v2\/users\/1"}],"replies":[{"embeddable":true,"href":"https:\/\/yachtworks.info\/de\/wp-json\/wp\/v2\/comments?post=1082"}],"version-history":[{"count":0,"href":"https:\/\/yachtworks.info\/de\/wp-json\/wp\/v2\/pages\/1082\/revisions"}],"wp:attachment":[{"href":"https:\/\/yachtworks.info\/de\/wp-json\/wp\/v2\/media?parent=1082"}],"curies":[{"name":"wp","href":"https:\/\/api.w.org\/{rel}","templated":true}]}}