{"id":15980,"date":"2017-02-17T13:37:41","date_gmt":"2017-02-17T11:37:41","guid":{"rendered":"http:\/\/yachtworks.info\/?page_id=15980"},"modified":"2017-02-17T13:37:41","modified_gmt":"2017-02-17T11:37:41","slug":"x-yacht-562","status":"publish","type":"page","link":"https:\/\/yachtworks.info\/de\/x-yacht-562\/","title":{"rendered":"X yacht 562"},"content":{"rendered":"<p>Rumpffarbe Anwendung<br \/>\nSpritz- und Lackauftrag<br \/>\nRecaulking von Teak-Deck<br \/>\nInneneinrichtung Lackierung<br \/>\nMalerei von Bilgen<br \/>\n\u00dcberwinterung<br \/>\nAustausch der Wellenlager<br \/>\nEntst\u00f6rung und Anstieg des Mastes<br \/>\nAufladen der Batterien + regelm\u00e4\u00dfige Wartung<\/p>\n<p>[one_fourth]<\/p>\n<p>[lightbox style=&#8220;modern&#8220; image_path=&#8220;http:\/\/www.yachtworks.info\/gallery\/x-yacht-562\/01.JPG&#8220; popup=&#8220;http:\/\/www.yachtworks.info\/gallery\/x-yacht-562\/01.JPG&#8220; link_to_page=&#8220;&#8220; target=&#8220;&#8220; description=&#8220;&#8220; size=&#8220;four_col_large&#8220;]<\/p>\n<p>[\/one_fourth]<\/p>\n<p>[one_fourth]<\/p>\n<p>[lightbox style=&#8220;modern&#8220; image_path=&#8220;http:\/\/www.yachtworks.info\/gallery\/x-yacht-562\/02.JPG&#8220; popup=&#8220;http:\/\/www.yachtworks.info\/gallery\/x-yacht-562\/02.JPG&#8220; link_to_page=&#8220;&#8220; target=&#8220;&#8220; description=&#8220;&#8220; size=&#8220;four_col_large&#8220;]<\/p>\n<p>[\/one_fourth]<\/p>\n<p>[one_fourth]<\/p>\n<p>[lightbox style=&#8220;modern&#8220; image_path=&#8220;http:\/\/www.yachtworks.info\/gallery\/x-yacht-562\/03.JPG&#8220; popup=&#8220;http:\/\/www.yachtworks.info\/gallery\/x-yacht-562\/03.JPG&#8220; link_to_page=&#8220;&#8220; target=&#8220;&#8220; description=&#8220;&#8220; size=&#8220;four_col_large&#8220;]<\/p>\n<p>[\/one_fourth]<\/p>\n<p>[one_fourth]<\/p>\n<p>[lightbox style=&#8220;modern&#8220; image_path=&#8220;http:\/\/www.yachtworks.info\/gallery\/x-yacht-562\/04.JPG&#8220; popup=&#8220;http:\/\/www.yachtworks.info\/gallery\/x-yacht-562\/04.JPG&#8220; link_to_page=&#8220;&#8220; target=&#8220;&#8220; description=&#8220;&#8220; size=&#8220;four_col_large&#8220;]<\/p>\n<p>[\/one_fourth]<\/p>\n<p>[one_fourth]<\/p>\n<p>[lightbox style=&#8220;modern&#8220; image_path=&#8220;http:\/\/www.yachtworks.info\/gallery\/x-yacht-562\/05.JPG&#8220; popup=&#8220;http:\/\/www.yachtworks.info\/gallery\/x-yacht-562\/05.JPG&#8220; link_to_page=&#8220;&#8220; target=&#8220;&#8220; description=&#8220;&#8220; size=&#8220;four_col_large&#8220;]<\/p>\n<p>[\/one_fourth]<\/p>\n<p>[one_fourth]<\/p>\n<p>[lightbox style=&#8220;modern&#8220; image_path=&#8220;http:\/\/www.yachtworks.info\/gallery\/x-yacht-562\/06.JPG&#8220; popup=&#8220;http:\/\/www.yachtworks.info\/gallery\/x-yacht-562\/06.JPG&#8220; link_to_page=&#8220;&#8220; target=&#8220;&#8220; description=&#8220;&#8220; size=&#8220;four_col_large&#8220;]<\/p>\n<p>[\/one_fourth]<\/p>\n<p>[one_fourth]<\/p>\n<p>[lightbox style=&#8220;modern&#8220; image_path=&#8220;http:\/\/www.yachtworks.info\/gallery\/x-yacht-562\/07.JPG&#8220; popup=&#8220;http:\/\/www.yachtworks.info\/gallery\/x-yacht-562\/07.JPG&#8220; link_to_page=&#8220;&#8220; target=&#8220;&#8220; description=&#8220;&#8220; size=&#8220;four_col_large&#8220;]<\/p>\n<p>[\/one_fourth]<\/p>\n<p>[one_fourth]<\/p>\n<p>[lightbox style=&#8220;modern&#8220; image_path=&#8220;http:\/\/www.yachtworks.info\/gallery\/x-yacht-562\/08.JPG&#8220; popup=&#8220;http:\/\/www.yachtworks.info\/gallery\/x-yacht-562\/08.JPG&#8220; link_to_page=&#8220;&#8220; target=&#8220;&#8220; description=&#8220;&#8220; size=&#8220;four_col_large&#8220;]<\/p>\n<p>[\/one_fourth]<\/p>\n<p>[one_fourth]<\/p>\n<p>[lightbox style=&#8220;modern&#8220; image_path=&#8220;http:\/\/www.yachtworks.info\/gallery\/x-yacht-562\/09.JPG&#8220; popup=&#8220;http:\/\/www.yachtworks.info\/gallery\/x-yacht-562\/09.JPG&#8220; link_to_page=&#8220;&#8220; target=&#8220;&#8220; description=&#8220;&#8220; size=&#8220;four_col_large&#8220;]<\/p>\n<p>[\/one_fourth]<\/p>\n<p>[one_fourth]<\/p>\n<p>[lightbox style=&#8220;modern&#8220; image_path=&#8220;http:\/\/www.yachtworks.info\/gallery\/x-yacht-562\/10.JPG&#8220; popup=&#8220;http:\/\/www.yachtworks.info\/gallery\/x-yacht-562\/10.JPG&#8220; link_to_page=&#8220;&#8220; target=&#8220;&#8220; description=&#8220;&#8220; size=&#8220;four_col_large&#8220;]<\/p>\n<p>[\/one_fourth]<\/p>","protected":false},"excerpt":{"rendered":"<p>Rumpffarbe Anwendung Spritz- und Lackauftrag Recaulking von Teak-Deck Inneneinrichtung Lackierung Malerei von Bilgen \u00dcberwinterung Austausch der Wellenlager Entst\u00f6rung und Anstieg des Mastes Aufladen der Batterien + regelm\u00e4\u00dfige Wartung [one_fourth] [lightbox style=&#8220;modern&#8220; image_path=&#8220;http:\/\/www.yachtworks.info\/gallery\/x-yacht-562\/01.JPG&#8220; popup=&#8220;http:\/\/www.yachtworks.info\/gallery\/x-yacht-562\/01.JPG&#8220; link_to_page=&#8220;&#8220; target=&#8220;&#8220; description=&#8220;&#8220; size=&#8220;four_col_large&#8220;] [\/one_fourth] [one_fourth] [lightbox&hellip;<\/p>\n","protected":false},"author":1,"featured_media":0,"parent":0,"menu_order":0,"comment_status":"closed","ping_status":"closed","template":"","meta":{"footnotes":""},"class_list":["post-15980","page","type-page","status-publish","hentry"],"_links":{"self":[{"href":"https:\/\/yachtworks.info\/de\/wp-json\/wp\/v2\/pages\/15980"}],"collection":[{"href":"https:\/\/yachtworks.info\/de\/wp-json\/wp\/v2\/pages"}],"about":[{"href":"https:\/\/yachtworks.info\/de\/wp-json\/wp\/v2\/types\/page"}],"author":[{"embeddable":true,"href":"https:\/\/yachtworks.info\/de\/wp-json\/wp\/v2\/users\/1"}],"replies":[{"embeddable":true,"href":"https:\/\/yachtworks.info\/de\/wp-json\/wp\/v2\/comments?post=15980"}],"version-history":[{"count":0,"href":"https:\/\/yachtworks.info\/de\/wp-json\/wp\/v2\/pages\/15980\/revisions"}],"wp:attachment":[{"href":"https:\/\/yachtworks.info\/de\/wp-json\/wp\/v2\/media?parent=15980"}],"curies":[{"name":"wp","href":"https:\/\/api.w.org\/{rel}","templated":true}]}}