{"id":5813,"date":"2013-07-03T14:42:10","date_gmt":"2013-07-03T11:42:10","guid":{"rendered":"http:\/\/iyonize.com\/?page_id=5813"},"modified":"2013-07-03T14:42:10","modified_gmt":"2013-07-03T11:42:10","slug":"rod_kitap","status":"publish","type":"page","link":"https:\/\/yachtworks.info\/de\/rod_kitap\/","title":{"rendered":"Turkish Water"},"content":{"rendered":"<p><strong>Anmerkungen von Rod Heikell zum Dilemma\u00a0<em>Skylax<\/em>\u00a0oder\u00a0<em>Pseudo-Skylax<\/em><\/strong><\/p>\n<p>Davon abgesehen, dass er der Verfasser des besten Segelhandbuches \u00fcber die t\u00fcrkischen K\u00fcsten ist, hat Rod Heikell auch solide Kenntnisse und ein langj\u00e4hriges Interesse an Epistemologie (Erkenntnistheorie). Wie ich\u00a0in meinem kurzen Artikel \u00fcber Skylaxausgef\u00fchrt habe, scheint dieser Reisende der Antike ein Meilenstein in der Geschichte der \u201cangewandten Wissenschaft\u201d gewesen zu sein. Rod war auf meine Seiten aufmerksam geworden. W\u00e4hrend eines wunderbaren Abends in Gumusluk hatten Rod, Lou und ich Gelegenheit, unsere Phantasie schweifen zu lassen um Skylax, Piri Reis und andere Seefahrer, die sich vor tausenden von Jahren die M\u00fche machten, ihre geographischen Erkenntnisse aufzuschreiben und uns damit zu bereichern.<br \/>\nSp\u00e4ter schickte Rod mir zwei Mails, die bis auf weiteres den Kenntnisstand widerspiegeln. Ich kopiere sie hier ohne Kommentar, aber mit w\u00e4rmster Empfehlung:<br \/>\nErste Mail vom 25. Oktober 2004:<br \/>\n<em>Immer wieder bin ich zuf\u00e4llig auf die Geschichte von Skylax gesto\u00dfen. Nach Lekt\u00fcre Ihrer Website glaube ich, Sie unterliegen einem<strong>grundlegenden Irrtum<\/strong>\u00a0\u00fcber Skylax. Sie schreiben \u00fcber Pseudo-Skylax als einer separaten Person, ich dagegen glaube, dass Pseudo-Skylax, dessen\u00a0<strong>Periplus<\/strong>\u00a0uns heute vorliegt, und Skylax von Karyanda identisch sind. Ich glaube, man nimmt als Verfasser einen Pseudo-Skylax an, weil es sich nicht um das Original sondern um eine sp\u00e4tere Kopie handelt (wie fast alles, was uns aus jener Zeit vorliegt).<br \/>\n<\/em><em>Ich bin mit einigen Fachleuten aus verschiedenen Universit\u00e4ten in Kontakt getreten, um m\u00f6gliche neue Erkenntnisse zu erlangen. (\u2026) Der Periplus des Skylax behandelt \u00fcbrigens nicht seine Reise nach Indien, es geht ausschlie\u00dflich um das Mittelmeer und das Schwarze Meer. Dass Skylax in Indien war, wissen wir nur \u00fcber Herodot (als fr\u00fchester Quelle), und der nahm es manchmal nicht allzu genau mit Informationen, die er geh\u00f6rt hatte, aber wie Fakten aus erster Hand darstellte.<br \/>\n<\/em><em>Jedenfalls dachte ich, das k\u00f6nnte Sie interessieren.\u201d<br \/>\n<\/em>Und am 28. Oktober 2004 in Bezug auf eine Antwort von der Universit\u00e4t Leeds:<br \/>\n<em>\u201c(\u2026) die Frage nach dem Urheber oder auch nur, wer Skylax \u00fcberhaupt war, liegt nach wie vor im v\u00f6llig im Dunkeln. Gro\u00dfartige wissenschaftliche Detektivarbeit: ich find\u2019s klasse.\u201d<br \/>\n<\/em>Hier ist auch noch die Antwort von Graham Shipley zum Thema Skylax oder Pseudo-Skylax:<br \/>\n<em>\u2026\u00a0 Es gibt eine Unmenge von Literatur (im Verh\u00e4ltnis zu der L\u00e4nge des Textes!) \u00fcber die Urheberschaft dieser Niederschrift, die uns nur in einer einzigen Abschrift aus dem Mittelalter vorliegt und einiger sp\u00e4terer Manuskripte, die sich davon ableiten (wenn ich mich recht erinnere). Dort wird als Autor Skylax von Karyanda angegeben, den Herodot im 5. Jht. v.Chr. erw\u00e4hnt und der Ende des 6. Jahrhunderts gelebt haben soll. Aber aus dem Text geht eindeutig hervor, dass er aus der Mitte des 4. vorchristlichen Jahrhunderts stammen muss, infolgedessen kennen wir den Namen des Verfassers nicht, daher auch der Beiname \u201cPseudo\u201d. Die Frage ist, gibt es Teile des Textes, die \u00e4lter sind, und ist irgendein Teil des Werkes vom wirklichen Skylax oder nicht?\u00a0<strong>Zu diesem Thema gibt es diametral entgegengesetzte Ansichten!<br \/>\n<\/strong><\/em><strong><em>Zwischen 7 und 11 voneinander unabh\u00e4ngige Fragmente (d.h. Zitate oder Paraphrasen bei sp\u00e4teren Autoren) wurden als aus dem Original \u201cPeriplus des Skylax von Karyanda\u201d stammend identifiziert. Davon beziehen sich einige auf Indien.<\/em><\/strong><br \/>\n<em id=\"__mceDel\"><\/em><em>Hilft Ihnen das weiter? Woher r\u00fchrt Ihr Interesse, was haben Sie mit Pseudo-Skylax zu tun?\u201d<br \/>\n<\/em><em id=\"__mceDel\"><\/em><em id=\"__mceDel\"><\/em><em>Wer sich eingehender mit diesem Thema besch\u00e4ftigen m\u00f6chte, findet \u00fcber diesen<a href=\"http:\/\/www.le.ac.uk\/ar\/gjs\/skylax_for_www_02214.pdf\" target=\"_blank\" rel=\"noopener noreferrer\">\u00a0Klick<\/a>\u00a0die vorl\u00e4ufige \u00dcbersetzung des<a href=\"http:\/\/www.le.ac.uk\/ar\/gjs\/skylax_for_www_02214.pdf\" target=\"_blank\" rel=\"noopener noreferrer\">Periplus von Pseudo-Skylax<\/a>\u00a0von Prof. Graham Shipley.<\/em><\/p>","protected":false},"excerpt":{"rendered":"<p>Anmerkungen von Rod Heikell zum Dilemma\u00a0Skylax\u00a0oder\u00a0Pseudo-Skylax Davon abgesehen, dass er der Verfasser des besten Segelhandbuches \u00fcber die t\u00fcrkischen K\u00fcsten ist, hat Rod Heikell auch solide Kenntnisse und ein langj\u00e4hriges Interesse an Epistemologie (Erkenntnistheorie). Wie ich\u00a0in meinem kurzen Artikel \u00fcber Skylaxausgef\u00fchrt&hellip;<\/p>\n","protected":false},"author":1,"featured_media":0,"parent":0,"menu_order":0,"comment_status":"closed","ping_status":"closed","template":"template-blank-canvas.php","meta":{"footnotes":""},"class_list":["post-5813","page","type-page","status-publish","hentry"],"_links":{"self":[{"href":"https:\/\/yachtworks.info\/de\/wp-json\/wp\/v2\/pages\/5813"}],"collection":[{"href":"https:\/\/yachtworks.info\/de\/wp-json\/wp\/v2\/pages"}],"about":[{"href":"https:\/\/yachtworks.info\/de\/wp-json\/wp\/v2\/types\/page"}],"author":[{"embeddable":true,"href":"https:\/\/yachtworks.info\/de\/wp-json\/wp\/v2\/users\/1"}],"replies":[{"embeddable":true,"href":"https:\/\/yachtworks.info\/de\/wp-json\/wp\/v2\/comments?post=5813"}],"version-history":[{"count":0,"href":"https:\/\/yachtworks.info\/de\/wp-json\/wp\/v2\/pages\/5813\/revisions"}],"wp:attachment":[{"href":"https:\/\/yachtworks.info\/de\/wp-json\/wp\/v2\/media?parent=5813"}],"curies":[{"name":"wp","href":"https:\/\/api.w.org\/{rel}","templated":true}]}}