{"id":7750,"date":"2013-12-21T12:35:44","date_gmt":"2013-12-21T10:35:44","guid":{"rendered":"http:\/\/yachtworks.info\/?page_id=7750"},"modified":"2013-12-21T12:35:44","modified_gmt":"2013-12-21T10:35:44","slug":"turkce-dumen-skegi-uzerinde-kapsamli-onarim","status":"publish","type":"page","link":"https:\/\/yachtworks.info\/de\/turkce-dumen-skegi-uzerinde-kapsamli-onarim\/","title":{"rendered":"(T\u00fcrk\u00e7e) D\u00fcmen Skegi \u00dczerinde Kapsaml\u0131 Onar\u0131m"},"content":{"rendered":"<p class=\"qtranxs-available-languages-message qtranxs-available-languages-message-de\">Leider ist der Eintrag nur auf <a href=\"https:\/\/yachtworks.info\/tr\/wp-json\/wp\/v2\/pages\/7750\" class=\"qtranxs-available-language-link qtranxs-available-language-link-tr\" title=\"Turkish\">Turkish<\/a> verf\u00fcgbar.<\/p>","protected":false},"excerpt":{"rendered":"<p>Leider ist der Eintrag nur auf Turkish verf\u00fcgbar.<\/p>\n","protected":false},"author":1,"featured_media":0,"parent":0,"menu_order":0,"comment_status":"open","ping_status":"open","template":"template-blank-canvas.php","meta":{"footnotes":""},"class_list":["post-7750","page","type-page","status-publish","hentry"],"_links":{"self":[{"href":"https:\/\/yachtworks.info\/de\/wp-json\/wp\/v2\/pages\/7750"}],"collection":[{"href":"https:\/\/yachtworks.info\/de\/wp-json\/wp\/v2\/pages"}],"about":[{"href":"https:\/\/yachtworks.info\/de\/wp-json\/wp\/v2\/types\/page"}],"author":[{"embeddable":true,"href":"https:\/\/yachtworks.info\/de\/wp-json\/wp\/v2\/users\/1"}],"replies":[{"embeddable":true,"href":"https:\/\/yachtworks.info\/de\/wp-json\/wp\/v2\/comments?post=7750"}],"version-history":[{"count":0,"href":"https:\/\/yachtworks.info\/de\/wp-json\/wp\/v2\/pages\/7750\/revisions"}],"wp:attachment":[{"href":"https:\/\/yachtworks.info\/de\/wp-json\/wp\/v2\/media?parent=7750"}],"curies":[{"name":"wp","href":"https:\/\/api.w.org\/{rel}","templated":true}]}}