{"id":8020,"date":"2014-01-16T11:22:56","date_gmt":"2014-01-16T09:22:56","guid":{"rendered":"http:\/\/yachtworks.info\/?page_id=8020"},"modified":"2025-01-06T13:52:02","modified_gmt":"2025-01-06T10:52:02","slug":"didim","status":"publish","type":"page","link":"https:\/\/yachtworks.info\/de\/didim\/","title":{"rendered":"Didim"},"content":{"rendered":"<p><\/p>\n<p style=\"text-align: left;\"><img loading=\"lazy\" decoding=\"async\" class=\"size-medium wp-image-8021\" src=\"http:\/\/yachtworks.info\/wp-content\/uploads\/2014\/01\/Didim_marina012-300x139.jpg\" alt=\"Didim_marina012\" width=\"300\" height=\"139\" \/><\/p>\n<p><strong>Didim Filiale:<\/strong><br \/>\nDo\u011fu\u015f Didim Marina Betriebsf\u00fchrung Tour. und Handel A.\u015e.<br \/>\nCaml\u0131k Mevkii 3. Koy Didim, Ayd\u0131n, T\u00fcrkei<br \/>\nTelefon: +90 256 813 52 44<br \/>\nFax: +90 256 813 52 45<br \/>\n37\u00b0 20&#8242; 17&#8243; N &#8211; 27\u00b0 15&#8242; 57&#8243; E<\/p>\n<p><strong>\u00dcber D-Marin Didim:<\/strong><br \/>\nGelegen an der funkelnden \u00c4g\u00e4isk\u00fcste der T\u00fcrkei, hat Didim seinen Namen von den nahegelegenen Ruinen des Apollo-Tempels aus dem 6. Jahrhundert v. Chr. erhalten, der \u00fcber die Jahre bemerkenswert gut erhalten geblieben ist. Diese kleine Stadt beherbergt einen der neuesten Marinas der D-Marin Marinas Gruppe und hat sich dank ihrer langen Sandstr\u00e4nde, des blauen Meeres, der Ruhe der Stadt und der beeindruckenden Ruinen, die man besichtigen kann, zu einem beliebten Familienurlaubsziel entwickelt. Es ist auch bekannt f\u00fcr sein besonderes Mikroklima, das den Bewohnern erlaubt, die Str\u00e4nde und Wassersportarten selbst im Januar zu genie\u00dfen. Nur ein kleines St\u00fcck weiter vom Stadtzentrum entfernt befinden sich die attraktivsten Buchten, die kleiner und viel ruhiger sind und leicht mit dem Auto oder sogar einer kurzen Segeltour von der Marina aus erreichbar sind.<\/p>\n<p>Die Stadt selbst hat einen attraktiven Markt und einen Wasserpark. Der nahegelegene Nationalpark am Bafa-See ist ein Gebiet von atemberaubender nat\u00fcrlicher Sch\u00f6nheit und die Ruinen der antiken griechischen St\u00e4dte Milet und Priene bieten die M\u00f6glichkeit, durch mehr als zwei Jahrtausende Geschichte zu wandern.<\/p>\n<p>Die 5 Gold Anchor-Bewertung von D-Marin Didim und die konsequente Auszeichnung mit der Blauen Flagge zeigen unser Engagement f\u00fcr die Bereitstellung von qualitativ hochwertigen Dienstleistungen. Bei der Er\u00f6ffnung im August 2009 wurde es zum gr\u00f6\u00dften Marina in der T\u00fcrkei, die Superyachten unterst\u00fctzt.<\/p>\n<p>D-Marin Didim verf\u00fcgt \u00fcber insgesamt 580 Liegepl\u00e4tze von 8 m bis 70 m, 86 Superyacht-Liegepl\u00e4tze und einen Tiefgang von 6 m. Es ist sowohl vom Izmir Adnan Menderes Flughafen als auch vom Bodrum-Milas International Airport \u00fcber neu ausgebaute Stra\u00dfen leicht erreichbar.<\/p>\n<p><strong>yachtMARKET:<\/strong><br \/>\nIn unserem Chandlery-Shop bieten wir Ihnen Ersatzteile, Wartungssets, Farben und mehr an\u2026<br \/>\nF\u00fcr Ihre Fragen und Bestellungen: <a href=\"mailto:info@yachtworks.info\">info@yachtworks.info<\/a><br \/>\n+90 (256) 813 52 44<\/p>\n<p><a href=\"http:\/\/www.man-engines.com\/en\/marine\/Marine.html\" target=\"_blank\" rel=\"noopener noreferrer\"><img loading=\"lazy\" decoding=\"async\" src=\"http:\/\/yachtworks.info\/wp-content\/uploads\/2014\/01\/manservice.png\" alt=\"manservice\" width=\"300\" height=\"90\" \/><\/a><\/p>","protected":false},"excerpt":{"rendered":"<p>Didim Filiale: Do\u011fu\u015f Didim Marina Betriebsf\u00fchrung Tour. und Handel A.\u015e. Caml\u0131k Mevkii 3. Koy Didim, Ayd\u0131n, T\u00fcrkei Telefon: +90 256 813 52 44 Fax: +90 256 813 52 45 37\u00b0 20&#8242; 17&#8243; N &#8211; 27\u00b0 15&#8242; 57&#8243; E \u00dcber D-Marin&hellip;<\/p>\n","protected":false},"author":1,"featured_media":0,"parent":0,"menu_order":0,"comment_status":"closed","ping_status":"closed","template":"","meta":{"footnotes":""},"class_list":["post-8020","page","type-page","status-publish","hentry"],"_links":{"self":[{"href":"https:\/\/yachtworks.info\/de\/wp-json\/wp\/v2\/pages\/8020"}],"collection":[{"href":"https:\/\/yachtworks.info\/de\/wp-json\/wp\/v2\/pages"}],"about":[{"href":"https:\/\/yachtworks.info\/de\/wp-json\/wp\/v2\/types\/page"}],"author":[{"embeddable":true,"href":"https:\/\/yachtworks.info\/de\/wp-json\/wp\/v2\/users\/1"}],"replies":[{"embeddable":true,"href":"https:\/\/yachtworks.info\/de\/wp-json\/wp\/v2\/comments?post=8020"}],"version-history":[{"count":1,"href":"https:\/\/yachtworks.info\/de\/wp-json\/wp\/v2\/pages\/8020\/revisions"}],"predecessor-version":[{"id":20701,"href":"https:\/\/yachtworks.info\/de\/wp-json\/wp\/v2\/pages\/8020\/revisions\/20701"}],"wp:attachment":[{"href":"https:\/\/yachtworks.info\/de\/wp-json\/wp\/v2\/media?parent=8020"}],"curies":[{"name":"wp","href":"https:\/\/api.w.org\/{rel}","templated":true}]}}