{"id":8697,"date":"2014-04-28T10:56:19","date_gmt":"2014-04-28T07:56:19","guid":{"rendered":"http:\/\/yachtworks.info\/?page_id=8697"},"modified":"2025-01-06T13:28:52","modified_gmt":"2025-01-06T10:28:52","slug":"caravel-shaft-brearings","status":"publish","type":"page","link":"https:\/\/yachtworks.info\/de\/caravel-shaft-brearings\/","title":{"rendered":"Caravel-Wellenlager"},"content":{"rendered":"<div class=\"wpb-content-wrapper\"><p>[vc_row][vc_column][vc_column_text]<a rel=\"attachment wp-att-15766\"><img loading=\"lazy\" decoding=\"async\" class=\"aligncenter size-full wp-image-15766\" src=\"http:\/\/yachtworks.info\/wp-content\/uploads\/2016\/04\/aa.jpg\" alt=\"aa\" width=\"598\" height=\"154\" \/><\/a>[\/vc_column_text][vc_column_text]<strong>Caravel-Lager: Wenn wichtige Projekte auf dem Spiel stehen<\/strong><\/p>\n<h3>Einfache Montage und Austausch<\/h3>\n<p>Caravel-Wasser geschmierte Lager erf\u00fcllen strenge Kriterien in Bezug auf innere und \u00e4u\u00dfere Toleranzen: Bei Bedarf k\u00f6nnen sie au\u00dfen geschliffen werden, um eine schnelle Montage und einen schnellen Austausch zu erm\u00f6glichen.<\/p>\n<h3>Ger\u00e4usch- und Vibrationsd\u00e4mpfung<\/h3>\n<p>Wasser geschmierte Lager sind die ideale L\u00f6sung, um Vibrationen und Ger\u00e4usche zu begrenzen und zu kontrollieren. Diese Eigenschaft ist besonders wichtig bei Propellerwellen und industriellen Anwendungen, bei denen sich drehende K\u00f6rper nicht perfekt ausbalancieren lassen oder extreme Pr\u00e4zision erforderlich ist.<br \/>\nWenn sich die Drehung der Welle um ihre eigene Achse nicht mit ihrem geometrischen Zentrum deckt, absorbiert die hohe Elastizit\u00e4t des Gummis die Vibrationen auf \u00e4u\u00dferst effektive Weise. Labortests haben gezeigt, dass die Vibrationen nicht einmal die \u00e4u\u00dfere H\u00fclle erreichen. Der NBR-Gummi ist perfekt, um Sch\u00e4den und Verschlei\u00df der Welle zu verhindern.<\/p>\n<h3>Die \u201ePflug\u201c-L\u00f6sung<\/h3>\n<p>Das innovative \u201ePflug\u201c-System wurde entwickelt, um gro\u00dfe Lager (f\u00fcr Wellendurchmesser von 80 bis 600 mm) herzustellen, ohne zus\u00e4tzliche Zeit und Kosten f\u00fcr die Vorbereitung und den Bau von Innenwerkzeugen (formgerechte Gussformen) aufzuwenden, die erforderlich sind, um den Gummi zu vulkanisieren und die gew\u00fcnschte Form zu erhalten.<br \/>\nDar\u00fcber hinaus bietet das System weitere Vorteile:<\/p>\n<ol>\n<li>H\u00f6here Pr\u00e4zision des Innendurchmessers, erreicht durch eine runde Innenform, die einfacher herzustellen ist. Die runde Form ohne Vorspr\u00fcnge kann leicht bearbeitet, auf der Drehbank gedreht und geschliffen werden.<\/li>\n<li>L\u00e4ngsprofile, die auf gut bekannte und getestete Wasserstr\u00f6mungen abgestimmt sind, erh\u00f6hen die Zuverl\u00e4ssigkeit und Lebensdauer des Lagers, insbesondere wenn die Welle recht schwer ist und horizontal arbeiten muss.<\/li>\n<li>Als Ergebnis dieser Produktionsmethode k\u00f6nnen die \u00fcblichen Lieferzeiten zwischen 4 und 20 Tagen liegen. Gro\u00dfe Lager k\u00f6nnen in der Regel innerhalb von 30 Tagen geliefert werden.<br \/>\nDas \u201ePflug\u201c-System ist eine effektive Technik, die unser Unternehmen entwickelt hat, um eine konkrete L\u00f6sung zu bieten, wenn unsere Kunden gro\u00dfe Lager in sehr kurzer Zeit ben\u00f6tigen.<\/li>\n<\/ol>\n<h3>Spiralf\u00f6rmige Rillenlager<\/h3>\n<p>Caravel-Lager mit Evolventenkan\u00e4len wurden unter den h\u00e4rtesten Bedingungen getestet. Sie wurden an vertikalen Pr\u00fcfst\u00e4nden mit erheblichen dynamischen Ausgleichslasten in stark verschmutztem und sandigem Wasser aus den kritischsten Umgebungen gepr\u00fcft.<br \/>\nDie Drehung der Welle aktiviert eine starke Pumpwirkung, die von den Rillen unterst\u00fctzt wird. Dadurch wird die Fl\u00fcssigkeitsgeschwindigkeit erheblich erh\u00f6ht, was eine bemerkenswerte K\u00fchl-, Schmier- und Reinigungswirkung erzeugt. Mit diesen Lagern wird die Welle \u00fcber ihre gesamte L\u00e4nge und ihren gesamten Umfang gest\u00fctzt und dreht sich nicht in einem polygonalen Lager.<br \/>\nDie Vibrationen werden auf ein vernachl\u00e4ssigbares Niveau reduziert \u2013 ein entscheidender Vorteil f\u00fcr Lager, die an Propellerwellen gro\u00dfer Luxusyachten verwendet werden. Dank ihrer hohen Zuverl\u00e4ssigkeit sind diese Lager besonders f\u00fcr Anwendungen an Motoren geeignet, die in stark sandigen Gebieten eingesetzt werden oder bei denen nur begrenzte M\u00f6glichkeiten f\u00fcr schnelle Reparaturen und Wartungen bestehen. Der Radius der Evolventenkan\u00e4le kann je nach Wellendurchmesser und Drehrichtung (rechts oder links) variieren.[\/vc_column_text][\/vc_column][\/vc_row]<\/p>\n<\/div>","protected":false},"excerpt":{"rendered":"<p>[vc_row][vc_column][vc_column_text][\/vc_column_text][vc_column_text]Caravel-Lager: Wenn wichtige Projekte auf dem Spiel stehen Einfache Montage und Austausch Caravel-Wasser geschmierte Lager erf\u00fcllen strenge Kriterien in Bezug auf innere und \u00e4u\u00dfere Toleranzen: Bei Bedarf k\u00f6nnen sie au\u00dfen geschliffen werden, um eine schnelle Montage und einen schnellen Austausch&hellip;<\/p>\n","protected":false},"author":1,"featured_media":0,"parent":0,"menu_order":0,"comment_status":"closed","ping_status":"closed","template":"","meta":{"footnotes":""},"class_list":["post-8697","page","type-page","status-publish","hentry"],"_links":{"self":[{"href":"https:\/\/yachtworks.info\/de\/wp-json\/wp\/v2\/pages\/8697"}],"collection":[{"href":"https:\/\/yachtworks.info\/de\/wp-json\/wp\/v2\/pages"}],"about":[{"href":"https:\/\/yachtworks.info\/de\/wp-json\/wp\/v2\/types\/page"}],"author":[{"embeddable":true,"href":"https:\/\/yachtworks.info\/de\/wp-json\/wp\/v2\/users\/1"}],"replies":[{"embeddable":true,"href":"https:\/\/yachtworks.info\/de\/wp-json\/wp\/v2\/comments?post=8697"}],"version-history":[{"count":2,"href":"https:\/\/yachtworks.info\/de\/wp-json\/wp\/v2\/pages\/8697\/revisions"}],"predecessor-version":[{"id":20698,"href":"https:\/\/yachtworks.info\/de\/wp-json\/wp\/v2\/pages\/8697\/revisions\/20698"}],"wp:attachment":[{"href":"https:\/\/yachtworks.info\/de\/wp-json\/wp\/v2\/media?parent=8697"}],"curies":[{"name":"wp","href":"https:\/\/api.w.org\/{rel}","templated":true}]}}