{"id":15980,"date":"2017-02-17T13:37:41","date_gmt":"2017-02-17T11:37:41","guid":{"rendered":"http:\/\/yachtworks.info\/?page_id=15980"},"modified":"2017-02-17T13:37:41","modified_gmt":"2017-02-17T11:37:41","slug":"x-yacht-562","status":"publish","type":"page","link":"https:\/\/yachtworks.info\/tr\/x-yacht-562\/","title":{"rendered":"X yacht 562"},"content":{"rendered":"<p>Borda Boya<br \/>\nToe Rail Raspa ve Boya<br \/>\nTik G\u00fcverte Sika De\u011fi\u015fimleri<br \/>\nSalon Vernik Yenileme<br \/>\nSintinelerin Boyanmas\u0131<br \/>\nHangarda K\u0131\u015flama<br \/>\nPervane \u015faft yatak de\u011fi\u015fimi<br \/>\nDirek s\u00f6kme + takma<br \/>\nAk\u00fc \u015farj\u0131 hepsine + periyodik bak\u0131m<\/p>\n<p>[one_fourth]<\/p>\n<p>[lightbox style=&#8221;modern&#8221; image_path=&#8221;http:\/\/www.yachtworks.info\/gallery\/x-yacht-562\/01.JPG&#8221; popup=&#8221;http:\/\/www.yachtworks.info\/gallery\/x-yacht-562\/01.JPG&#8221; link_to_page=&#8221;&#8221; target=&#8221;&#8221; description=&#8221;&#8221; size=&#8221;four_col_large&#8221;]<\/p>\n<p>[\/one_fourth]<\/p>\n<p>[one_fourth]<\/p>\n<p>[lightbox style=&#8221;modern&#8221; image_path=&#8221;http:\/\/www.yachtworks.info\/gallery\/x-yacht-562\/02.JPG&#8221; popup=&#8221;http:\/\/www.yachtworks.info\/gallery\/x-yacht-562\/02.JPG&#8221; link_to_page=&#8221;&#8221; target=&#8221;&#8221; description=&#8221;&#8221; size=&#8221;four_col_large&#8221;]<\/p>\n<p>[\/one_fourth]<\/p>\n<p>[one_fourth]<\/p>\n<p>[lightbox style=&#8221;modern&#8221; image_path=&#8221;http:\/\/www.yachtworks.info\/gallery\/x-yacht-562\/03.JPG&#8221; popup=&#8221;http:\/\/www.yachtworks.info\/gallery\/x-yacht-562\/03.JPG&#8221; link_to_page=&#8221;&#8221; target=&#8221;&#8221; description=&#8221;&#8221; size=&#8221;four_col_large&#8221;]<\/p>\n<p>[\/one_fourth]<\/p>\n<p>[one_fourth]<\/p>\n<p>[lightbox style=&#8221;modern&#8221; image_path=&#8221;http:\/\/www.yachtworks.info\/gallery\/x-yacht-562\/04.JPG&#8221; popup=&#8221;http:\/\/www.yachtworks.info\/gallery\/x-yacht-562\/04.JPG&#8221; link_to_page=&#8221;&#8221; target=&#8221;&#8221; description=&#8221;&#8221; size=&#8221;four_col_large&#8221;]<\/p>\n<p>[\/one_fourth]<\/p>\n<p>[one_fourth]<\/p>\n<p>[lightbox style=&#8221;modern&#8221; image_path=&#8221;http:\/\/www.yachtworks.info\/gallery\/x-yacht-562\/05.JPG&#8221; popup=&#8221;http:\/\/www.yachtworks.info\/gallery\/x-yacht-562\/05.JPG&#8221; link_to_page=&#8221;&#8221; target=&#8221;&#8221; description=&#8221;&#8221; size=&#8221;four_col_large&#8221;]<\/p>\n<p>[\/one_fourth]<\/p>\n<p>[one_fourth]<\/p>\n<p>[lightbox style=&#8221;modern&#8221; image_path=&#8221;http:\/\/www.yachtworks.info\/gallery\/x-yacht-562\/06.JPG&#8221; popup=&#8221;http:\/\/www.yachtworks.info\/gallery\/x-yacht-562\/06.JPG&#8221; link_to_page=&#8221;&#8221; target=&#8221;&#8221; description=&#8221;&#8221; size=&#8221;four_col_large&#8221;]<\/p>\n<p>[\/one_fourth]<\/p>\n<p>[one_fourth]<\/p>\n<p>[lightbox style=&#8221;modern&#8221; image_path=&#8221;http:\/\/www.yachtworks.info\/gallery\/x-yacht-562\/07.JPG&#8221; popup=&#8221;http:\/\/www.yachtworks.info\/gallery\/x-yacht-562\/07.JPG&#8221; link_to_page=&#8221;&#8221; target=&#8221;&#8221; description=&#8221;&#8221; size=&#8221;four_col_large&#8221;]<\/p>\n<p>[\/one_fourth]<\/p>\n<p>[one_fourth]<\/p>\n<p>[lightbox style=&#8221;modern&#8221; image_path=&#8221;http:\/\/www.yachtworks.info\/gallery\/x-yacht-562\/08.JPG&#8221; popup=&#8221;http:\/\/www.yachtworks.info\/gallery\/x-yacht-562\/08.JPG&#8221; link_to_page=&#8221;&#8221; target=&#8221;&#8221; description=&#8221;&#8221; size=&#8221;four_col_large&#8221;]<\/p>\n<p>[\/one_fourth]<\/p>\n<p>[one_fourth]<\/p>\n<p>[lightbox style=&#8221;modern&#8221; image_path=&#8221;http:\/\/www.yachtworks.info\/gallery\/x-yacht-562\/09.JPG&#8221; popup=&#8221;http:\/\/www.yachtworks.info\/gallery\/x-yacht-562\/09.JPG&#8221; link_to_page=&#8221;&#8221; target=&#8221;&#8221; description=&#8221;&#8221; size=&#8221;four_col_large&#8221;]<\/p>\n<p>[\/one_fourth]<\/p>\n<p>[one_fourth]<\/p>\n<p>[lightbox style=&#8221;modern&#8221; image_path=&#8221;http:\/\/www.yachtworks.info\/gallery\/x-yacht-562\/10.JPG&#8221; popup=&#8221;http:\/\/www.yachtworks.info\/gallery\/x-yacht-562\/10.JPG&#8221; link_to_page=&#8221;&#8221; target=&#8221;&#8221; description=&#8221;&#8221; size=&#8221;four_col_large&#8221;]<\/p>\n<p>[\/one_fourth]<\/p>","protected":false},"excerpt":{"rendered":"<p>Borda Boya Toe Rail Raspa ve Boya Tik G\u00fcverte Sika De\u011fi\u015fimleri Salon Vernik Yenileme Sintinelerin Boyanmas\u0131 Hangarda K\u0131\u015flama Pervane \u015faft yatak de\u011fi\u015fimi Direk s\u00f6kme + takma Ak\u00fc \u015farj\u0131 hepsine + periyodik bak\u0131m [one_fourth] [lightbox style=&#8221;modern&#8221; image_path=&#8221;http:\/\/www.yachtworks.info\/gallery\/x-yacht-562\/01.JPG&#8221; popup=&#8221;http:\/\/www.yachtworks.info\/gallery\/x-yacht-562\/01.JPG&#8221; link_to_page=&#8221;&#8221; target=&#8221;&#8221; description=&#8221;&#8221;&hellip;<\/p>\n","protected":false},"author":1,"featured_media":0,"parent":0,"menu_order":0,"comment_status":"closed","ping_status":"closed","template":"","meta":{"footnotes":""},"class_list":["post-15980","page","type-page","status-publish","hentry"],"_links":{"self":[{"href":"https:\/\/yachtworks.info\/tr\/wp-json\/wp\/v2\/pages\/15980"}],"collection":[{"href":"https:\/\/yachtworks.info\/tr\/wp-json\/wp\/v2\/pages"}],"about":[{"href":"https:\/\/yachtworks.info\/tr\/wp-json\/wp\/v2\/types\/page"}],"author":[{"embeddable":true,"href":"https:\/\/yachtworks.info\/tr\/wp-json\/wp\/v2\/users\/1"}],"replies":[{"embeddable":true,"href":"https:\/\/yachtworks.info\/tr\/wp-json\/wp\/v2\/comments?post=15980"}],"version-history":[{"count":0,"href":"https:\/\/yachtworks.info\/tr\/wp-json\/wp\/v2\/pages\/15980\/revisions"}],"wp:attachment":[{"href":"https:\/\/yachtworks.info\/tr\/wp-json\/wp\/v2\/media?parent=15980"}],"curies":[{"name":"wp","href":"https:\/\/api.w.org\/{rel}","templated":true}]}}