{"id":15989,"date":"2017-02-23T13:55:43","date_gmt":"2017-02-23T11:55:43","guid":{"rendered":"http:\/\/yachtworks.info\/?page_id=15989"},"modified":"2017-02-23T13:55:43","modified_gmt":"2017-02-23T11:55:43","slug":"leopard-27","status":"publish","type":"page","link":"https:\/\/yachtworks.info\/tr\/leopard-27\/","title":{"rendered":"Leopard 27"},"content":{"rendered":"<p>Hangarda k\u0131\u015flama<br \/>\nKaymaz Boya uygulamas\u0131<br \/>\nArneson Bak\u0131mlar\u0131<br \/>\nBoiler De\u011fi\u015fimi<br \/>\nPasarella S\u00f6k\u00fcm &#038; Boya &#038; Montaj<br \/>\nMakine ve Jenerat\u00f6r Bak\u0131mlar\u0131<br \/>\nAlternat\u00f6r ve Starter Servisi<br \/>\nAk\u00fc De\u011fi\u015fimleri<\/p>\n<p>[one_fourth]<\/p>\n<p>[lightbox style=&#8221;modern&#8221; image_path=&#8221;http:\/\/www.yachtworks.info\/gallery\/leopard27\/01.jpg&#8221; popup=&#8221;http:\/\/www.yachtworks.info\/gallery\/leopard27\/01.jpg&#8221; link_to_page=&#8221;&#8221; target=&#8221;&#8221; description=&#8221;&#8221; size=&#8221;four_col_large&#8221;]<\/p>\n<p>[\/one_fourth]<\/p>\n<p>[one_fourth]<\/p>\n<p>[lightbox style=&#8221;modern&#8221; image_path=&#8221;http:\/\/www.yachtworks.info\/gallery\/leopard27\/02.jpg&#8221; popup=&#8221;http:\/\/www.yachtworks.info\/gallery\/leopard27\/02.jpg&#8221; link_to_page=&#8221;&#8221; target=&#8221;&#8221; description=&#8221;&#8221; size=&#8221;four_col_large&#8221;]<\/p>\n<p>[\/one_fourth]<\/p>\n<p>[one_fourth]<\/p>\n<p>[lightbox style=&#8221;modern&#8221; image_path=&#8221;http:\/\/www.yachtworks.info\/gallery\/leopard27\/03.jpg&#8221; popup=&#8221;http:\/\/www.yachtworks.info\/gallery\/leopard27\/03.jpg&#8221; link_to_page=&#8221;&#8221; target=&#8221;&#8221; description=&#8221;&#8221; size=&#8221;four_col_large&#8221;]<\/p>\n<p>[\/one_fourth]<\/p>\n<p>[one_fourth]<\/p>\n<p>[lightbox style=&#8221;modern&#8221; image_path=&#8221;http:\/\/www.yachtworks.info\/gallery\/leopard27\/04.jpg&#8221; popup=&#8221;http:\/\/www.yachtworks.info\/gallery\/leopard27\/04.jpg&#8221; link_to_page=&#8221;&#8221; target=&#8221;&#8221; description=&#8221;&#8221; size=&#8221;four_col_large&#8221;]<\/p>\n<p>[\/one_fourth]<\/p>\n<p>[one_fourth]<\/p>\n<p>[lightbox style=&#8221;modern&#8221; image_path=&#8221;http:\/\/www.yachtworks.info\/gallery\/leopard27\/05.jpg&#8221; popup=&#8221;http:\/\/www.yachtworks.info\/gallery\/leopard27\/05.jpg&#8221; link_to_page=&#8221;&#8221; target=&#8221;&#8221; description=&#8221;&#8221; size=&#8221;four_col_large&#8221;]<\/p>\n<p>[\/one_fourth]<\/p>\n<p>[one_fourth]<\/p>\n<p>[lightbox style=&#8221;modern&#8221; image_path=&#8221;http:\/\/www.yachtworks.info\/gallery\/leopard27\/06.jpg&#8221; popup=&#8221;http:\/\/www.yachtworks.info\/gallery\/leopard27\/06.jpg&#8221; link_to_page=&#8221;&#8221; target=&#8221;&#8221; description=&#8221;&#8221; size=&#8221;four_col_large&#8221;]<\/p>\n<p>[\/one_fourth]<\/p>\n<p>[one_fourth]<\/p>\n<p>[lightbox style=&#8221;modern&#8221; image_path=&#8221;http:\/\/www.yachtworks.info\/gallery\/leopard27\/07.jpg&#8221; popup=&#8221;http:\/\/www.yachtworks.info\/gallery\/leopard27\/07.jpg&#8221; link_to_page=&#8221;&#8221; target=&#8221;&#8221; description=&#8221;&#8221; size=&#8221;four_col_large&#8221;]<\/p>\n<p>[\/one_fourth]<\/p>\n<p>[one_fourth]<\/p>\n<p>[lightbox style=&#8221;modern&#8221; image_path=&#8221;http:\/\/www.yachtworks.info\/gallery\/leopard27\/08.jpg&#8221; popup=&#8221;http:\/\/www.yachtworks.info\/gallery\/leopard27\/08.jpg&#8221; link_to_page=&#8221;&#8221; target=&#8221;&#8221; description=&#8221;&#8221; size=&#8221;four_col_large&#8221;]<\/p>\n<p>[\/one_fourth]<\/p>\n<p>[one_fourth]<\/p>\n<p>[lightbox style=&#8221;modern&#8221; image_path=&#8221;http:\/\/www.yachtworks.info\/gallery\/leopard27\/09.jpg&#8221; popup=&#8221;http:\/\/www.yachtworks.info\/gallery\/leopard27\/09.jpg&#8221; link_to_page=&#8221;&#8221; target=&#8221;&#8221; description=&#8221;&#8221; size=&#8221;four_col_large&#8221;]<\/p>\n<p>[\/one_fourth]<\/p>\n<p>[one_fourth]<\/p>\n<p>[lightbox style=&#8221;modern&#8221; image_path=&#8221;http:\/\/www.yachtworks.info\/gallery\/leopard27\/10.jpg&#8221; popup=&#8221;http:\/\/www.yachtworks.info\/gallery\/leopard27\/10.jpg&#8221; link_to_page=&#8221;&#8221; target=&#8221;&#8221; description=&#8221;&#8221; size=&#8221;four_col_large&#8221;]<\/p>\n<p>[\/one_fourth]<\/p>\n<p>[one_fourth]<\/p>\n<p>[lightbox style=&#8221;modern&#8221; image_path=&#8221;http:\/\/www.yachtworks.info\/gallery\/leopard27\/11.jpg&#8221; popup=&#8221;http:\/\/www.yachtworks.info\/gallery\/leopard27\/11.jpg&#8221; link_to_page=&#8221;&#8221; target=&#8221;&#8221; description=&#8221;&#8221; size=&#8221;four_col_large&#8221;]<\/p>\n<p>[\/one_fourth]<\/p>\n<p>[one_fourth]<\/p>\n<p>[lightbox style=&#8221;modern&#8221; image_path=&#8221;http:\/\/www.yachtworks.info\/gallery\/leopard27\/12.jpg&#8221; popup=&#8221;http:\/\/www.yachtworks.info\/gallery\/leopard27\/13.jpg&#8221; link_to_page=&#8221;&#8221; target=&#8221;&#8221; description=&#8221;&#8221; size=&#8221;four_col_large&#8221;]<\/p>\n<p>[\/one_fourth]<\/p>\n<p>[one_fourth]<\/p>\n<p>[lightbox style=&#8221;modern&#8221; image_path=&#8221;http:\/\/www.yachtworks.info\/gallery\/leopard27\/14.jpg&#8221; popup=&#8221;http:\/\/www.yachtworks.info\/gallery\/leopard27\/14.jpg&#8221; link_to_page=&#8221;&#8221; target=&#8221;&#8221; description=&#8221;&#8221; size=&#8221;four_col_large&#8221;]<\/p>\n<p>[\/one_fourth]<\/p>\n<p>[one_fourth]<\/p>\n<p>[lightbox style=&#8221;modern&#8221; image_path=&#8221;http:\/\/www.yachtworks.info\/gallery\/leopard27\/15.jpg&#8221; popup=&#8221;http:\/\/www.yachtworks.info\/gallery\/leopard27\/15.jpg&#8221; link_to_page=&#8221;&#8221; target=&#8221;&#8221; description=&#8221;&#8221; size=&#8221;four_col_large&#8221;]<\/p>\n<p>[\/one_fourth]<\/p>\n<p>[one_fourth]<\/p>\n<p>[lightbox style=&#8221;modern&#8221; image_path=&#8221;http:\/\/www.yachtworks.info\/gallery\/leopard27\/13.jpg&#8221; popup=&#8221;http:\/\/www.yachtworks.info\/gallery\/leopard27\/13.jpg&#8221; link_to_page=&#8221;&#8221; target=&#8221;&#8221; description=&#8221;&#8221; size=&#8221;four_col_large&#8221;]<\/p>\n<p>[\/one_fourth]<\/p>\n<p>[one_fourth]<\/p>\n<p>[lightbox style=&#8221;modern&#8221; image_path=&#8221;http:\/\/www.yachtworks.info\/gallery\/leopard27\/16.jpg&#8221; popup=&#8221;http:\/\/www.yachtworks.info\/gallery\/leopard27\/16.jpg&#8221; link_to_page=&#8221;&#8221; target=&#8221;&#8221; description=&#8221;&#8221; size=&#8221;four_col_large&#8221;]<\/p>\n<p>[\/one_fourth]<\/p>\n<p>[one_fourth]<\/p>\n<p>[lightbox style=&#8221;modern&#8221; image_path=&#8221;http:\/\/www.yachtworks.info\/gallery\/leopard27\/17.jpg&#8221; popup=&#8221;http:\/\/www.yachtworks.info\/gallery\/leopard27\/17.jpg&#8221; link_to_page=&#8221;&#8221; target=&#8221;&#8221; description=&#8221;&#8221; size=&#8221;four_col_large&#8221;]<\/p>\n<p>[\/one_fourth]<\/p>\n<p>[one_fourth]<\/p>\n<p>[lightbox style=&#8221;modern&#8221; image_path=&#8221;http:\/\/www.yachtworks.info\/gallery\/leopard27\/18.jpg&#8221; popup=&#8221;http:\/\/www.yachtworks.info\/gallery\/leopard27\/18.jpg&#8221; link_to_page=&#8221;&#8221; target=&#8221;&#8221; description=&#8221;&#8221; size=&#8221;four_col_large&#8221;]<\/p>\n<p>[\/one_fourth]<\/p>\n<p>[one_fourth]<\/p>\n<p>[lightbox style=&#8221;modern&#8221; image_path=&#8221;http:\/\/www.yachtworks.info\/gallery\/leopard27\/19.jpg&#8221; popup=&#8221;http:\/\/www.yachtworks.info\/gallery\/leopard27\/19.jpg&#8221; link_to_page=&#8221;&#8221; target=&#8221;&#8221; description=&#8221;&#8221; size=&#8221;four_col_large&#8221;]<\/p>\n<p>[\/one_fourth]<\/p>","protected":false},"excerpt":{"rendered":"<p>Hangarda k\u0131\u015flama Kaymaz Boya uygulamas\u0131 Arneson Bak\u0131mlar\u0131 Boiler De\u011fi\u015fimi Pasarella S\u00f6k\u00fcm &#038; Boya &#038; Montaj Makine ve Jenerat\u00f6r Bak\u0131mlar\u0131 Alternat\u00f6r ve Starter Servisi Ak\u00fc De\u011fi\u015fimleri [one_fourth] [lightbox style=&#8221;modern&#8221; image_path=&#8221;http:\/\/www.yachtworks.info\/gallery\/leopard27\/01.jpg&#8221; popup=&#8221;http:\/\/www.yachtworks.info\/gallery\/leopard27\/01.jpg&#8221; link_to_page=&#8221;&#8221; target=&#8221;&#8221; description=&#8221;&#8221; size=&#8221;four_col_large&#8221;] [\/one_fourth] [one_fourth] [lightbox style=&#8221;modern&#8221; image_path=&#8221;http:\/\/www.yachtworks.info\/gallery\/leopard27\/02.jpg&#8221; popup=&#8221;http:\/\/www.yachtworks.info\/gallery\/leopard27\/02.jpg&#8221;&hellip;<\/p>\n","protected":false},"author":1,"featured_media":0,"parent":0,"menu_order":0,"comment_status":"closed","ping_status":"closed","template":"","meta":{"footnotes":""},"class_list":["post-15989","page","type-page","status-publish","hentry"],"_links":{"self":[{"href":"https:\/\/yachtworks.info\/tr\/wp-json\/wp\/v2\/pages\/15989"}],"collection":[{"href":"https:\/\/yachtworks.info\/tr\/wp-json\/wp\/v2\/pages"}],"about":[{"href":"https:\/\/yachtworks.info\/tr\/wp-json\/wp\/v2\/types\/page"}],"author":[{"embeddable":true,"href":"https:\/\/yachtworks.info\/tr\/wp-json\/wp\/v2\/users\/1"}],"replies":[{"embeddable":true,"href":"https:\/\/yachtworks.info\/tr\/wp-json\/wp\/v2\/comments?post=15989"}],"version-history":[{"count":0,"href":"https:\/\/yachtworks.info\/tr\/wp-json\/wp\/v2\/pages\/15989\/revisions"}],"wp:attachment":[{"href":"https:\/\/yachtworks.info\/tr\/wp-json\/wp\/v2\/media?parent=15989"}],"curies":[{"name":"wp","href":"https:\/\/api.w.org\/{rel}","templated":true}]}}