{"id":16004,"date":"2017-02-24T13:36:52","date_gmt":"2017-02-24T11:36:52","guid":{"rendered":"http:\/\/yachtworks.info\/?page_id=16004"},"modified":"2017-02-24T13:36:52","modified_gmt":"2017-02-24T11:36:52","slug":"passoa-50","status":"publish","type":"page","link":"https:\/\/yachtworks.info\/tr\/passoa-50\/","title":{"rendered":"Passoa 50"},"content":{"rendered":"<p>Lumboz ve hatch plexi de\u011fi\u015fimleri<br \/>\nPeriyodik bak\u0131mlar<br \/>\nMotor bak\u0131mlar\u0131<br \/>\nYeni yelken \u00fcr\u00fcnleri<br \/>\n<\/p>","protected":false},"excerpt":{"rendered":"<p>Lumboz ve hatch plexi de\u011fi\u015fimleri Periyodik bak\u0131mlar Motor bak\u0131mlar\u0131 Yeni yelken \u00fcr\u00fcnleri<\/p>\n","protected":false},"author":1,"featured_media":0,"parent":0,"menu_order":0,"comment_status":"closed","ping_status":"closed","template":"","meta":{"footnotes":""},"class_list":["post-16004","page","type-page","status-publish","hentry"],"_links":{"self":[{"href":"https:\/\/yachtworks.info\/tr\/wp-json\/wp\/v2\/pages\/16004"}],"collection":[{"href":"https:\/\/yachtworks.info\/tr\/wp-json\/wp\/v2\/pages"}],"about":[{"href":"https:\/\/yachtworks.info\/tr\/wp-json\/wp\/v2\/types\/page"}],"author":[{"embeddable":true,"href":"https:\/\/yachtworks.info\/tr\/wp-json\/wp\/v2\/users\/1"}],"replies":[{"embeddable":true,"href":"https:\/\/yachtworks.info\/tr\/wp-json\/wp\/v2\/comments?post=16004"}],"version-history":[{"count":0,"href":"https:\/\/yachtworks.info\/tr\/wp-json\/wp\/v2\/pages\/16004\/revisions"}],"wp:attachment":[{"href":"https:\/\/yachtworks.info\/tr\/wp-json\/wp\/v2\/media?parent=16004"}],"curies":[{"name":"wp","href":"https:\/\/api.w.org\/{rel}","templated":true}]}}