{"id":16016,"date":"2017-02-28T14:24:57","date_gmt":"2017-02-28T12:24:57","guid":{"rendered":"http:\/\/yachtworks.info\/?page_id=16016"},"modified":"2017-02-28T14:24:57","modified_gmt":"2017-02-28T12:24:57","slug":"nimbus-370-coupe","status":"publish","type":"page","link":"https:\/\/yachtworks.info\/tr\/nimbus-370-coupe\/","title":{"rendered":"Nimbus 370 coupe"},"content":{"rendered":"<p>Man motor bak\u0131mlar\u0131<br \/>\nJenerat\u00f6r bak\u0131m\u0131<br \/>\nZehirli boya<\/p>","protected":false},"excerpt":{"rendered":"<p>Man motor bak\u0131mlar\u0131 Jenerat\u00f6r bak\u0131m\u0131 Zehirli boya<\/p>\n","protected":false},"author":1,"featured_media":0,"parent":0,"menu_order":0,"comment_status":"closed","ping_status":"closed","template":"","meta":{"footnotes":""},"class_list":["post-16016","page","type-page","status-publish","hentry"],"_links":{"self":[{"href":"https:\/\/yachtworks.info\/tr\/wp-json\/wp\/v2\/pages\/16016"}],"collection":[{"href":"https:\/\/yachtworks.info\/tr\/wp-json\/wp\/v2\/pages"}],"about":[{"href":"https:\/\/yachtworks.info\/tr\/wp-json\/wp\/v2\/types\/page"}],"author":[{"embeddable":true,"href":"https:\/\/yachtworks.info\/tr\/wp-json\/wp\/v2\/users\/1"}],"replies":[{"embeddable":true,"href":"https:\/\/yachtworks.info\/tr\/wp-json\/wp\/v2\/comments?post=16016"}],"version-history":[{"count":0,"href":"https:\/\/yachtworks.info\/tr\/wp-json\/wp\/v2\/pages\/16016\/revisions"}],"wp:attachment":[{"href":"https:\/\/yachtworks.info\/tr\/wp-json\/wp\/v2\/media?parent=16016"}],"curies":[{"name":"wp","href":"https:\/\/api.w.org\/{rel}","templated":true}]}}