{"id":16027,"date":"2017-03-14T13:57:30","date_gmt":"2017-03-14T11:57:30","guid":{"rendered":"http:\/\/yachtworks.info\/?page_id=16027"},"modified":"2017-03-14T13:57:30","modified_gmt":"2017-03-14T11:57:30","slug":"30-m-custom-sailing-yacht","status":"publish","type":"page","link":"https:\/\/yachtworks.info\/tr\/30-m-custom-sailing-yacht\/","title":{"rendered":"30 M Custom Sailing Yacht"},"content":{"rendered":"<p>\u015eaft yata\u011f\u0131 de\u011fi\u015fimleri<br \/>\nSalmastra De\u011fi\u015fimleri<br \/>\nPompa Bak\u0131mlar\u0131<\/p>\n<p>[one_fourth]<\/p>\n<p>[lightbox style=&#8221;modern&#8221; image_path=&#8221;http:\/\/www.yachtworks.info\/gallery\/30msailingyacht\/01.JPG&#8221; popup=&#8221;http:\/\/www.yachtworks.info\/gallery\/30msailingyacht\/01.JPG&#8221; link_to_page=&#8221;&#8221; target=&#8221;&#8221; description=&#8221;&#8221; size=&#8221;four_col_large&#8221;]<\/p>\n<p>[\/one_fourth]<\/p>\n<p>[one_fourth]<\/p>\n<p>[lightbox style=&#8221;modern&#8221; image_path=&#8221;http:\/\/www.yachtworks.info\/gallery\/30msailingyacht\/02.JPG&#8221; popup=&#8221;http:\/\/www.yachtworks.info\/gallery\/30msailingyacht\/02.JPG&#8221; link_to_page=&#8221;&#8221; target=&#8221;&#8221; description=&#8221;&#8221; size=&#8221;four_col_large&#8221;]<\/p>\n<p>[\/one_fourth]<\/p>\n<p>[one_fourth]<\/p>\n<p>[lightbox style=&#8221;modern&#8221; image_path=&#8221;http:\/\/www.yachtworks.info\/gallery\/30msailingyacht\/03.JPG&#8221; popup=&#8221;http:\/\/www.yachtworks.info\/gallery\/30msailingyacht\/03.JPG&#8221; link_to_page=&#8221;&#8221; target=&#8221;&#8221; description=&#8221;&#8221; size=&#8221;four_col_large&#8221;]<\/p>\n<p>[\/one_fourth]<\/p>\n<p>[one_fourth]<\/p>\n<p>[lightbox style=&#8221;modern&#8221; image_path=&#8221;http:\/\/www.yachtworks.info\/gallery\/30msailingyacht\/04.JPG&#8221; popup=&#8221;http:\/\/www.yachtworks.info\/gallery\/30msailingyacht\/04.JPG&#8221; link_to_page=&#8221;&#8221; target=&#8221;&#8221; description=&#8221;&#8221; size=&#8221;four_col_large&#8221;]<\/p>\n<p>[\/one_fourth]<\/p>\n<p>[one_fourth]<\/p>\n<p>[lightbox style=&#8221;modern&#8221; image_path=&#8221;http:\/\/www.yachtworks.info\/gallery\/30msailingyacht\/05.JPG&#8221; popup=&#8221;http:\/\/www.yachtworks.info\/gallery\/30msailingyacht\/05.JPG&#8221; link_to_page=&#8221;&#8221; target=&#8221;&#8221; description=&#8221;&#8221; size=&#8221;four_col_large&#8221;]<\/p>\n<p>[\/one_fourth]<br \/>\n<\/p>","protected":false},"excerpt":{"rendered":"<p>\u015eaft yata\u011f\u0131 de\u011fi\u015fimleri Salmastra De\u011fi\u015fimleri Pompa Bak\u0131mlar\u0131 [one_fourth] [lightbox style=&#8221;modern&#8221; image_path=&#8221;http:\/\/www.yachtworks.info\/gallery\/30msailingyacht\/01.JPG&#8221; popup=&#8221;http:\/\/www.yachtworks.info\/gallery\/30msailingyacht\/01.JPG&#8221; link_to_page=&#8221;&#8221; target=&#8221;&#8221; description=&#8221;&#8221; size=&#8221;four_col_large&#8221;] [\/one_fourth] [one_fourth] [lightbox style=&#8221;modern&#8221; image_path=&#8221;http:\/\/www.yachtworks.info\/gallery\/30msailingyacht\/02.JPG&#8221; popup=&#8221;http:\/\/www.yachtworks.info\/gallery\/30msailingyacht\/02.JPG&#8221; link_to_page=&#8221;&#8221; target=&#8221;&#8221; description=&#8221;&#8221; size=&#8221;four_col_large&#8221;] [\/one_fourth] [one_fourth] [lightbox style=&#8221;modern&#8221; image_path=&#8221;http:\/\/www.yachtworks.info\/gallery\/30msailingyacht\/03.JPG&#8221; popup=&#8221;http:\/\/www.yachtworks.info\/gallery\/30msailingyacht\/03.JPG&#8221; link_to_page=&#8221;&#8221; target=&#8221;&#8221; description=&#8221;&#8221; size=&#8221;four_col_large&#8221;] [\/one_fourth] [one_fourth] [lightbox style=&#8221;modern&#8221;&hellip;<\/p>\n","protected":false},"author":1,"featured_media":0,"parent":0,"menu_order":0,"comment_status":"closed","ping_status":"closed","template":"","meta":{"footnotes":""},"class_list":["post-16027","page","type-page","status-publish","hentry"],"_links":{"self":[{"href":"https:\/\/yachtworks.info\/tr\/wp-json\/wp\/v2\/pages\/16027"}],"collection":[{"href":"https:\/\/yachtworks.info\/tr\/wp-json\/wp\/v2\/pages"}],"about":[{"href":"https:\/\/yachtworks.info\/tr\/wp-json\/wp\/v2\/types\/page"}],"author":[{"embeddable":true,"href":"https:\/\/yachtworks.info\/tr\/wp-json\/wp\/v2\/users\/1"}],"replies":[{"embeddable":true,"href":"https:\/\/yachtworks.info\/tr\/wp-json\/wp\/v2\/comments?post=16027"}],"version-history":[{"count":0,"href":"https:\/\/yachtworks.info\/tr\/wp-json\/wp\/v2\/pages\/16027\/revisions"}],"wp:attachment":[{"href":"https:\/\/yachtworks.info\/tr\/wp-json\/wp\/v2\/media?parent=16027"}],"curies":[{"name":"wp","href":"https:\/\/api.w.org\/{rel}","templated":true}]}}