{"id":16238,"date":"2018-01-04T13:47:39","date_gmt":"2018-01-04T11:47:39","guid":{"rendered":"http:\/\/yachtworks.info\/?page_id=16238"},"modified":"2018-01-04T13:47:39","modified_gmt":"2018-01-04T11:47:39","slug":"nimbus-370","status":"publish","type":"page","link":"https:\/\/yachtworks.info\/tr\/nimbus-370\/","title":{"rendered":"Nimbus 370"},"content":{"rendered":"<p>Hangar k\u0131\u015flama<br \/>\n\u015eaft &#8211; Pervane de\u011fi\u015fim<br \/>\nMakina &#8211; Jenarat\u00f6r bak\u0131mlar\u0131<\/p>","protected":false},"excerpt":{"rendered":"<p>Hangar k\u0131\u015flama \u015eaft &#8211; Pervane de\u011fi\u015fim Makina &#8211; Jenarat\u00f6r bak\u0131mlar\u0131<\/p>\n","protected":false},"author":1,"featured_media":0,"parent":0,"menu_order":0,"comment_status":"closed","ping_status":"closed","template":"","meta":{"footnotes":""},"class_list":["post-16238","page","type-page","status-publish","hentry"],"_links":{"self":[{"href":"https:\/\/yachtworks.info\/tr\/wp-json\/wp\/v2\/pages\/16238"}],"collection":[{"href":"https:\/\/yachtworks.info\/tr\/wp-json\/wp\/v2\/pages"}],"about":[{"href":"https:\/\/yachtworks.info\/tr\/wp-json\/wp\/v2\/types\/page"}],"author":[{"embeddable":true,"href":"https:\/\/yachtworks.info\/tr\/wp-json\/wp\/v2\/users\/1"}],"replies":[{"embeddable":true,"href":"https:\/\/yachtworks.info\/tr\/wp-json\/wp\/v2\/comments?post=16238"}],"version-history":[{"count":0,"href":"https:\/\/yachtworks.info\/tr\/wp-json\/wp\/v2\/pages\/16238\/revisions"}],"wp:attachment":[{"href":"https:\/\/yachtworks.info\/tr\/wp-json\/wp\/v2\/media?parent=16238"}],"curies":[{"name":"wp","href":"https:\/\/api.w.org\/{rel}","templated":true}]}}