{"id":16242,"date":"2018-01-04T13:55:41","date_gmt":"2018-01-04T11:55:41","guid":{"rendered":"http:\/\/yachtworks.info\/?page_id=16242"},"modified":"2018-01-04T13:55:41","modified_gmt":"2018-01-04T11:55:41","slug":"apremare-maestro-56","status":"publish","type":"page","link":"https:\/\/yachtworks.info\/tr\/apremare-maestro-56\/","title":{"rendered":"Apremare Maestro 56"},"content":{"rendered":"<p>Borda Boya<br \/>\nG\u00fcverte sika de\u011fi\u015fimi<\/p>","protected":false},"excerpt":{"rendered":"<p>Borda Boya G\u00fcverte sika de\u011fi\u015fimi<\/p>\n","protected":false},"author":1,"featured_media":0,"parent":0,"menu_order":0,"comment_status":"closed","ping_status":"closed","template":"","meta":{"footnotes":""},"class_list":["post-16242","page","type-page","status-publish","hentry"],"_links":{"self":[{"href":"https:\/\/yachtworks.info\/tr\/wp-json\/wp\/v2\/pages\/16242"}],"collection":[{"href":"https:\/\/yachtworks.info\/tr\/wp-json\/wp\/v2\/pages"}],"about":[{"href":"https:\/\/yachtworks.info\/tr\/wp-json\/wp\/v2\/types\/page"}],"author":[{"embeddable":true,"href":"https:\/\/yachtworks.info\/tr\/wp-json\/wp\/v2\/users\/1"}],"replies":[{"embeddable":true,"href":"https:\/\/yachtworks.info\/tr\/wp-json\/wp\/v2\/comments?post=16242"}],"version-history":[{"count":0,"href":"https:\/\/yachtworks.info\/tr\/wp-json\/wp\/v2\/pages\/16242\/revisions"}],"wp:attachment":[{"href":"https:\/\/yachtworks.info\/tr\/wp-json\/wp\/v2\/media?parent=16242"}],"curies":[{"name":"wp","href":"https:\/\/api.w.org\/{rel}","templated":true}]}}