{"id":16601,"date":"2019-07-26T11:38:16","date_gmt":"2019-07-26T08:38:16","guid":{"rendered":"http:\/\/yachtworks.info\/?page_id=16601"},"modified":"2019-07-26T11:38:16","modified_gmt":"2019-07-26T08:38:16","slug":"owni-445","status":"publish","type":"page","link":"https:\/\/yachtworks.info\/tr\/owni-445\/","title":{"rendered":"Owni 445"},"content":{"rendered":"<p>Sualt\u0131 ve g\u00fcverte al\u00fcminyum tamir ve kaynak i\u015fleri<br \/>\nT\u00fcm i\u00e7 vernik i\u015fleri<br \/>\nG\u00fcverte boya uygulamas\u0131<br \/>\n\u00d6zel watt ve deniz modifikasyonu<br \/>\nSalma bak\u0131m<br \/>\nMotor revizyonu<br \/>\nSu \u00fcreticisi bak\u0131m\u0131<br \/>\nA\u00e7\u0131lmam\u0131\u015f direk ve boya uygulamas\u0131<br \/>\nSintine boya uygulamas\u0131<\/p>","protected":false},"excerpt":{"rendered":"<p>Sualt\u0131 ve g\u00fcverte al\u00fcminyum tamir ve kaynak i\u015fleri T\u00fcm i\u00e7 vernik i\u015fleri G\u00fcverte boya uygulamas\u0131 \u00d6zel watt ve deniz modifikasyonu Salma bak\u0131m Motor revizyonu Su \u00fcreticisi bak\u0131m\u0131 A\u00e7\u0131lmam\u0131\u015f direk ve boya uygulamas\u0131 Sintine boya uygulamas\u0131<\/p>\n","protected":false},"author":1,"featured_media":0,"parent":0,"menu_order":0,"comment_status":"closed","ping_status":"closed","template":"","meta":{"footnotes":""},"class_list":["post-16601","page","type-page","status-publish","hentry"],"_links":{"self":[{"href":"https:\/\/yachtworks.info\/tr\/wp-json\/wp\/v2\/pages\/16601"}],"collection":[{"href":"https:\/\/yachtworks.info\/tr\/wp-json\/wp\/v2\/pages"}],"about":[{"href":"https:\/\/yachtworks.info\/tr\/wp-json\/wp\/v2\/types\/page"}],"author":[{"embeddable":true,"href":"https:\/\/yachtworks.info\/tr\/wp-json\/wp\/v2\/users\/1"}],"replies":[{"embeddable":true,"href":"https:\/\/yachtworks.info\/tr\/wp-json\/wp\/v2\/comments?post=16601"}],"version-history":[{"count":0,"href":"https:\/\/yachtworks.info\/tr\/wp-json\/wp\/v2\/pages\/16601\/revisions"}],"wp:attachment":[{"href":"https:\/\/yachtworks.info\/tr\/wp-json\/wp\/v2\/media?parent=16601"}],"curies":[{"name":"wp","href":"https:\/\/api.w.org\/{rel}","templated":true}]}}