{"id":16603,"date":"2019-07-26T11:39:37","date_gmt":"2019-07-26T08:39:37","guid":{"rendered":"http:\/\/yachtworks.info\/?page_id=16603"},"modified":"2019-07-26T11:39:37","modified_gmt":"2019-07-26T08:39:37","slug":"bavaria-45-3","status":"publish","type":"page","link":"https:\/\/yachtworks.info\/tr\/bavaria-45-3\/","title":{"rendered":"Bavaria 45"},"content":{"rendered":"<p>G\u00f6vde jelkot onar\u0131m\u0131<br \/>\nTik zemin kaplamas\u0131<br \/>\nVernik i\u015flerinde<br \/>\nCArpenter \u00e7al\u0131\u015f\u0131r<br \/>\nHatch de\u011fi\u015ftirme<br \/>\n\u0130\u00e7 d\u00f6\u015feme i\u015fleri<br \/>\nG\u00f6vde vinili kaplama \/ sarma<br \/>\nZehirli boya uygulamas\u0131<br \/>\nMotor bak\u0131m\u0131<\/p>","protected":false},"excerpt":{"rendered":"<p>G\u00f6vde jelkot onar\u0131m\u0131 Tik zemin kaplamas\u0131 Vernik i\u015flerinde CArpenter \u00e7al\u0131\u015f\u0131r Hatch de\u011fi\u015ftirme \u0130\u00e7 d\u00f6\u015feme i\u015fleri G\u00f6vde vinili kaplama \/ sarma Zehirli boya uygulamas\u0131 Motor bak\u0131m\u0131<\/p>\n","protected":false},"author":1,"featured_media":0,"parent":0,"menu_order":0,"comment_status":"closed","ping_status":"closed","template":"","meta":{"footnotes":""},"class_list":["post-16603","page","type-page","status-publish","hentry"],"_links":{"self":[{"href":"https:\/\/yachtworks.info\/tr\/wp-json\/wp\/v2\/pages\/16603"}],"collection":[{"href":"https:\/\/yachtworks.info\/tr\/wp-json\/wp\/v2\/pages"}],"about":[{"href":"https:\/\/yachtworks.info\/tr\/wp-json\/wp\/v2\/types\/page"}],"author":[{"embeddable":true,"href":"https:\/\/yachtworks.info\/tr\/wp-json\/wp\/v2\/users\/1"}],"replies":[{"embeddable":true,"href":"https:\/\/yachtworks.info\/tr\/wp-json\/wp\/v2\/comments?post=16603"}],"version-history":[{"count":0,"href":"https:\/\/yachtworks.info\/tr\/wp-json\/wp\/v2\/pages\/16603\/revisions"}],"wp:attachment":[{"href":"https:\/\/yachtworks.info\/tr\/wp-json\/wp\/v2\/media?parent=16603"}],"curies":[{"name":"wp","href":"https:\/\/api.w.org\/{rel}","templated":true}]}}