{"id":16605,"date":"2019-07-26T11:41:42","date_gmt":"2019-07-26T08:41:42","guid":{"rendered":"http:\/\/yachtworks.info\/?page_id=16605"},"modified":"2019-07-26T11:41:42","modified_gmt":"2019-07-26T08:41:42","slug":"oceanis-42cc","status":"publish","type":"page","link":"https:\/\/yachtworks.info\/tr\/oceanis-42cc\/","title":{"rendered":"Oceanis 42CC"},"content":{"rendered":"<p>Tik zemin kaplamas\u0131<br \/>\nG\u00f6vde ve g\u00fcverte parlatma<br \/>\nArma de\u011fi\u015fimi<br \/>\nZehirli boya uygulamas\u0131<br \/>\nRollbar \u00fcretimi<br \/>\nMotor bak\u0131m\u0131<br \/>\nKapak ray\u0131 de\u011fi\u015fimi<\/p>","protected":false},"excerpt":{"rendered":"<p>Tik zemin kaplamas\u0131 G\u00f6vde ve g\u00fcverte parlatma Arma de\u011fi\u015fimi Zehirli boya uygulamas\u0131 Rollbar \u00fcretimi Motor bak\u0131m\u0131 Kapak ray\u0131 de\u011fi\u015fimi<\/p>\n","protected":false},"author":1,"featured_media":0,"parent":0,"menu_order":0,"comment_status":"closed","ping_status":"closed","template":"","meta":{"footnotes":""},"class_list":["post-16605","page","type-page","status-publish","hentry"],"_links":{"self":[{"href":"https:\/\/yachtworks.info\/tr\/wp-json\/wp\/v2\/pages\/16605"}],"collection":[{"href":"https:\/\/yachtworks.info\/tr\/wp-json\/wp\/v2\/pages"}],"about":[{"href":"https:\/\/yachtworks.info\/tr\/wp-json\/wp\/v2\/types\/page"}],"author":[{"embeddable":true,"href":"https:\/\/yachtworks.info\/tr\/wp-json\/wp\/v2\/users\/1"}],"replies":[{"embeddable":true,"href":"https:\/\/yachtworks.info\/tr\/wp-json\/wp\/v2\/comments?post=16605"}],"version-history":[{"count":0,"href":"https:\/\/yachtworks.info\/tr\/wp-json\/wp\/v2\/pages\/16605\/revisions"}],"wp:attachment":[{"href":"https:\/\/yachtworks.info\/tr\/wp-json\/wp\/v2\/media?parent=16605"}],"curies":[{"name":"wp","href":"https:\/\/api.w.org\/{rel}","templated":true}]}}