{"id":19531,"date":"2020-12-24T12:45:09","date_gmt":"2020-12-24T09:45:09","guid":{"rendered":"http:\/\/yachtworks.info\/?page_id=19531"},"modified":"2020-12-24T12:45:09","modified_gmt":"2020-12-24T09:45:09","slug":"tanton-40","status":"publish","type":"page","link":"https:\/\/yachtworks.info\/tr\/tanton-40\/","title":{"rendered":"TANTON 40"},"content":{"rendered":"<p>Borda Boya Uygulamas\u0131<br \/>\nDirek Bumba Baston Elyaf Laminasyon \/ Boyama<br \/>\nD\u00fcmen Yelpazesi Tadilat\u0131<br \/>\nG\u00fcverte Boya Uygulamas\u0131<\/p>","protected":false},"excerpt":{"rendered":"<p>Borda Boya Uygulamas\u0131 Direk Bumba Baston Elyaf Laminasyon \/ Boyama D\u00fcmen Yelpazesi Tadilat\u0131 G\u00fcverte Boya Uygulamas\u0131<\/p>\n","protected":false},"author":1,"featured_media":0,"parent":0,"menu_order":0,"comment_status":"closed","ping_status":"closed","template":"","meta":{"footnotes":""},"class_list":["post-19531","page","type-page","status-publish","hentry"],"_links":{"self":[{"href":"https:\/\/yachtworks.info\/tr\/wp-json\/wp\/v2\/pages\/19531"}],"collection":[{"href":"https:\/\/yachtworks.info\/tr\/wp-json\/wp\/v2\/pages"}],"about":[{"href":"https:\/\/yachtworks.info\/tr\/wp-json\/wp\/v2\/types\/page"}],"author":[{"embeddable":true,"href":"https:\/\/yachtworks.info\/tr\/wp-json\/wp\/v2\/users\/1"}],"replies":[{"embeddable":true,"href":"https:\/\/yachtworks.info\/tr\/wp-json\/wp\/v2\/comments?post=19531"}],"version-history":[{"count":0,"href":"https:\/\/yachtworks.info\/tr\/wp-json\/wp\/v2\/pages\/19531\/revisions"}],"wp:attachment":[{"href":"https:\/\/yachtworks.info\/tr\/wp-json\/wp\/v2\/media?parent=19531"}],"curies":[{"name":"wp","href":"https:\/\/api.w.org\/{rel}","templated":true}]}}