{"id":19540,"date":"2020-12-30T10:02:29","date_gmt":"2020-12-30T07:02:29","guid":{"rendered":"http:\/\/yachtworks.info\/?page_id=19540"},"modified":"2020-12-30T10:02:29","modified_gmt":"2020-12-30T07:02:29","slug":"aluminium-60-feet-custom-sail","status":"publish","type":"page","link":"https:\/\/yachtworks.info\/tr\/aluminium-60-feet-custom-sail\/","title":{"rendered":"Al\u00fcminyum 60 feet \u00d6zel Yelkenli"},"content":{"rendered":"<p>* Pruva Pervanesi montaj\u0131<br \/>\n* \u00c7\u0131karmaya ve tekrar takmaya devam edin<br \/>\n* Antifouling uygulamas\u0131<br \/>\n* Hull Strips boya uygulamas\u0131<\/p>","protected":false},"excerpt":{"rendered":"<p>* Pruva Pervanesi montaj\u0131 * \u00c7\u0131karmaya ve tekrar takmaya devam edin * Antifouling uygulamas\u0131 * Hull Strips boya uygulamas\u0131<\/p>\n","protected":false},"author":1,"featured_media":0,"parent":0,"menu_order":0,"comment_status":"closed","ping_status":"closed","template":"","meta":{"footnotes":""},"class_list":["post-19540","page","type-page","status-publish","hentry"],"_links":{"self":[{"href":"https:\/\/yachtworks.info\/tr\/wp-json\/wp\/v2\/pages\/19540"}],"collection":[{"href":"https:\/\/yachtworks.info\/tr\/wp-json\/wp\/v2\/pages"}],"about":[{"href":"https:\/\/yachtworks.info\/tr\/wp-json\/wp\/v2\/types\/page"}],"author":[{"embeddable":true,"href":"https:\/\/yachtworks.info\/tr\/wp-json\/wp\/v2\/users\/1"}],"replies":[{"embeddable":true,"href":"https:\/\/yachtworks.info\/tr\/wp-json\/wp\/v2\/comments?post=19540"}],"version-history":[{"count":0,"href":"https:\/\/yachtworks.info\/tr\/wp-json\/wp\/v2\/pages\/19540\/revisions"}],"wp:attachment":[{"href":"https:\/\/yachtworks.info\/tr\/wp-json\/wp\/v2\/media?parent=19540"}],"curies":[{"name":"wp","href":"https:\/\/api.w.org\/{rel}","templated":true}]}}