{"id":19548,"date":"2020-12-30T10:36:31","date_gmt":"2020-12-30T07:36:31","guid":{"rendered":"http:\/\/yachtworks.info\/?page_id=19548"},"modified":"2020-12-30T10:36:48","modified_gmt":"2020-12-30T07:36:48","slug":"bavaria-46","status":"publish","type":"page","link":"https:\/\/yachtworks.info\/tr\/bavaria-46\/","title":{"rendered":"Bavaria 46"},"content":{"rendered":"<p>* Antifouling uygulamas\u0131<br \/>\n* G\u00f6vde \u00dcst Yap\u0131s\u0131 Paslanmaz \u00c7elik Parlatma<br \/>\n* Salon pleksiglas de\u011fi\u015fimi<br \/>\n* Kapak doldurma de\u011fi\u015fimi<br \/>\n* Valf de\u011fi\u015fimi<\/p>","protected":false},"excerpt":{"rendered":"<p>* Antifouling uygulamas\u0131 * G\u00f6vde \u00dcst Yap\u0131s\u0131 Paslanmaz \u00c7elik Parlatma * Salon pleksiglas de\u011fi\u015fimi * Kapak doldurma de\u011fi\u015fimi * Valf de\u011fi\u015fimi<\/p>\n","protected":false},"author":1,"featured_media":0,"parent":0,"menu_order":0,"comment_status":"closed","ping_status":"closed","template":"","meta":{"footnotes":""},"class_list":["post-19548","page","type-page","status-publish","hentry"],"_links":{"self":[{"href":"https:\/\/yachtworks.info\/tr\/wp-json\/wp\/v2\/pages\/19548"}],"collection":[{"href":"https:\/\/yachtworks.info\/tr\/wp-json\/wp\/v2\/pages"}],"about":[{"href":"https:\/\/yachtworks.info\/tr\/wp-json\/wp\/v2\/types\/page"}],"author":[{"embeddable":true,"href":"https:\/\/yachtworks.info\/tr\/wp-json\/wp\/v2\/users\/1"}],"replies":[{"embeddable":true,"href":"https:\/\/yachtworks.info\/tr\/wp-json\/wp\/v2\/comments?post=19548"}],"version-history":[{"count":0,"href":"https:\/\/yachtworks.info\/tr\/wp-json\/wp\/v2\/pages\/19548\/revisions"}],"wp:attachment":[{"href":"https:\/\/yachtworks.info\/tr\/wp-json\/wp\/v2\/media?parent=19548"}],"curies":[{"name":"wp","href":"https:\/\/api.w.org\/{rel}","templated":true}]}}