{"id":19550,"date":"2020-12-30T10:38:38","date_gmt":"2020-12-30T07:38:38","guid":{"rendered":"http:\/\/yachtworks.info\/?page_id=19550"},"modified":"2020-12-30T10:38:38","modified_gmt":"2020-12-30T07:38:38","slug":"dufour-500","status":"publish","type":"page","link":"https:\/\/yachtworks.info\/tr\/dufour-500\/","title":{"rendered":"Dufour 500"},"content":{"rendered":"<p>* Omurga \u00e7\u0131karma ve yeniden takma<br \/>\n* Sualt\u0131 alan\u0131 CTP onar\u0131m\u0131<br \/>\n* Yelken tahrik bak\u0131m\u0131<br \/>\n* Tik g\u00fcverte z\u0131mparalama<\/p>","protected":false},"excerpt":{"rendered":"<p>* Omurga \u00e7\u0131karma ve yeniden takma * Sualt\u0131 alan\u0131 CTP onar\u0131m\u0131 * Yelken tahrik bak\u0131m\u0131 * Tik g\u00fcverte z\u0131mparalama<\/p>\n","protected":false},"author":1,"featured_media":0,"parent":0,"menu_order":0,"comment_status":"closed","ping_status":"closed","template":"","meta":{"footnotes":""},"class_list":["post-19550","page","type-page","status-publish","hentry"],"_links":{"self":[{"href":"https:\/\/yachtworks.info\/tr\/wp-json\/wp\/v2\/pages\/19550"}],"collection":[{"href":"https:\/\/yachtworks.info\/tr\/wp-json\/wp\/v2\/pages"}],"about":[{"href":"https:\/\/yachtworks.info\/tr\/wp-json\/wp\/v2\/types\/page"}],"author":[{"embeddable":true,"href":"https:\/\/yachtworks.info\/tr\/wp-json\/wp\/v2\/users\/1"}],"replies":[{"embeddable":true,"href":"https:\/\/yachtworks.info\/tr\/wp-json\/wp\/v2\/comments?post=19550"}],"version-history":[{"count":0,"href":"https:\/\/yachtworks.info\/tr\/wp-json\/wp\/v2\/pages\/19550\/revisions"}],"wp:attachment":[{"href":"https:\/\/yachtworks.info\/tr\/wp-json\/wp\/v2\/media?parent=19550"}],"curies":[{"name":"wp","href":"https:\/\/api.w.org\/{rel}","templated":true}]}}