{"id":19554,"date":"2020-12-30T10:41:27","date_gmt":"2020-12-30T07:41:27","guid":{"rendered":"http:\/\/yachtworks.info\/?page_id=19554"},"modified":"2020-12-30T10:41:27","modified_gmt":"2020-12-30T07:41:27","slug":"cardinal-46-2","status":"publish","type":"page","link":"https:\/\/yachtworks.info\/tr\/cardinal-46-2\/","title":{"rendered":"Cardinal 46"},"content":{"rendered":"<p>* A\u00e7ma ve atlama dire\u011fi<br \/>\n* Arma kontrol\u00fc<br \/>\n* Hull boya uygulamas\u0131 (AwlGrip)<br \/>\n* Antifouling uygulamas\u0131<\/p>","protected":false},"excerpt":{"rendered":"<p>* A\u00e7ma ve atlama dire\u011fi * Arma kontrol\u00fc * Hull boya uygulamas\u0131 (AwlGrip) * Antifouling uygulamas\u0131<\/p>\n","protected":false},"author":1,"featured_media":0,"parent":0,"menu_order":0,"comment_status":"closed","ping_status":"closed","template":"","meta":{"footnotes":""},"class_list":["post-19554","page","type-page","status-publish","hentry"],"_links":{"self":[{"href":"https:\/\/yachtworks.info\/tr\/wp-json\/wp\/v2\/pages\/19554"}],"collection":[{"href":"https:\/\/yachtworks.info\/tr\/wp-json\/wp\/v2\/pages"}],"about":[{"href":"https:\/\/yachtworks.info\/tr\/wp-json\/wp\/v2\/types\/page"}],"author":[{"embeddable":true,"href":"https:\/\/yachtworks.info\/tr\/wp-json\/wp\/v2\/users\/1"}],"replies":[{"embeddable":true,"href":"https:\/\/yachtworks.info\/tr\/wp-json\/wp\/v2\/comments?post=19554"}],"version-history":[{"count":0,"href":"https:\/\/yachtworks.info\/tr\/wp-json\/wp\/v2\/pages\/19554\/revisions"}],"wp:attachment":[{"href":"https:\/\/yachtworks.info\/tr\/wp-json\/wp\/v2\/media?parent=19554"}],"curies":[{"name":"wp","href":"https:\/\/api.w.org\/{rel}","templated":true}]}}