{"id":19558,"date":"2020-12-30T10:45:02","date_gmt":"2020-12-30T07:45:02","guid":{"rendered":"http:\/\/yachtworks.info\/?page_id=19558"},"modified":"2020-12-30T10:45:02","modified_gmt":"2020-12-30T07:45:02","slug":"ferretti-225-2","status":"publish","type":"page","link":"https:\/\/yachtworks.info\/tr\/ferretti-225-2\/","title":{"rendered":"Ferretti 225"},"content":{"rendered":"<p>* Antifouling uygulamas\u0131<br \/>\n* G\u00f6vde \u00dcst Yap\u0131s\u0131 Paslanmaz \u00c7elik Parlatma<\/p>","protected":false},"excerpt":{"rendered":"<p>* Antifouling uygulamas\u0131 * G\u00f6vde \u00dcst Yap\u0131s\u0131 Paslanmaz \u00c7elik Parlatma<\/p>\n","protected":false},"author":1,"featured_media":0,"parent":0,"menu_order":0,"comment_status":"closed","ping_status":"closed","template":"","meta":{"footnotes":""},"class_list":["post-19558","page","type-page","status-publish","hentry"],"_links":{"self":[{"href":"https:\/\/yachtworks.info\/tr\/wp-json\/wp\/v2\/pages\/19558"}],"collection":[{"href":"https:\/\/yachtworks.info\/tr\/wp-json\/wp\/v2\/pages"}],"about":[{"href":"https:\/\/yachtworks.info\/tr\/wp-json\/wp\/v2\/types\/page"}],"author":[{"embeddable":true,"href":"https:\/\/yachtworks.info\/tr\/wp-json\/wp\/v2\/users\/1"}],"replies":[{"embeddable":true,"href":"https:\/\/yachtworks.info\/tr\/wp-json\/wp\/v2\/comments?post=19558"}],"version-history":[{"count":0,"href":"https:\/\/yachtworks.info\/tr\/wp-json\/wp\/v2\/pages\/19558\/revisions"}],"wp:attachment":[{"href":"https:\/\/yachtworks.info\/tr\/wp-json\/wp\/v2\/media?parent=19558"}],"curies":[{"name":"wp","href":"https:\/\/api.w.org\/{rel}","templated":true}]}}