{"id":19564,"date":"2020-12-30T11:11:32","date_gmt":"2020-12-30T08:11:32","guid":{"rendered":"http:\/\/yachtworks.info\/?page_id=19564"},"modified":"2020-12-30T11:11:32","modified_gmt":"2020-12-30T08:11:32","slug":"solaris-76-2","status":"publish","type":"page","link":"https:\/\/yachtworks.info\/tr\/solaris-76-2\/","title":{"rendered":"Solaris 76"},"content":{"rendered":"<p>* Hull boya uygulamas\u0131 (AwlGrip)<br \/>\n* G\u00fcverte boya uygulamas\u0131 (AwlGrip)<br \/>\n* Kaymayan boya uygulamas\u0131 (AwlGrip)<br \/>\n* Direk ve bom boya uygulamas\u0131 (AwlGrip)<br \/>\n* Tik g\u00fcverte kalafatlama de\u011fi\u015fimi<br \/>\n* A\u00e7ma ve atlama dire\u011fi<br \/>\n* \u0130\u00e7 vernik i\u015fleri<br \/>\n* Motor ve jenerat\u00f6r bak\u0131m\u0131<br \/>\n* Mil yata\u011f\u0131 de\u011fi\u015fimi<br \/>\n* Gori pervane hizmeti<br \/>\n* Salmastra servisi<br \/>\n* Hidrolik sistem bak\u0131m\u0131<\/p>","protected":false},"excerpt":{"rendered":"<p>* Hull boya uygulamas\u0131 (AwlGrip) * G\u00fcverte boya uygulamas\u0131 (AwlGrip) * Kaymayan boya uygulamas\u0131 (AwlGrip) * Direk ve bom boya uygulamas\u0131 (AwlGrip) * Tik g\u00fcverte kalafatlama de\u011fi\u015fimi * A\u00e7ma ve atlama dire\u011fi * \u0130\u00e7 vernik i\u015fleri * Motor ve jenerat\u00f6r&hellip;<\/p>\n","protected":false},"author":1,"featured_media":0,"parent":0,"menu_order":0,"comment_status":"closed","ping_status":"closed","template":"","meta":{"footnotes":""},"class_list":["post-19564","page","type-page","status-publish","hentry"],"_links":{"self":[{"href":"https:\/\/yachtworks.info\/tr\/wp-json\/wp\/v2\/pages\/19564"}],"collection":[{"href":"https:\/\/yachtworks.info\/tr\/wp-json\/wp\/v2\/pages"}],"about":[{"href":"https:\/\/yachtworks.info\/tr\/wp-json\/wp\/v2\/types\/page"}],"author":[{"embeddable":true,"href":"https:\/\/yachtworks.info\/tr\/wp-json\/wp\/v2\/users\/1"}],"replies":[{"embeddable":true,"href":"https:\/\/yachtworks.info\/tr\/wp-json\/wp\/v2\/comments?post=19564"}],"version-history":[{"count":0,"href":"https:\/\/yachtworks.info\/tr\/wp-json\/wp\/v2\/pages\/19564\/revisions"}],"wp:attachment":[{"href":"https:\/\/yachtworks.info\/tr\/wp-json\/wp\/v2\/media?parent=19564"}],"curies":[{"name":"wp","href":"https:\/\/api.w.org\/{rel}","templated":true}]}}