{"id":19570,"date":"2020-12-30T11:18:06","date_gmt":"2020-12-30T08:18:06","guid":{"rendered":"http:\/\/yachtworks.info\/?page_id=19570"},"modified":"2020-12-30T11:18:06","modified_gmt":"2020-12-30T08:18:06","slug":"ferretti-navetta-33-customline","status":"publish","type":"page","link":"https:\/\/yachtworks.info\/tr\/ferretti-navetta-33-customline\/","title":{"rendered":"Ferretti Navetta 33 Customline"},"content":{"rendered":"<p>* MAN Motor bak\u0131m\u0131<br \/>\n* Jenerat\u00f6r bak\u0131m\u0131<br \/>\n* Antifouling uygulamas\u0131<br \/>\n* G\u00f6vde ve \u00dcstyap\u0131 ve Paslanmaz \u00c7elik parlatma<br \/>\n* Servisle ilgilen<\/p>","protected":false},"excerpt":{"rendered":"<p>* MAN Motor bak\u0131m\u0131 * Jenerat\u00f6r bak\u0131m\u0131 * Antifouling uygulamas\u0131 * G\u00f6vde ve \u00dcstyap\u0131 ve Paslanmaz \u00c7elik parlatma * Servisle ilgilen<\/p>\n","protected":false},"author":1,"featured_media":0,"parent":0,"menu_order":0,"comment_status":"closed","ping_status":"closed","template":"","meta":{"footnotes":""},"class_list":["post-19570","page","type-page","status-publish","hentry"],"_links":{"self":[{"href":"https:\/\/yachtworks.info\/tr\/wp-json\/wp\/v2\/pages\/19570"}],"collection":[{"href":"https:\/\/yachtworks.info\/tr\/wp-json\/wp\/v2\/pages"}],"about":[{"href":"https:\/\/yachtworks.info\/tr\/wp-json\/wp\/v2\/types\/page"}],"author":[{"embeddable":true,"href":"https:\/\/yachtworks.info\/tr\/wp-json\/wp\/v2\/users\/1"}],"replies":[{"embeddable":true,"href":"https:\/\/yachtworks.info\/tr\/wp-json\/wp\/v2\/comments?post=19570"}],"version-history":[{"count":0,"href":"https:\/\/yachtworks.info\/tr\/wp-json\/wp\/v2\/pages\/19570\/revisions"}],"wp:attachment":[{"href":"https:\/\/yachtworks.info\/tr\/wp-json\/wp\/v2\/media?parent=19570"}],"curies":[{"name":"wp","href":"https:\/\/api.w.org\/{rel}","templated":true}]}}