{"id":19572,"date":"2020-12-30T11:19:41","date_gmt":"2020-12-30T08:19:41","guid":{"rendered":"http:\/\/yachtworks.info\/?page_id=19572"},"modified":"2020-12-30T11:21:19","modified_gmt":"2020-12-30T08:21:19","slug":"sun-odyssey-45-2","status":"publish","type":"page","link":"https:\/\/yachtworks.info\/tr\/sun-odyssey-45-2\/","title":{"rendered":"Sun Odyssey 45"},"content":{"rendered":"<p>* Antifouling boya uygulamas\u0131<br \/>\n* G\u00f6vde ve \u00dcstyap\u0131 ve Paslanmaz \u00c7elik parlatma<br \/>\n* Valf de\u011fi\u015fimi<br \/>\n* D\u00f6\u015feme i\u015fleri<br \/>\n* Ceeling panel de\u011fi\u015fimi<br \/>\n* D\u0131\u015ftan takma bak\u0131m<br \/>\n* Yanmar Motor Bak\u0131m\u0131<br \/>\n* Vin\u00e7 bak\u0131m\u0131<br \/>\n* Irgat bak\u0131m\u0131<\/p>","protected":false},"excerpt":{"rendered":"<p>* Antifouling boya uygulamas\u0131 * G\u00f6vde ve \u00dcstyap\u0131 ve Paslanmaz \u00c7elik parlatma * Valf de\u011fi\u015fimi * D\u00f6\u015feme i\u015fleri * Ceeling panel de\u011fi\u015fimi * D\u0131\u015ftan takma bak\u0131m * Yanmar Motor Bak\u0131m\u0131 * Vin\u00e7 bak\u0131m\u0131 * Irgat bak\u0131m\u0131<\/p>\n","protected":false},"author":1,"featured_media":0,"parent":0,"menu_order":0,"comment_status":"closed","ping_status":"closed","template":"","meta":{"footnotes":""},"class_list":["post-19572","page","type-page","status-publish","hentry"],"_links":{"self":[{"href":"https:\/\/yachtworks.info\/tr\/wp-json\/wp\/v2\/pages\/19572"}],"collection":[{"href":"https:\/\/yachtworks.info\/tr\/wp-json\/wp\/v2\/pages"}],"about":[{"href":"https:\/\/yachtworks.info\/tr\/wp-json\/wp\/v2\/types\/page"}],"author":[{"embeddable":true,"href":"https:\/\/yachtworks.info\/tr\/wp-json\/wp\/v2\/users\/1"}],"replies":[{"embeddable":true,"href":"https:\/\/yachtworks.info\/tr\/wp-json\/wp\/v2\/comments?post=19572"}],"version-history":[{"count":0,"href":"https:\/\/yachtworks.info\/tr\/wp-json\/wp\/v2\/pages\/19572\/revisions"}],"wp:attachment":[{"href":"https:\/\/yachtworks.info\/tr\/wp-json\/wp\/v2\/media?parent=19572"}],"curies":[{"name":"wp","href":"https:\/\/api.w.org\/{rel}","templated":true}]}}